{"id":61803,"date":"2026-03-02T13:20:28","date_gmt":"2026-03-02T16:20:28","guid":{"rendered":"https:\/\/rms-enlinea.com.ar\/tienda\/producto\/interno-gigabyte-gp-gsm2ne3128gntd-128gb\/"},"modified":"2026-04-06T14:09:30","modified_gmt":"2026-04-06T17:09:30","slug":"interno-gigabyte-gp-gsm2ne3128gntd-128gb","status":"publish","type":"product","link":"https:\/\/rms-enlinea.com.ar\/tienda\/producto\/interno-gigabyte-gp-gsm2ne3128gntd-128gb\/","title":{"rendered":"Disco S\u00f3lido Interno Gigabyte Gp-gsm2ne3128gntd 128gb Nvme"},"content":{"rendered":"<p>Con la unidad en estado s\u00f3lido Gigabyte vas a incrementar la capacidad de respuesta de tu equipo. Gracias a esta tecnolog\u00eda podr\u00e1s invertir en velocidad y eficiencia para el inicio, la carga y la transferencia de datos.<\/p>\n<p>M\u00e1s velocidad a tu alcance<br \/>\nEste disco transfiere datos a trav\u00e9s de una interfaz PCIe 3.0, lo que te brindar\u00e1 trasmitir una mayor cantidad de informaci\u00f3n de una sola vez.<\/p>\n","protected":false},"excerpt":{"rendered":"<p>Con la unidad en estado s\u00f3lido Gigabyte vas a incrementar la capacidad de respuesta de tu equipo. Gracias a esta tecnolog\u00eda podr\u00e1s invertir en velocidad y eficiencia para el inicio, la carga y la transferencia de datos. M\u00e1s velocidad a tu alcance Este disco transfiere datos a trav\u00e9s de una interfaz PCIe 3.0, lo que [&hellip;]<\/p>\n","protected":false},"featured_media":61804,"comment_status":"open","ping_status":"closed","template":"","meta":{"_uag_custom_page_level_css":""},"product_brand":[532],"product_cat":[106,15],"product_tag":[],"class_list":{"0":"post-61803","1":"product","2":"type-product","3":"status-publish","4":"has-post-thumbnail","6":"product_brand-gigabyte","7":"product_cat-discos-rigidos-ssd","8":"product_cat-sin-categorizar","10":"first","11":"outofstock","12":"sale","13":"taxable","14":"shipping-taxable","15":"purchasable","16":"product-type-simple"},"uagb_featured_image_src":{"full":["https:\/\/rms-enlinea.com.ar\/wp-content\/uploads\/2026\/03\/D_697950-MLA100009168425_122025-F.jpg",1079,301,false],"thumbnail":["https:\/\/rms-enlinea.com.ar\/wp-content\/uploads\/2026\/03\/D_697950-MLA100009168425_122025-F-150x150.jpg",150,150,true],"medium":["https:\/\/rms-enlinea.com.ar\/wp-content\/uploads\/2026\/03\/D_697950-MLA100009168425_122025-F-300x84.jpg",300,84,true],"medium_large":["https:\/\/rms-enlinea.com.ar\/wp-content\/uploads\/2026\/03\/D_697950-MLA100009168425_122025-F-768x214.jpg",768,214,true],"large":["https:\/\/rms-enlinea.com.ar\/wp-content\/uploads\/2026\/03\/D_697950-MLA100009168425_122025-F-1024x286.jpg",1024,286,true],"1536x1536":["https:\/\/rms-enlinea.com.ar\/wp-content\/uploads\/2026\/03\/D_697950-MLA100009168425_122025-F.jpg",1079,301,false],"2048x2048":["https:\/\/rms-enlinea.com.ar\/wp-content\/uploads\/2026\/03\/D_697950-MLA100009168425_122025-F.jpg",1079,301,false],"woocommerce_thumbnail":["https:\/\/rms-enlinea.com.ar\/wp-content\/uploads\/2026\/03\/D_697950-MLA100009168425_122025-F-450x301.jpg",450,301,true],"woocommerce_single":["https:\/\/rms-enlinea.com.ar\/wp-content\/uploads\/2026\/03\/D_697950-MLA100009168425_122025-F-600x167.jpg",600,167,true],"woocommerce_gallery_thumbnail":["https:\/\/rms-enlinea.com.ar\/wp-content\/uploads\/2026\/03\/D_697950-MLA100009168425_122025-F-100x100.jpg",100,100,true]},"uagb_author_info":{"display_name":"nelson","author_link":"https:\/\/rms-enlinea.com.ar\/tienda\/author\/"},"uagb_comment_info":0,"uagb_excerpt":"Con la unidad en estado s\u00f3lido Gigabyte vas a incrementar la capacidad de respuesta de tu equipo. Gracias a esta tecnolog\u00eda podr\u00e1s invertir en velocidad y eficiencia para el inicio, la carga y la transferencia de datos. M\u00e1s velocidad a tu alcance Este disco transfiere datos a trav\u00e9s de una interfaz PCIe 3.0, lo que&hellip;","_links":{"self":[{"href":"https:\/\/rms-enlinea.com.ar\/tienda\/wp-json\/wp\/v2\/product\/61803","targetHints":{"allow":["GET"]}}],"collection":[{"href":"https:\/\/rms-enlinea.com.ar\/tienda\/wp-json\/wp\/v2\/product"}],"about":[{"href":"https:\/\/rms-enlinea.com.ar\/tienda\/wp-json\/wp\/v2\/types\/product"}],"replies":[{"embeddable":true,"href":"https:\/\/rms-enlinea.com.ar\/tienda\/wp-json\/wp\/v2\/comments?post=61803"}],"wp:featuredmedia":[{"embeddable":true,"href":"https:\/\/rms-enlinea.com.ar\/tienda\/wp-json\/wp\/v2\/media\/61804"}],"wp:attachment":[{"href":"https:\/\/rms-enlinea.com.ar\/tienda\/wp-json\/wp\/v2\/media?parent=61803"}],"wp:term":[{"taxonomy":"product_brand","embeddable":true,"href":"https:\/\/rms-enlinea.com.ar\/tienda\/wp-json\/wp\/v2\/product_brand?post=61803"},{"taxonomy":"product_cat","embeddable":true,"href":"https:\/\/rms-enlinea.com.ar\/tienda\/wp-json\/wp\/v2\/product_cat?post=61803"},{"taxonomy":"product_tag","embeddable":true,"href":"https:\/\/rms-enlinea.com.ar\/tienda\/wp-json\/wp\/v2\/product_tag?post=61803"}],"curies":[{"name":"wp","href":"https:\/\/api.w.org\/{rel}","templated":true}]}}