{"id":61815,"date":"2026-03-03T00:10:29","date_gmt":"2026-03-03T03:10:29","guid":{"rendered":"https:\/\/rms-enlinea.com.ar\/tienda\/producto\/escritorio-gamer-raptor-glow-station-se-rgb-p-vaso-p-auri\/"},"modified":"2026-04-21T06:37:36","modified_gmt":"2026-04-21T09:37:36","slug":"escritorio-gamer-raptor-glow-station-se-rgb-p-vaso-p-auri","status":"publish","type":"product","link":"https:\/\/rms-enlinea.com.ar\/tienda\/producto\/escritorio-gamer-raptor-glow-station-se-rgb-p-vaso-p-auri\/","title":{"rendered":"Escritorio Gamer Raptor Glow Station Se Rgb P\/vaso P\/auri"},"content":{"rendered":"<p>Marca\tRaptor<br \/>Modelo\tRAP-ESC-SE-RGB<br \/>Requiere ensamblado\tS\u00ed<br \/>Material\tMelamina, Fibra de carbono, MDF<br \/>Es gamer\tS\u00ed<br \/>Con control de luz insertada\tS\u00ed<br \/>Dimensi\u00f3n de la mesa\t<br \/>Largo 140cm; Profunidad 70cm; Altura 73 cm<br \/>Dimensi\u00f3n de la caja \t<br \/>142.5*65*8.5cm<br \/>Peso\t25kg<br \/>Resistencia din\u00e1mica\t70kg<br \/>Resistencia est\u00e1tica\t200kg<br \/>Incluye gancho para auriculares\tS\u00ed<br \/>Incluye gancho para vaso\tS\u00ed<br \/>Incluye caja organizadora de cables\tS\u00ed<br \/>Acabado\tMate<\/p>\n","protected":false},"excerpt":{"rendered":"<p>Marca RaptorModelo RAP-ESC-SE-RGBRequiere ensamblado S\u00edMaterial Melamina, Fibra de carbono, MDFEs gamer S\u00edCon control de luz insertada S\u00edDimensi\u00f3n de la mesa Largo 140cm; Profunidad 70cm; Altura 73 cmDimensi\u00f3n de la caja 142.5*65*8.5cmPeso 25kgResistencia din\u00e1mica 70kgResistencia est\u00e1tica 200kgIncluye gancho para auriculares S\u00edIncluye gancho para vaso S\u00edIncluye caja organizadora de cables S\u00edAcabado Mate<\/p>\n","protected":false},"featured_media":61816,"comment_status":"open","ping_status":"closed","template":"","meta":{"_uag_custom_page_level_css":""},"product_brand":[565],"product_cat":[631,15],"product_tag":[],"class_list":{"0":"post-61815","1":"product","2":"type-product","3":"status-publish","4":"has-post-thumbnail","6":"product_brand-raptor","7":"product_cat-escritoriosgamer","8":"product_cat-sin-categorizar","10":"first","11":"outofstock","12":"sale","13":"taxable","14":"shipping-taxable","15":"purchasable","16":"product-type-simple"},"uagb_featured_image_src":{"full":["https:\/\/rms-enlinea.com.ar\/wp-content\/uploads\/2026\/03\/D_872753-MLA107977049551_032026-F.jpg",1188,1094,false],"thumbnail":["https:\/\/rms-enlinea.com.ar\/wp-content\/uploads\/2026\/03\/D_872753-MLA107977049551_032026-F-150x150.jpg",150,150,true],"medium":["https:\/\/rms-enlinea.com.ar\/wp-content\/uploads\/2026\/03\/D_872753-MLA107977049551_032026-F-300x276.jpg",300,276,true],"medium_large":["https:\/\/rms-enlinea.com.ar\/wp-content\/uploads\/2026\/03\/D_872753-MLA107977049551_032026-F-768x707.jpg",768,707,true],"large":["https:\/\/rms-enlinea.com.ar\/wp-content\/uploads\/2026\/03\/D_872753-MLA107977049551_032026-F-1024x943.jpg",1024,943,true],"1536x1536":["https:\/\/rms-enlinea.com.ar\/wp-content\/uploads\/2026\/03\/D_872753-MLA107977049551_032026-F.jpg",1188,1094,false],"2048x2048":["https:\/\/rms-enlinea.com.ar\/wp-content\/uploads\/2026\/03\/D_872753-MLA107977049551_032026-F.jpg",1188,1094,false],"woocommerce_thumbnail":["https:\/\/rms-enlinea.com.ar\/wp-content\/uploads\/2026\/03\/D_872753-MLA107977049551_032026-F-450x450.jpg",450,450,true],"woocommerce_single":["https:\/\/rms-enlinea.com.ar\/wp-content\/uploads\/2026\/03\/D_872753-MLA107977049551_032026-F-600x553.jpg",600,553,true],"woocommerce_gallery_thumbnail":["https:\/\/rms-enlinea.com.ar\/wp-content\/uploads\/2026\/03\/D_872753-MLA107977049551_032026-F-100x100.jpg",100,100,true]},"uagb_author_info":{"display_name":"nelson","author_link":"https:\/\/rms-enlinea.com.ar\/tienda\/author\/"},"uagb_comment_info":0,"uagb_excerpt":"Marca RaptorModelo RAP-ESC-SE-RGBRequiere ensamblado S\u00edMaterial Melamina, Fibra de carbono, MDFEs gamer S\u00edCon control de luz insertada S\u00edDimensi\u00f3n de la mesa Largo 140cm; Profunidad 70cm; Altura 73 cmDimensi\u00f3n de la caja 142.5*65*8.5cmPeso 25kgResistencia din\u00e1mica 70kgResistencia est\u00e1tica 200kgIncluye gancho para auriculares S\u00edIncluye gancho para vaso S\u00edIncluye caja organizadora de cables S\u00edAcabado Mate","_links":{"self":[{"href":"https:\/\/rms-enlinea.com.ar\/tienda\/wp-json\/wp\/v2\/product\/61815","targetHints":{"allow":["GET"]}}],"collection":[{"href":"https:\/\/rms-enlinea.com.ar\/tienda\/wp-json\/wp\/v2\/product"}],"about":[{"href":"https:\/\/rms-enlinea.com.ar\/tienda\/wp-json\/wp\/v2\/types\/product"}],"replies":[{"embeddable":true,"href":"https:\/\/rms-enlinea.com.ar\/tienda\/wp-json\/wp\/v2\/comments?post=61815"}],"wp:featuredmedia":[{"embeddable":true,"href":"https:\/\/rms-enlinea.com.ar\/tienda\/wp-json\/wp\/v2\/media\/61816"}],"wp:attachment":[{"href":"https:\/\/rms-enlinea.com.ar\/tienda\/wp-json\/wp\/v2\/media?parent=61815"}],"wp:term":[{"taxonomy":"product_brand","embeddable":true,"href":"https:\/\/rms-enlinea.com.ar\/tienda\/wp-json\/wp\/v2\/product_brand?post=61815"},{"taxonomy":"product_cat","embeddable":true,"href":"https:\/\/rms-enlinea.com.ar\/tienda\/wp-json\/wp\/v2\/product_cat?post=61815"},{"taxonomy":"product_tag","embeddable":true,"href":"https:\/\/rms-enlinea.com.ar\/tienda\/wp-json\/wp\/v2\/product_tag?post=61815"}],"curies":[{"name":"wp","href":"https:\/\/api.w.org\/{rel}","templated":true}]}}