{"id":61821,"date":"2026-03-03T11:30:21","date_gmt":"2026-03-03T14:30:21","guid":{"rendered":"https:\/\/rms-enlinea.com.ar\/tienda\/producto\/proyector-tiro-corto-benq-mw826sth-dlp-3500lum-wxga-1280x800\/"},"modified":"2026-04-21T06:43:09","modified_gmt":"2026-04-21T09:43:09","slug":"proyector-tiro-corto-benq-mw826sth-dlp-3500lum-wxga-1280x800","status":"publish","type":"product","link":"https:\/\/rms-enlinea.com.ar\/tienda\/producto\/proyector-tiro-corto-benq-mw826sth-dlp-3500lum-wxga-1280x800\/","title":{"rendered":"Proyector Tiro Corto Benq Mw826sth Dlp 3500lum Wxga 1280&#215;800"},"content":{"rendered":"<p>El proyector BenQ MW826STH es la soluci\u00f3n ideal para presentaciones en espacios reducidos. Con su tecnolog\u00eda DLP y un brillo de 3500 l\u00famenes, garantiza im\u00e1genes n\u00edtidas y vibrantes, incluso en entornos iluminados. Su resoluci\u00f3n nativa de 1280 x 800 px permite una visualizaci\u00f3n clara de textos y gr\u00e1ficos, haciendo que cada detalle cuente.<\/p>\n<p>Dise\u00f1ado para facilitar su uso, este proyector cuenta con un control remoto que permite manejarlo c\u00f3modamente desde cualquier lugar de la sala. Su relaci\u00f3n de contraste de 20000:1 asegura que los colores sean m\u00e1s profundos y los negros m\u00e1s intensos, mejorando la experiencia visual. Adem\u00e1s, su emisi\u00f3n de sonido en modo normal es de 33 dB, lo que lo convierte en una opci\u00f3n silenciosa para cualquier presentaci\u00f3n.<\/p>\n<p>El modelo MW826STH es perfecto para aulas, salas de reuniones o incluso para disfrutar de pel\u00edculas en casa. Su consumo energ\u00e9tico de 260 W y su dise\u00f1o en color blanco lo hacen no solo eficiente, sino tambi\u00e9n est\u00e9ticamente agradable. Con un zoom fijo y una frecuencia de sincronizaci\u00f3n horizontal de 15 kHz a 102 kHz, se adapta a diversas configuraciones de proyecci\u00f3n.<\/p>\n<p>Este proyector no incluye conectividad Wi-Fi, lo que lo hace ideal para quienes prefieren conexiones por cable. Su parlante integrado proporciona un sonido adecuado para presentaciones, eliminando la necesidad de equipos adicionales. Con el BenQ MW826STH, cada presentaci\u00f3n se convierte en una experiencia memorable.<\/p>\n","protected":false},"excerpt":{"rendered":"<p>El proyector BenQ MW826STH es la soluci\u00f3n ideal para presentaciones en espacios reducidos. Con su tecnolog\u00eda DLP y un brillo de 3500 l\u00famenes, garantiza im\u00e1genes n\u00edtidas y vibrantes, incluso en entornos iluminados. Su resoluci\u00f3n nativa de 1280 x 800 px permite una visualizaci\u00f3n clara de textos y gr\u00e1ficos, haciendo que cada detalle cuente. Dise\u00f1ado para [&hellip;]<\/p>\n","protected":false},"featured_media":61822,"comment_status":"open","ping_status":"closed","template":"","meta":{"_uag_custom_page_level_css":""},"product_brand":[584],"product_cat":[615,15],"product_tag":[],"class_list":{"0":"post-61821","1":"product","2":"type-product","3":"status-publish","4":"has-post-thumbnail","6":"product_brand-benq","7":"product_cat-proyectores","8":"product_cat-sin-categorizar","10":"first","11":"outofstock","12":"sale","13":"taxable","14":"shipping-taxable","15":"purchasable","16":"product-type-simple"},"uagb_featured_image_src":{"full":["https:\/\/rms-enlinea.com.ar\/wp-content\/uploads\/2026\/03\/D_864273-MLA107307817676_032026-F.jpg",1200,710,false],"thumbnail":["https:\/\/rms-enlinea.com.ar\/wp-content\/uploads\/2026\/03\/D_864273-MLA107307817676_032026-F-150x150.jpg",150,150,true],"medium":["https:\/\/rms-enlinea.com.ar\/wp-content\/uploads\/2026\/03\/D_864273-MLA107307817676_032026-F-300x178.jpg",300,178,true],"medium_large":["https:\/\/rms-enlinea.com.ar\/wp-content\/uploads\/2026\/03\/D_864273-MLA107307817676_032026-F-768x454.jpg",768,454,true],"large":["https:\/\/rms-enlinea.com.ar\/wp-content\/uploads\/2026\/03\/D_864273-MLA107307817676_032026-F-1024x606.jpg",1024,606,true],"1536x1536":["https:\/\/rms-enlinea.com.ar\/wp-content\/uploads\/2026\/03\/D_864273-MLA107307817676_032026-F.jpg",1200,710,false],"2048x2048":["https:\/\/rms-enlinea.com.ar\/wp-content\/uploads\/2026\/03\/D_864273-MLA107307817676_032026-F.jpg",1200,710,false],"woocommerce_thumbnail":["https:\/\/rms-enlinea.com.ar\/wp-content\/uploads\/2026\/03\/D_864273-MLA107307817676_032026-F-450x450.jpg",450,450,true],"woocommerce_single":["https:\/\/rms-enlinea.com.ar\/wp-content\/uploads\/2026\/03\/D_864273-MLA107307817676_032026-F-600x355.jpg",600,355,true],"woocommerce_gallery_thumbnail":["https:\/\/rms-enlinea.com.ar\/wp-content\/uploads\/2026\/03\/D_864273-MLA107307817676_032026-F-100x100.jpg",100,100,true]},"uagb_author_info":{"display_name":"nelson","author_link":"https:\/\/rms-enlinea.com.ar\/tienda\/author\/"},"uagb_comment_info":0,"uagb_excerpt":"El proyector BenQ MW826STH es la soluci\u00f3n ideal para presentaciones en espacios reducidos. Con su tecnolog\u00eda DLP y un brillo de 3500 l\u00famenes, garantiza im\u00e1genes n\u00edtidas y vibrantes, incluso en entornos iluminados. Su resoluci\u00f3n nativa de 1280 x 800 px permite una visualizaci\u00f3n clara de textos y gr\u00e1ficos, haciendo que cada detalle cuente. Dise\u00f1ado para&hellip;","_links":{"self":[{"href":"https:\/\/rms-enlinea.com.ar\/tienda\/wp-json\/wp\/v2\/product\/61821","targetHints":{"allow":["GET"]}}],"collection":[{"href":"https:\/\/rms-enlinea.com.ar\/tienda\/wp-json\/wp\/v2\/product"}],"about":[{"href":"https:\/\/rms-enlinea.com.ar\/tienda\/wp-json\/wp\/v2\/types\/product"}],"replies":[{"embeddable":true,"href":"https:\/\/rms-enlinea.com.ar\/tienda\/wp-json\/wp\/v2\/comments?post=61821"}],"wp:featuredmedia":[{"embeddable":true,"href":"https:\/\/rms-enlinea.com.ar\/tienda\/wp-json\/wp\/v2\/media\/61822"}],"wp:attachment":[{"href":"https:\/\/rms-enlinea.com.ar\/tienda\/wp-json\/wp\/v2\/media?parent=61821"}],"wp:term":[{"taxonomy":"product_brand","embeddable":true,"href":"https:\/\/rms-enlinea.com.ar\/tienda\/wp-json\/wp\/v2\/product_brand?post=61821"},{"taxonomy":"product_cat","embeddable":true,"href":"https:\/\/rms-enlinea.com.ar\/tienda\/wp-json\/wp\/v2\/product_cat?post=61821"},{"taxonomy":"product_tag","embeddable":true,"href":"https:\/\/rms-enlinea.com.ar\/tienda\/wp-json\/wp\/v2\/product_tag?post=61821"}],"curies":[{"name":"wp","href":"https:\/\/api.w.org\/{rel}","templated":true}]}}