{"id":61832,"date":"2026-03-03T13:50:11","date_gmt":"2026-03-03T16:50:11","guid":{"rendered":"https:\/\/rms-enlinea.com.ar\/tienda\/producto\/mouse-genius-ergonomico-8200s-inalambrico-purpura-violeta\/"},"modified":"2026-04-21T06:57:27","modified_gmt":"2026-04-21T09:57:27","slug":"mouse-genius-ergonomico-8200s-inalambrico-purpura-violeta","status":"publish","type":"product","link":"https:\/\/rms-enlinea.com.ar\/tienda\/producto\/mouse-genius-ergonomico-8200s-inalambrico-purpura-violeta\/","title":{"rendered":"Mouse Genius Ergonomico 8200s Inalambrico Purpura Violeta"},"content":{"rendered":"<p>ERGO-8200S<br \/>\nRAT\u00d3N SILENCIOSO INAL\u00c1MBRICO ERGON\u00d3MICO<br \/>\nDISE\u00d1O ERGON\u00d3MICO MENOS FATIGA Y 5 BOTONES<br \/>\nErgo 8200S combina funciones avanzadas, como forma ergon\u00f3mica para comodidad de la palma y la mu\u00f1eca, clic silencioso, rueda de desplazamiento leve, 5 botones con Page Up y Page Down adicionales para p\u00e1gina web.<br \/>\nDISE\u00d1O DE INTERRUPTOR SILENCIOSO<br \/>\nDise\u00f1o de interruptor silencioso que reduce el ruido de clic. Le permite realizar tareas de manera efectiva sin molestar a nadie, \u00a1disfrute de su trabajo en cualquier momento y en cualquier lugar!<\/p>\n<p>TECNOLOG\u00cdA DE SENSORES BLUEEYE<br \/>\nDisfrute del mayor beneficio de la tecnolog\u00eda de sensor BlueEye para usar Ergo-8200S en m\u00e1rmol, superficie de sof\u00e1, vidrio espolvoreado o alfombra.<br \/>\nTECNOLOG\u00cdA INAL\u00c1MBRICA DE 2,4 GHZ<br \/>\nEl mouse inal\u00e1mbrico 2.4G con receptor USB funciona para port\u00e1tiles y PC. Plug &amp; Play sin necesidad de unidades.<\/p>\n<p>ESPECIFICACI\u00d3N<br \/>\nNombre del modelo NX-8200S<br \/>\nFrecuencia RF 2,4 GHz<br \/>\nMotor de sensores Ojo azul<br \/>\nResoluci\u00f3n (PPP) 1200<br \/>\nN\u00famero de botones 5 (izquierda, derecha, bot\u00f3n central con desplazamiento,<br \/>\np\u00e1gina arriba, p\u00e1gina abajo)<br \/>\nTipo de Bater\u00eda Autom\u00f3vil club brit\u00e1nico<br \/>\nOtro \u2014<br \/>\nPeso (gramos) Aprox. 65 g (incluye recibir)<br \/>\nDimensiones (An. x Al. x Pr.) mm (pulgadas) 73,5 x 107,8 x 40,6 mm (2,89 x 4,24 x 1,60 pulgadas)<br \/>\nManual de usuario S\u00ed,<br \/>\nErgo-8200S (Multi-idioma) Descargar<br \/>\nRequisitos del sistema Windows\u00ae 8, 10, 11 o posterior \/ macOS X 10.8 posterior \/ SO Linux \/ Puerto USB disponible<br \/>\nColores Negro\/chocolate\/p\u00farpura\/gris hierro<br \/>\n*El color del producto y las im\u00e1genes que se muestran en el paquete son SOLO para referencia. Para art\u00edculos reales, consulte los bienes f\u00edsicos contenidos en este documento.<br \/>\nQu\u00e9 est\u00e1 incluido Ergo-8200S<br \/>\nReceptor USB Pico x1<br \/>\nPila alcalina AA para rat\u00f3n x1<br \/>\nGu\u00eda r\u00e1pida en varios idiomas&#8217;.<\/p>\n","protected":false},"excerpt":{"rendered":"<p>ERGO-8200S RAT\u00d3N SILENCIOSO INAL\u00c1MBRICO ERGON\u00d3MICO DISE\u00d1O ERGON\u00d3MICO MENOS FATIGA Y 5 BOTONES Ergo 8200S combina funciones avanzadas, como forma ergon\u00f3mica para comodidad de la palma y la mu\u00f1eca, clic silencioso, rueda de desplazamiento leve, 5 botones con Page Up y Page Down adicionales para p\u00e1gina web. DISE\u00d1O DE INTERRUPTOR SILENCIOSO Dise\u00f1o de interruptor silencioso que [&hellip;]<\/p>\n","protected":false},"featured_media":4161,"comment_status":"open","ping_status":"closed","template":"","meta":{"_uag_custom_page_level_css":""},"product_brand":[550],"product_cat":[15,125],"product_tag":[],"class_list":{"0":"post-61832","1":"product","2":"type-product","3":"status-publish","4":"has-post-thumbnail","6":"product_brand-genius","7":"product_cat-sin-categorizar","8":"product_cat-teclados-y-mouses","10":"first","11":"outofstock","12":"sale","13":"taxable","14":"shipping-taxable","15":"purchasable","16":"product-type-simple"},"uagb_featured_image_src":{"full":["https:\/\/rms-enlinea.com.ar\/wp-content\/uploads\/2025\/06\/D_848573-MLU78559730331_082024-F.jpg",1157,1200,false],"thumbnail":["https:\/\/rms-enlinea.com.ar\/wp-content\/uploads\/2025\/06\/D_848573-MLU78559730331_082024-F-150x150.jpg",150,150,true],"medium":["https:\/\/rms-enlinea.com.ar\/wp-content\/uploads\/2025\/06\/D_848573-MLU78559730331_082024-F-289x300.jpg",289,300,true],"medium_large":["https:\/\/rms-enlinea.com.ar\/wp-content\/uploads\/2025\/06\/D_848573-MLU78559730331_082024-F-768x797.jpg",768,797,true],"large":["https:\/\/rms-enlinea.com.ar\/wp-content\/uploads\/2025\/06\/D_848573-MLU78559730331_082024-F-987x1024.jpg",987,1024,true],"1536x1536":["https:\/\/rms-enlinea.com.ar\/wp-content\/uploads\/2025\/06\/D_848573-MLU78559730331_082024-F.jpg",1157,1200,false],"2048x2048":["https:\/\/rms-enlinea.com.ar\/wp-content\/uploads\/2025\/06\/D_848573-MLU78559730331_082024-F.jpg",1157,1200,false],"woocommerce_thumbnail":["https:\/\/rms-enlinea.com.ar\/wp-content\/uploads\/2025\/06\/D_848573-MLU78559730331_082024-F-450x450.jpg",450,450,true],"woocommerce_single":["https:\/\/rms-enlinea.com.ar\/wp-content\/uploads\/2025\/06\/D_848573-MLU78559730331_082024-F-600x622.jpg",600,622,true],"woocommerce_gallery_thumbnail":["https:\/\/rms-enlinea.com.ar\/wp-content\/uploads\/2025\/06\/D_848573-MLU78559730331_082024-F-100x100.jpg",100,100,true]},"uagb_author_info":{"display_name":"nelson","author_link":"https:\/\/rms-enlinea.com.ar\/tienda\/author\/"},"uagb_comment_info":0,"uagb_excerpt":"ERGO-8200S RAT\u00d3N SILENCIOSO INAL\u00c1MBRICO ERGON\u00d3MICO DISE\u00d1O ERGON\u00d3MICO MENOS FATIGA Y 5 BOTONES Ergo 8200S combina funciones avanzadas, como forma ergon\u00f3mica para comodidad de la palma y la mu\u00f1eca, clic silencioso, rueda de desplazamiento leve, 5 botones con Page Up y Page Down adicionales para p\u00e1gina web. DISE\u00d1O DE INTERRUPTOR SILENCIOSO Dise\u00f1o de interruptor silencioso que&hellip;","_links":{"self":[{"href":"https:\/\/rms-enlinea.com.ar\/tienda\/wp-json\/wp\/v2\/product\/61832","targetHints":{"allow":["GET"]}}],"collection":[{"href":"https:\/\/rms-enlinea.com.ar\/tienda\/wp-json\/wp\/v2\/product"}],"about":[{"href":"https:\/\/rms-enlinea.com.ar\/tienda\/wp-json\/wp\/v2\/types\/product"}],"replies":[{"embeddable":true,"href":"https:\/\/rms-enlinea.com.ar\/tienda\/wp-json\/wp\/v2\/comments?post=61832"}],"wp:featuredmedia":[{"embeddable":true,"href":"https:\/\/rms-enlinea.com.ar\/tienda\/wp-json\/wp\/v2\/media\/4161"}],"wp:attachment":[{"href":"https:\/\/rms-enlinea.com.ar\/tienda\/wp-json\/wp\/v2\/media?parent=61832"}],"wp:term":[{"taxonomy":"product_brand","embeddable":true,"href":"https:\/\/rms-enlinea.com.ar\/tienda\/wp-json\/wp\/v2\/product_brand?post=61832"},{"taxonomy":"product_cat","embeddable":true,"href":"https:\/\/rms-enlinea.com.ar\/tienda\/wp-json\/wp\/v2\/product_cat?post=61832"},{"taxonomy":"product_tag","embeddable":true,"href":"https:\/\/rms-enlinea.com.ar\/tienda\/wp-json\/wp\/v2\/product_tag?post=61832"}],"curies":[{"name":"wp","href":"https:\/\/api.w.org\/{rel}","templated":true}]}}