{"id":61837,"date":"2026-03-03T21:40:16","date_gmt":"2026-03-04T00:40:16","guid":{"rendered":"https:\/\/rms-enlinea.com.ar\/tienda\/producto\/webcam-kelyx-full-hd-1080p-zoom-home-office-con-microfono-usb-color-negro\/"},"modified":"2026-04-06T13:23:40","modified_gmt":"2026-04-06T16:23:40","slug":"webcam-kelyx-full-hd-1080p-zoom-home-office-con-microfono-usb-color-negro","status":"publish","type":"product","link":"https:\/\/rms-enlinea.com.ar\/tienda\/producto\/webcam-kelyx-full-hd-1080p-zoom-home-office-con-microfono-usb-color-negro\/","title":{"rendered":"Web Cam Kelyx 1080p Full Hd Con Miicrofono Camara Web"},"content":{"rendered":"<p>Ya no ten\u00e9s que preocuparte si tu PC no tiene c\u00e1mara. Este dispositivo de Kelyx brinda la calidad de imagen y funciones que necesit\u00e1s para comunicarte de manera f\u00e1cil y efectiva en la virtualidad.<\/p>\n","protected":false},"excerpt":{"rendered":"<p>Ya no ten\u00e9s que preocuparte si tu PC no tiene c\u00e1mara. Este dispositivo de Kelyx brinda la calidad de imagen y funciones que necesit\u00e1s para comunicarte de manera f\u00e1cil y efectiva en la virtualidad.<\/p>\n","protected":false},"featured_media":61838,"comment_status":"open","ping_status":"closed","template":"","meta":{"_uag_custom_page_level_css":""},"product_brand":[571],"product_cat":[102,15],"product_tag":[],"class_list":{"0":"post-61837","1":"product","2":"type-product","3":"status-publish","4":"has-post-thumbnail","6":"product_brand-kelyx","7":"product_cat-camaras-webcam","8":"product_cat-sin-categorizar","10":"first","11":"instock","12":"sale","13":"taxable","14":"shipping-taxable","15":"purchasable","16":"product-type-simple"},"uagb_featured_image_src":{"full":["https:\/\/rms-enlinea.com.ar\/wp-content\/uploads\/2026\/03\/D_926470-MLA99948933351_112025-F.jpg",1200,806,false],"thumbnail":["https:\/\/rms-enlinea.com.ar\/wp-content\/uploads\/2026\/03\/D_926470-MLA99948933351_112025-F-150x150.jpg",150,150,true],"medium":["https:\/\/rms-enlinea.com.ar\/wp-content\/uploads\/2026\/03\/D_926470-MLA99948933351_112025-F-300x202.jpg",300,202,true],"medium_large":["https:\/\/rms-enlinea.com.ar\/wp-content\/uploads\/2026\/03\/D_926470-MLA99948933351_112025-F-768x516.jpg",768,516,true],"large":["https:\/\/rms-enlinea.com.ar\/wp-content\/uploads\/2026\/03\/D_926470-MLA99948933351_112025-F-1024x688.jpg",1024,688,true],"1536x1536":["https:\/\/rms-enlinea.com.ar\/wp-content\/uploads\/2026\/03\/D_926470-MLA99948933351_112025-F.jpg",1200,806,false],"2048x2048":["https:\/\/rms-enlinea.com.ar\/wp-content\/uploads\/2026\/03\/D_926470-MLA99948933351_112025-F.jpg",1200,806,false],"woocommerce_thumbnail":["https:\/\/rms-enlinea.com.ar\/wp-content\/uploads\/2026\/03\/D_926470-MLA99948933351_112025-F-450x450.jpg",450,450,true],"woocommerce_single":["https:\/\/rms-enlinea.com.ar\/wp-content\/uploads\/2026\/03\/D_926470-MLA99948933351_112025-F-600x403.jpg",600,403,true],"woocommerce_gallery_thumbnail":["https:\/\/rms-enlinea.com.ar\/wp-content\/uploads\/2026\/03\/D_926470-MLA99948933351_112025-F-100x100.jpg",100,100,true]},"uagb_author_info":{"display_name":"nelson","author_link":"https:\/\/rms-enlinea.com.ar\/tienda\/author\/"},"uagb_comment_info":0,"uagb_excerpt":"Ya no ten\u00e9s que preocuparte si tu PC no tiene c\u00e1mara. Este dispositivo de Kelyx brinda la calidad de imagen y funciones que necesit\u00e1s para comunicarte de manera f\u00e1cil y efectiva en la virtualidad.","_links":{"self":[{"href":"https:\/\/rms-enlinea.com.ar\/tienda\/wp-json\/wp\/v2\/product\/61837","targetHints":{"allow":["GET"]}}],"collection":[{"href":"https:\/\/rms-enlinea.com.ar\/tienda\/wp-json\/wp\/v2\/product"}],"about":[{"href":"https:\/\/rms-enlinea.com.ar\/tienda\/wp-json\/wp\/v2\/types\/product"}],"replies":[{"embeddable":true,"href":"https:\/\/rms-enlinea.com.ar\/tienda\/wp-json\/wp\/v2\/comments?post=61837"}],"wp:featuredmedia":[{"embeddable":true,"href":"https:\/\/rms-enlinea.com.ar\/tienda\/wp-json\/wp\/v2\/media\/61838"}],"wp:attachment":[{"href":"https:\/\/rms-enlinea.com.ar\/tienda\/wp-json\/wp\/v2\/media?parent=61837"}],"wp:term":[{"taxonomy":"product_brand","embeddable":true,"href":"https:\/\/rms-enlinea.com.ar\/tienda\/wp-json\/wp\/v2\/product_brand?post=61837"},{"taxonomy":"product_cat","embeddable":true,"href":"https:\/\/rms-enlinea.com.ar\/tienda\/wp-json\/wp\/v2\/product_cat?post=61837"},{"taxonomy":"product_tag","embeddable":true,"href":"https:\/\/rms-enlinea.com.ar\/tienda\/wp-json\/wp\/v2\/product_tag?post=61837"}],"curies":[{"name":"wp","href":"https:\/\/api.w.org\/{rel}","templated":true}]}}