{"id":61858,"date":"2026-03-04T10:31:52","date_gmt":"2026-03-04T13:31:52","guid":{"rendered":"https:\/\/rms-enlinea.com.ar\/tienda\/producto\/monitor-27-gigabyte-m27q2-ice-ips-gaming-qhd-200hz-1m-pivote\/"},"modified":"2026-03-31T17:56:22","modified_gmt":"2026-03-31T20:56:22","slug":"monitor-27-gigabyte-m27q2-ice-ips-gaming-qhd-200hz-1m-pivote","status":"publish","type":"product","link":"https:\/\/rms-enlinea.com.ar\/tienda\/producto\/monitor-27-gigabyte-m27q2-ice-ips-gaming-qhd-200hz-1m-pivote\/","title":{"rendered":"Monitor 27 Gigabyte M27q2 Ice Ips Gaming Qhd 200hz 1m Pivote"},"content":{"rendered":"<p>El monitor Gigabyte M27Q2 Ice es la elecci\u00f3n perfecta para los entusiastas del gaming que buscan una experiencia visual excepcional. Con una pantalla de 27 pulgadas y una resoluci\u00f3n QHD de 2560 x 1440 p\u00edxeles, cada detalle cobra vida con una claridad impresionante. Su panel IPS ofrece \u00e1ngulos de visi\u00f3n amplios de 178\u00b0, asegurando que los colores se mantengan vibrantes desde cualquier posici\u00f3n.<\/p>\n<p>Con una frecuencia de actualizaci\u00f3n de 200 Hz y un tiempo de respuesta de 1 ms, este monitor est\u00e1 dise\u00f1ado para ofrecer un rendimiento fluido y sin interrupciones, ideal para juegos de alta velocidad. La tecnolog\u00eda FreeSync Premium elimina el desgarro de la pantalla, permitiendo una experiencia de juego m\u00e1s inmersiva y placentera.<\/p>\n<p>El dise\u00f1o en color blanco no solo es atractivo, sino que tambi\u00e9n incluye caracter\u00edsticas pr\u00e1cticas como altura ajustable y funci\u00f3n de pivote, permitiendo personalizar la configuraci\u00f3n seg\u00fan tus necesidades. Adem\u00e1s, su montaje VESA facilita la integraci\u00f3n en cualquier espacio de trabajo o gaming.<\/p>\n<p>Conectividad vers\u00e1til a trav\u00e9s de DisplayPort, HDMI y USB, el M27Q2 Ice se adapta a diversas configuraciones. Aunque no cuenta con parlantes incorporados, su dise\u00f1o optimizado y accesorios incluidos garantizan una instalaci\u00f3n sencilla y r\u00e1pida. Este monitor es la herramienta ideal para quienes buscan elevar su experiencia de juego a un nuevo nivel.<\/p>\n","protected":false},"excerpt":{"rendered":"<p>El monitor Gigabyte M27Q2 Ice es la elecci\u00f3n perfecta para los entusiastas del gaming que buscan una experiencia visual excepcional. Con una pantalla de 27 pulgadas y una resoluci\u00f3n QHD de 2560 x 1440 p\u00edxeles, cada detalle cobra vida con una claridad impresionante. Su panel IPS ofrece \u00e1ngulos de visi\u00f3n amplios de 178\u00b0, asegurando que [&hellip;]<\/p>\n","protected":false},"featured_media":61859,"comment_status":"open","ping_status":"closed","template":"","meta":{"_uag_custom_page_level_css":""},"product_brand":[532],"product_cat":[114,15],"product_tag":[],"class_list":{"0":"post-61858","1":"product","2":"type-product","3":"status-publish","4":"has-post-thumbnail","6":"product_brand-gigabyte","7":"product_cat-monitores","8":"product_cat-sin-categorizar","10":"first","11":"outofstock","12":"sale","13":"taxable","14":"shipping-taxable","15":"purchasable","16":"product-type-simple"},"uagb_featured_image_src":{"full":["https:\/\/rms-enlinea.com.ar\/wp-content\/uploads\/2026\/03\/D_618563-MLA103657263873_012026-F.jpg",1200,891,false],"thumbnail":["https:\/\/rms-enlinea.com.ar\/wp-content\/uploads\/2026\/03\/D_618563-MLA103657263873_012026-F-150x150.jpg",150,150,true],"medium":["https:\/\/rms-enlinea.com.ar\/wp-content\/uploads\/2026\/03\/D_618563-MLA103657263873_012026-F-300x223.jpg",300,223,true],"medium_large":["https:\/\/rms-enlinea.com.ar\/wp-content\/uploads\/2026\/03\/D_618563-MLA103657263873_012026-F-768x570.jpg",768,570,true],"large":["https:\/\/rms-enlinea.com.ar\/wp-content\/uploads\/2026\/03\/D_618563-MLA103657263873_012026-F-1024x760.jpg",1024,760,true],"1536x1536":["https:\/\/rms-enlinea.com.ar\/wp-content\/uploads\/2026\/03\/D_618563-MLA103657263873_012026-F.jpg",1200,891,false],"2048x2048":["https:\/\/rms-enlinea.com.ar\/wp-content\/uploads\/2026\/03\/D_618563-MLA103657263873_012026-F.jpg",1200,891,false],"woocommerce_thumbnail":["https:\/\/rms-enlinea.com.ar\/wp-content\/uploads\/2026\/03\/D_618563-MLA103657263873_012026-F-450x450.jpg",450,450,true],"woocommerce_single":["https:\/\/rms-enlinea.com.ar\/wp-content\/uploads\/2026\/03\/D_618563-MLA103657263873_012026-F-600x446.jpg",600,446,true],"woocommerce_gallery_thumbnail":["https:\/\/rms-enlinea.com.ar\/wp-content\/uploads\/2026\/03\/D_618563-MLA103657263873_012026-F-100x100.jpg",100,100,true]},"uagb_author_info":{"display_name":"nelson","author_link":"https:\/\/rms-enlinea.com.ar\/tienda\/author\/"},"uagb_comment_info":0,"uagb_excerpt":"El monitor Gigabyte M27Q2 Ice es la elecci\u00f3n perfecta para los entusiastas del gaming que buscan una experiencia visual excepcional. Con una pantalla de 27 pulgadas y una resoluci\u00f3n QHD de 2560 x 1440 p\u00edxeles, cada detalle cobra vida con una claridad impresionante. Su panel IPS ofrece \u00e1ngulos de visi\u00f3n amplios de 178\u00b0, asegurando que&hellip;","_links":{"self":[{"href":"https:\/\/rms-enlinea.com.ar\/tienda\/wp-json\/wp\/v2\/product\/61858","targetHints":{"allow":["GET"]}}],"collection":[{"href":"https:\/\/rms-enlinea.com.ar\/tienda\/wp-json\/wp\/v2\/product"}],"about":[{"href":"https:\/\/rms-enlinea.com.ar\/tienda\/wp-json\/wp\/v2\/types\/product"}],"replies":[{"embeddable":true,"href":"https:\/\/rms-enlinea.com.ar\/tienda\/wp-json\/wp\/v2\/comments?post=61858"}],"wp:featuredmedia":[{"embeddable":true,"href":"https:\/\/rms-enlinea.com.ar\/tienda\/wp-json\/wp\/v2\/media\/61859"}],"wp:attachment":[{"href":"https:\/\/rms-enlinea.com.ar\/tienda\/wp-json\/wp\/v2\/media?parent=61858"}],"wp:term":[{"taxonomy":"product_brand","embeddable":true,"href":"https:\/\/rms-enlinea.com.ar\/tienda\/wp-json\/wp\/v2\/product_brand?post=61858"},{"taxonomy":"product_cat","embeddable":true,"href":"https:\/\/rms-enlinea.com.ar\/tienda\/wp-json\/wp\/v2\/product_cat?post=61858"},{"taxonomy":"product_tag","embeddable":true,"href":"https:\/\/rms-enlinea.com.ar\/tienda\/wp-json\/wp\/v2\/product_tag?post=61858"}],"curies":[{"name":"wp","href":"https:\/\/api.w.org\/{rel}","templated":true}]}}