{"id":61910,"date":"2026-03-07T13:00:53","date_gmt":"2026-03-07T16:00:53","guid":{"rendered":"https:\/\/rms-enlinea.com.ar\/tienda\/producto\/sistema-monitoreo-inalambrico-de-auriculares-m-vave-wp9\/"},"modified":"2026-04-21T04:25:15","modified_gmt":"2026-04-21T07:25:15","slug":"sistema-monitoreo-inalambrico-de-auriculares-m-vave-wp9","status":"publish","type":"product","link":"https:\/\/rms-enlinea.com.ar\/tienda\/producto\/sistema-monitoreo-inalambrico-de-auriculares-m-vave-wp9\/","title":{"rendered":"Kit De Monitoreo M-vave Air Bridge Wp9 Sistema Inal\u00e1mbrico In-ear Recargable"},"content":{"rendered":"<p>Frecuencia de muestreo: Transmisi\u00f3n digital sin p\u00e9rdidas de 24bit\/48KHz.<\/p>\n<p>Banda inal\u00e1mbrica: 2.4GHz.<\/p>\n<p>Latencia: 10.8ms en est\u00e9reo, 4.5ms en mono.<\/p>\n<p>Alcance: 30 metros.<\/p>\n<p>Bater\u00eda interna de iones de litio, recargable por USB (se recomienda usar un cargador de 5V 1A).<\/p>\n<p>Respuesta de frecuencia: 20 a 20KHz, +1dB\/-3dB.<\/p>\n<p>Modelo\/Tipo de bater\u00eda TX\/RX: 603040\/602040.<\/p>\n<p>Capacidad de la bater\u00eda TX\/RX: 780mAh\/450mAh.<\/p>\n<p>Voltaje nominal de la bater\u00eda: 3.7V.<\/p>\n<p>Dimensiones individuales (mm): 60 (L) \u00d7 40 (W) \u00d7 15 (H) mm.<\/p>\n<p>Peso individual: Transmisor 35g, Receptor 29g.<\/p>\n<p>Peso del paquete: Aproximadamente 145g.<\/p>\n<p>Accesorios incluidos: 1 transmisor, 1 receptor, 1 cable de carga USB, 2 cables de audio.<\/p>\n<p>Lista de embalaje:<br \/>\n1 transmisor<br \/>\n1 receptor<br \/>\n1 cable de carga<br \/>\n2 audio Cable<\/p>\n<p>1 * Manual (ingl\u00e9s)<\/p>\n","protected":false},"excerpt":{"rendered":"<p>Frecuencia de muestreo: Transmisi\u00f3n digital sin p\u00e9rdidas de 24bit\/48KHz. Banda inal\u00e1mbrica: 2.4GHz. Latencia: 10.8ms en est\u00e9reo, 4.5ms en mono. Alcance: 30 metros. Bater\u00eda interna de iones de litio, recargable por USB (se recomienda usar un cargador de 5V 1A). Respuesta de frecuencia: 20 a 20KHz, +1dB\/-3dB. Modelo\/Tipo de bater\u00eda TX\/RX: 603040\/602040. Capacidad de la bater\u00eda [&hellip;]<\/p>\n","protected":false},"featured_media":61911,"comment_status":"open","ping_status":"closed","template":"","meta":{"_uag_custom_page_level_css":""},"product_brand":[682],"product_cat":[55,15],"product_tag":[],"class_list":{"0":"post-61910","1":"product","2":"type-product","3":"status-publish","4":"has-post-thumbnail","6":"product_brand-mwave","7":"product_cat-auriculares","8":"product_cat-sin-categorizar","10":"first","11":"outofstock","12":"sale","13":"taxable","14":"shipping-taxable","15":"purchasable","16":"product-type-simple"},"uagb_featured_image_src":{"full":["https:\/\/rms-enlinea.com.ar\/wp-content\/uploads\/2026\/03\/D_629647-MLA103991735940_012026-F.jpg",1141,958,false],"thumbnail":["https:\/\/rms-enlinea.com.ar\/wp-content\/uploads\/2026\/03\/D_629647-MLA103991735940_012026-F-150x150.jpg",150,150,true],"medium":["https:\/\/rms-enlinea.com.ar\/wp-content\/uploads\/2026\/03\/D_629647-MLA103991735940_012026-F-300x252.jpg",300,252,true],"medium_large":["https:\/\/rms-enlinea.com.ar\/wp-content\/uploads\/2026\/03\/D_629647-MLA103991735940_012026-F-768x645.jpg",768,645,true],"large":["https:\/\/rms-enlinea.com.ar\/wp-content\/uploads\/2026\/03\/D_629647-MLA103991735940_012026-F-1024x860.jpg",1024,860,true],"1536x1536":["https:\/\/rms-enlinea.com.ar\/wp-content\/uploads\/2026\/03\/D_629647-MLA103991735940_012026-F.jpg",1141,958,false],"2048x2048":["https:\/\/rms-enlinea.com.ar\/wp-content\/uploads\/2026\/03\/D_629647-MLA103991735940_012026-F.jpg",1141,958,false],"woocommerce_thumbnail":["https:\/\/rms-enlinea.com.ar\/wp-content\/uploads\/2026\/03\/D_629647-MLA103991735940_012026-F-450x450.jpg",450,450,true],"woocommerce_single":["https:\/\/rms-enlinea.com.ar\/wp-content\/uploads\/2026\/03\/D_629647-MLA103991735940_012026-F-600x504.jpg",600,504,true],"woocommerce_gallery_thumbnail":["https:\/\/rms-enlinea.com.ar\/wp-content\/uploads\/2026\/03\/D_629647-MLA103991735940_012026-F-100x100.jpg",100,100,true]},"uagb_author_info":{"display_name":"nelson","author_link":"https:\/\/rms-enlinea.com.ar\/tienda\/author\/"},"uagb_comment_info":0,"uagb_excerpt":"Frecuencia de muestreo: Transmisi\u00f3n digital sin p\u00e9rdidas de 24bit\/48KHz. Banda inal\u00e1mbrica: 2.4GHz. Latencia: 10.8ms en est\u00e9reo, 4.5ms en mono. Alcance: 30 metros. Bater\u00eda interna de iones de litio, recargable por USB (se recomienda usar un cargador de 5V 1A). Respuesta de frecuencia: 20 a 20KHz, +1dB\/-3dB. Modelo\/Tipo de bater\u00eda TX\/RX: 603040\/602040. Capacidad de la bater\u00eda&hellip;","_links":{"self":[{"href":"https:\/\/rms-enlinea.com.ar\/tienda\/wp-json\/wp\/v2\/product\/61910","targetHints":{"allow":["GET"]}}],"collection":[{"href":"https:\/\/rms-enlinea.com.ar\/tienda\/wp-json\/wp\/v2\/product"}],"about":[{"href":"https:\/\/rms-enlinea.com.ar\/tienda\/wp-json\/wp\/v2\/types\/product"}],"replies":[{"embeddable":true,"href":"https:\/\/rms-enlinea.com.ar\/tienda\/wp-json\/wp\/v2\/comments?post=61910"}],"wp:featuredmedia":[{"embeddable":true,"href":"https:\/\/rms-enlinea.com.ar\/tienda\/wp-json\/wp\/v2\/media\/61911"}],"wp:attachment":[{"href":"https:\/\/rms-enlinea.com.ar\/tienda\/wp-json\/wp\/v2\/media?parent=61910"}],"wp:term":[{"taxonomy":"product_brand","embeddable":true,"href":"https:\/\/rms-enlinea.com.ar\/tienda\/wp-json\/wp\/v2\/product_brand?post=61910"},{"taxonomy":"product_cat","embeddable":true,"href":"https:\/\/rms-enlinea.com.ar\/tienda\/wp-json\/wp\/v2\/product_cat?post=61910"},{"taxonomy":"product_tag","embeddable":true,"href":"https:\/\/rms-enlinea.com.ar\/tienda\/wp-json\/wp\/v2\/product_tag?post=61910"}],"curies":[{"name":"wp","href":"https:\/\/api.w.org\/{rel}","templated":true}]}}