{"id":61930,"date":"2026-03-07T18:40:39","date_gmt":"2026-03-07T21:40:39","guid":{"rendered":"https:\/\/rms-enlinea.com.ar\/tienda\/producto\/consola-mixer-6-canales-usb-bt-alto-truemix-600\/"},"modified":"2026-04-21T04:20:13","modified_gmt":"2026-04-21T07:20:13","slug":"consola-mixer-6-canales-usb-bt-alto-truemix-600","status":"publish","type":"product","link":"https:\/\/rms-enlinea.com.ar\/tienda\/producto\/consola-mixer-6-canales-usb-bt-alto-truemix-600\/","title":{"rendered":"Consola Mixer 6 Canales Usb Bt Alto Truemix 600"},"content":{"rendered":"<p>Mezclador compacto de 6 canales con USB y Bluetooth<br \/>\nE\/S USB para reproducci\u00f3n de audio y grabaci\u00f3n est\u00e9reo<br \/>\nCanal Bluetooth dedicado con retorno mix-minus para emparejamiento de tel\u00e9fono sin retroalimentaci\u00f3n<br \/>\nSalidas duales de auriculares con control de volumen independiente<br \/>\nSalidas principal, de cinta, de auriculares y auxiliar de 1\/4\u201d<br \/>\nDos canales de entrada de micr\u00f3fono con alimentaci\u00f3n fantasma y entradas de l\u00ednea balanceadas<br \/>\nDos canales de entrada est\u00e9reo con conectores TRS de 1\/4\u201d balanceados<br \/>\nEcualizador de dos bandas en todos los canales<br \/>\nEntradas de 2 pistas con enrutamiento asignable: mezcla principal o salida de auriculares<br \/>\nMedidor VU LED de ocho segmentos para un control de nivel preciso<br \/>\nTapas de perillas adicionales incluidas en la caja para mayor personalizaci\u00f3n<\/p>\n","protected":false},"excerpt":{"rendered":"<p>Mezclador compacto de 6 canales con USB y Bluetooth E\/S USB para reproducci\u00f3n de audio y grabaci\u00f3n est\u00e9reo Canal Bluetooth dedicado con retorno mix-minus para emparejamiento de tel\u00e9fono sin retroalimentaci\u00f3n Salidas duales de auriculares con control de volumen independiente Salidas principal, de cinta, de auriculares y auxiliar de 1\/4\u201d Dos canales de entrada de micr\u00f3fono [&hellip;]<\/p>\n","protected":false},"featured_media":61931,"comment_status":"open","ping_status":"closed","template":"","meta":{"_uag_custom_page_level_css":""},"product_brand":[495],"product_cat":[59,15],"product_tag":[],"class_list":{"0":"post-61930","1":"product","2":"type-product","3":"status-publish","4":"has-post-thumbnail","6":"product_brand-alto","7":"product_cat-consolas-y-mixers","8":"product_cat-sin-categorizar","10":"first","11":"outofstock","12":"sale","13":"taxable","14":"shipping-taxable","15":"purchasable","16":"product-type-simple"},"uagb_featured_image_src":{"full":["https:\/\/rms-enlinea.com.ar\/wp-content\/uploads\/2026\/03\/D_605131-MLA107574420948_032026-F.jpg",701,645,false],"thumbnail":["https:\/\/rms-enlinea.com.ar\/wp-content\/uploads\/2026\/03\/D_605131-MLA107574420948_032026-F-150x150.jpg",150,150,true],"medium":["https:\/\/rms-enlinea.com.ar\/wp-content\/uploads\/2026\/03\/D_605131-MLA107574420948_032026-F-300x276.jpg",300,276,true],"medium_large":["https:\/\/rms-enlinea.com.ar\/wp-content\/uploads\/2026\/03\/D_605131-MLA107574420948_032026-F.jpg",701,645,false],"large":["https:\/\/rms-enlinea.com.ar\/wp-content\/uploads\/2026\/03\/D_605131-MLA107574420948_032026-F.jpg",701,645,false],"1536x1536":["https:\/\/rms-enlinea.com.ar\/wp-content\/uploads\/2026\/03\/D_605131-MLA107574420948_032026-F.jpg",701,645,false],"2048x2048":["https:\/\/rms-enlinea.com.ar\/wp-content\/uploads\/2026\/03\/D_605131-MLA107574420948_032026-F.jpg",701,645,false],"woocommerce_thumbnail":["https:\/\/rms-enlinea.com.ar\/wp-content\/uploads\/2026\/03\/D_605131-MLA107574420948_032026-F-450x450.jpg",450,450,true],"woocommerce_single":["https:\/\/rms-enlinea.com.ar\/wp-content\/uploads\/2026\/03\/D_605131-MLA107574420948_032026-F-600x552.jpg",600,552,true],"woocommerce_gallery_thumbnail":["https:\/\/rms-enlinea.com.ar\/wp-content\/uploads\/2026\/03\/D_605131-MLA107574420948_032026-F-100x100.jpg",100,100,true]},"uagb_author_info":{"display_name":"nelson","author_link":"https:\/\/rms-enlinea.com.ar\/tienda\/author\/"},"uagb_comment_info":0,"uagb_excerpt":"Mezclador compacto de 6 canales con USB y Bluetooth E\/S USB para reproducci\u00f3n de audio y grabaci\u00f3n est\u00e9reo Canal Bluetooth dedicado con retorno mix-minus para emparejamiento de tel\u00e9fono sin retroalimentaci\u00f3n Salidas duales de auriculares con control de volumen independiente Salidas principal, de cinta, de auriculares y auxiliar de 1\/4\u201d Dos canales de entrada de micr\u00f3fono&hellip;","_links":{"self":[{"href":"https:\/\/rms-enlinea.com.ar\/tienda\/wp-json\/wp\/v2\/product\/61930","targetHints":{"allow":["GET"]}}],"collection":[{"href":"https:\/\/rms-enlinea.com.ar\/tienda\/wp-json\/wp\/v2\/product"}],"about":[{"href":"https:\/\/rms-enlinea.com.ar\/tienda\/wp-json\/wp\/v2\/types\/product"}],"replies":[{"embeddable":true,"href":"https:\/\/rms-enlinea.com.ar\/tienda\/wp-json\/wp\/v2\/comments?post=61930"}],"wp:featuredmedia":[{"embeddable":true,"href":"https:\/\/rms-enlinea.com.ar\/tienda\/wp-json\/wp\/v2\/media\/61931"}],"wp:attachment":[{"href":"https:\/\/rms-enlinea.com.ar\/tienda\/wp-json\/wp\/v2\/media?parent=61930"}],"wp:term":[{"taxonomy":"product_brand","embeddable":true,"href":"https:\/\/rms-enlinea.com.ar\/tienda\/wp-json\/wp\/v2\/product_brand?post=61930"},{"taxonomy":"product_cat","embeddable":true,"href":"https:\/\/rms-enlinea.com.ar\/tienda\/wp-json\/wp\/v2\/product_cat?post=61930"},{"taxonomy":"product_tag","embeddable":true,"href":"https:\/\/rms-enlinea.com.ar\/tienda\/wp-json\/wp\/v2\/product_tag?post=61930"}],"curies":[{"name":"wp","href":"https:\/\/api.w.org\/{rel}","templated":true}]}}