{"id":61945,"date":"2026-03-07T19:31:14","date_gmt":"2026-03-07T22:31:14","guid":{"rendered":"https:\/\/rms-enlinea.com.ar\/tienda\/producto\/microfono-headset-condenser-p-actuaciones-shure-sm35-tqg\/"},"modified":"2026-04-06T13:48:14","modified_gmt":"2026-04-06T16:48:14","slug":"microfono-headset-condenser-p-actuaciones-shure-sm35-tqg","status":"publish","type":"product","link":"https:\/\/rms-enlinea.com.ar\/tienda\/producto\/microfono-headset-condenser-p-actuaciones-shure-sm35-tqg\/","title":{"rendered":"Shure Sm35-tqg Micr\u00f3fono Headset Condensador Para Actuaci\u00f3n Color Negro"},"content":{"rendered":"<p>Descripci\u00f3n general<br \/>\nMicr\u00f3fono de diadema condensador de directividad cardioide para actuaciones con manos libres, ideal para multiinstrumentistas. Incluye paravientos, tiene un buen rechazo de acoples y es compatible con las petacas de Shure, sustituyendo los micr\u00f3fonos con conector TA4F.<\/p>\n<p>Diadema de ajuste c\u00f3modo y seguro, para int\u00e9rpretes con mucha actividad f\u00edsica y multiinstrumentistas.<br \/>\nEstrecho patr\u00f3n de captaci\u00f3n unidireccional cardioide que evita acoples y sonidos no deseados, para usar en escenarios con volumen elevado y detr\u00e1s de los monitores de suelo.<br \/>\nCuello de cisne flexible para optimizar la colocaci\u00f3n del micro y mejorar el aislamiento de sonidos.<br \/>\nLigero y discreto para resultar c\u00f3modo en usos prolongados.<br \/>\nConector TA4F compatible con cualquier sistema inal\u00e1mbrico de petaca de Shure.<br \/>\nDisponible en una gran variedad de sistemas inal\u00e1mbricos de Shure, reconocidos por su facilidad de uso y funcionamiento fiable.<br \/>\nParavientos acoplables, que reducen los sonidos bruscos y los ruidos de respiraci\u00f3n y de viento para conseguir un sonido limpio e inteligible.<br \/>\nRespuesta en frecuencia a medida y refinada para la reproducci\u00f3n brillante y n\u00edtida de la voz.<br \/>\nIngenier\u00eda de precisi\u00f3n legendaria de Shure, que aporta durabilidad y funcionamiento.<br \/>\n\u00bfPara qu\u00e9 uso ha sido dise\u00f1ado el SM35?<br \/>\nEl nuevo SM35 es un micr\u00f3fono de diadema de tipo condensador de Shure que ofrece a los multiinstrumentistas la libertad de expresarse en el escenario sin tener que sacrificar la calidad de sonido.<\/p>\n<p>\u00bfC\u00f3mo es el sonido del micr\u00f3fono de diadema condensador SM35?<br \/>\nEl estrecho patr\u00f3n de captaci\u00f3n unidireccional cardioide proporciona un excelente rechazo del sonido fuera del eje, para evitar acoples y tomar sonidos no deseados, y as\u00ed mejorar las actuaciones en los escenarios.<\/p>\n<p>\u00bfPuedo usar el micr\u00f3fono de diadema SM35 con un sistema inal\u00e1mbrico?<br \/>\nEl conector est\u00e1ndar TA4F (TQG) permite la integraci\u00f3n directa en cualquier sistema inal\u00e1mbrico de petaca de Shure. Como est\u00e1 disponible en algunos sets de Shure, es ideal para escenarios, desde peque\u00f1os clubes a grandes instalaciones y estadios.<\/p>\n","protected":false},"excerpt":{"rendered":"<p>Descripci\u00f3n general Micr\u00f3fono de diadema condensador de directividad cardioide para actuaciones con manos libres, ideal para multiinstrumentistas. Incluye paravientos, tiene un buen rechazo de acoples y es compatible con las petacas de Shure, sustituyendo los micr\u00f3fonos con conector TA4F. Diadema de ajuste c\u00f3modo y seguro, para int\u00e9rpretes con mucha actividad f\u00edsica y multiinstrumentistas. Estrecho patr\u00f3n [&hellip;]<\/p>\n","protected":false},"featured_media":61946,"comment_status":"open","ping_status":"closed","template":"","meta":{"_uag_custom_page_level_css":""},"product_brand":[681],"product_cat":[75,15],"product_tag":[],"class_list":{"0":"post-61945","1":"product","2":"type-product","3":"status-publish","4":"has-post-thumbnail","6":"product_brand-shure","7":"product_cat-microfonos","8":"product_cat-sin-categorizar","10":"first","11":"instock","12":"sale","13":"taxable","14":"shipping-taxable","15":"purchasable","16":"product-type-simple"},"uagb_featured_image_src":{"full":["https:\/\/rms-enlinea.com.ar\/wp-content\/uploads\/2026\/03\/D_914552-MLA96171500665_102025-F.jpg",1200,1058,false],"thumbnail":["https:\/\/rms-enlinea.com.ar\/wp-content\/uploads\/2026\/03\/D_914552-MLA96171500665_102025-F-150x150.jpg",150,150,true],"medium":["https:\/\/rms-enlinea.com.ar\/wp-content\/uploads\/2026\/03\/D_914552-MLA96171500665_102025-F-300x265.jpg",300,265,true],"medium_large":["https:\/\/rms-enlinea.com.ar\/wp-content\/uploads\/2026\/03\/D_914552-MLA96171500665_102025-F-768x677.jpg",768,677,true],"large":["https:\/\/rms-enlinea.com.ar\/wp-content\/uploads\/2026\/03\/D_914552-MLA96171500665_102025-F-1024x903.jpg",1024,903,true],"1536x1536":["https:\/\/rms-enlinea.com.ar\/wp-content\/uploads\/2026\/03\/D_914552-MLA96171500665_102025-F.jpg",1200,1058,false],"2048x2048":["https:\/\/rms-enlinea.com.ar\/wp-content\/uploads\/2026\/03\/D_914552-MLA96171500665_102025-F.jpg",1200,1058,false],"woocommerce_thumbnail":["https:\/\/rms-enlinea.com.ar\/wp-content\/uploads\/2026\/03\/D_914552-MLA96171500665_102025-F-450x450.jpg",450,450,true],"woocommerce_single":["https:\/\/rms-enlinea.com.ar\/wp-content\/uploads\/2026\/03\/D_914552-MLA96171500665_102025-F-600x529.jpg",600,529,true],"woocommerce_gallery_thumbnail":["https:\/\/rms-enlinea.com.ar\/wp-content\/uploads\/2026\/03\/D_914552-MLA96171500665_102025-F-100x100.jpg",100,100,true]},"uagb_author_info":{"display_name":"nelson","author_link":"https:\/\/rms-enlinea.com.ar\/tienda\/author\/"},"uagb_comment_info":0,"uagb_excerpt":"Descripci\u00f3n general Micr\u00f3fono de diadema condensador de directividad cardioide para actuaciones con manos libres, ideal para multiinstrumentistas. Incluye paravientos, tiene un buen rechazo de acoples y es compatible con las petacas de Shure, sustituyendo los micr\u00f3fonos con conector TA4F. Diadema de ajuste c\u00f3modo y seguro, para int\u00e9rpretes con mucha actividad f\u00edsica y multiinstrumentistas. Estrecho patr\u00f3n&hellip;","_links":{"self":[{"href":"https:\/\/rms-enlinea.com.ar\/tienda\/wp-json\/wp\/v2\/product\/61945","targetHints":{"allow":["GET"]}}],"collection":[{"href":"https:\/\/rms-enlinea.com.ar\/tienda\/wp-json\/wp\/v2\/product"}],"about":[{"href":"https:\/\/rms-enlinea.com.ar\/tienda\/wp-json\/wp\/v2\/types\/product"}],"replies":[{"embeddable":true,"href":"https:\/\/rms-enlinea.com.ar\/tienda\/wp-json\/wp\/v2\/comments?post=61945"}],"wp:featuredmedia":[{"embeddable":true,"href":"https:\/\/rms-enlinea.com.ar\/tienda\/wp-json\/wp\/v2\/media\/61946"}],"wp:attachment":[{"href":"https:\/\/rms-enlinea.com.ar\/tienda\/wp-json\/wp\/v2\/media?parent=61945"}],"wp:term":[{"taxonomy":"product_brand","embeddable":true,"href":"https:\/\/rms-enlinea.com.ar\/tienda\/wp-json\/wp\/v2\/product_brand?post=61945"},{"taxonomy":"product_cat","embeddable":true,"href":"https:\/\/rms-enlinea.com.ar\/tienda\/wp-json\/wp\/v2\/product_cat?post=61945"},{"taxonomy":"product_tag","embeddable":true,"href":"https:\/\/rms-enlinea.com.ar\/tienda\/wp-json\/wp\/v2\/product_tag?post=61945"}],"curies":[{"name":"wp","href":"https:\/\/api.w.org\/{rel}","templated":true}]}}