{"id":61949,"date":"2026-03-07T19:40:36","date_gmt":"2026-03-07T22:40:36","guid":{"rendered":"https:\/\/rms-enlinea.com.ar\/tienda\/producto\/microfono-inalambrico-de-mano-shure-blx24-sm58\/"},"modified":"2026-04-21T05:41:44","modified_gmt":"2026-04-21T08:41:44","slug":"microfono-inalambrico-de-mano-shure-blx24-sm58","status":"publish","type":"product","link":"https:\/\/rms-enlinea.com.ar\/tienda\/producto\/microfono-inalambrico-de-mano-shure-blx24-sm58\/","title":{"rendered":"Microfono Inalambrico De Mano Shure Blx24\/sm58"},"content":{"rendered":"<p>El Sistema Inal\u00e1mbrico Vocal Shure BLX24\/SM58 combina un sonido de calidad profesional con una configuraci\u00f3n simple y hasta 14 horas de autonom\u00eda para lograr un desempe\u00f1o de audio legendario tal como viene de f\u00e1brica. El sistema incluye un receptor de mesa de canal simple BLX4, el legendario transmisor de mano SM58, clip de micr\u00f3fono, fuente de alimentaci\u00f3n, 2 bater\u00edas AA y gu\u00eda del usuario.<\/p>\n<p>AUDIO SUPERIOR &#8211; Act\u00fae con Confianza<br \/>\nRealice todo el show sin ning\u00fan cable. Sonido Profesional Shure para todas las bandas y todas las necesidades vocales.<\/p>\n<p>SE\u00d1AL CONFIABLE &#8211; Ampl\u00ede su alcance<br \/>\nCon un alcance de 300 pies (100 metros), puede controlar a la multitud durante todo el show sin interrupciones.<\/p>\n<p>F\u00c1CIL CONFIGURACI\u00d3N \u2013 Tenga el escenario bajo control<br \/>\nBLX le permitir\u00e1 comenzar en tiempo r\u00e9cord gracias al escaneo y selecci\u00f3n en un clic.<\/p>\n<p>AUTONOM\u00cdA: 14 horas de energ\u00eda<br \/>\nDebido a que los transmisores BLX duran hasta 14 horas con un solo par de bater\u00edas AA, el show puede continuar y continuar (por horas).<\/p>\n<p>EXPANSI\u00d3N DE SISTEMAS \u2013 Con hasta 12 canales por banda de frecuencia*<br \/>\nEs probable que necesite un escenario m\u00e1s grande antes de quedarte sin canales.<br \/>\n*Nota: Depende de la regi\u00f3n y el entorno.<\/p>\n<p>VERSATILIDAD INCLUIDA &#8211; Hay muchas opciones disponibles<br \/>\nLos sistemas BLX cuentan con una impresionante variedad de micr\u00f3fonos Shure, para que pueda encontrar el que mejor le funcione.<\/p>\n","protected":false},"excerpt":{"rendered":"<p>El Sistema Inal\u00e1mbrico Vocal Shure BLX24\/SM58 combina un sonido de calidad profesional con una configuraci\u00f3n simple y hasta 14 horas de autonom\u00eda para lograr un desempe\u00f1o de audio legendario tal como viene de f\u00e1brica. El sistema incluye un receptor de mesa de canal simple BLX4, el legendario transmisor de mano SM58, clip de micr\u00f3fono, fuente [&hellip;]<\/p>\n","protected":false},"featured_media":61950,"comment_status":"open","ping_status":"closed","template":"","meta":{"_uag_custom_page_level_css":""},"product_brand":[681],"product_cat":[75,15],"product_tag":[],"class_list":{"0":"post-61949","1":"product","2":"type-product","3":"status-publish","4":"has-post-thumbnail","6":"product_brand-shure","7":"product_cat-microfonos","8":"product_cat-sin-categorizar","10":"first","11":"outofstock","12":"sale","13":"taxable","14":"shipping-taxable","15":"purchasable","16":"product-type-simple"},"uagb_featured_image_src":{"full":["https:\/\/rms-enlinea.com.ar\/wp-content\/uploads\/2026\/03\/D_930240-MLA99925692173_112025-F.jpg",1200,433,false],"thumbnail":["https:\/\/rms-enlinea.com.ar\/wp-content\/uploads\/2026\/03\/D_930240-MLA99925692173_112025-F-150x150.jpg",150,150,true],"medium":["https:\/\/rms-enlinea.com.ar\/wp-content\/uploads\/2026\/03\/D_930240-MLA99925692173_112025-F-300x108.jpg",300,108,true],"medium_large":["https:\/\/rms-enlinea.com.ar\/wp-content\/uploads\/2026\/03\/D_930240-MLA99925692173_112025-F-768x277.jpg",768,277,true],"large":["https:\/\/rms-enlinea.com.ar\/wp-content\/uploads\/2026\/03\/D_930240-MLA99925692173_112025-F-1024x369.jpg",1024,369,true],"1536x1536":["https:\/\/rms-enlinea.com.ar\/wp-content\/uploads\/2026\/03\/D_930240-MLA99925692173_112025-F.jpg",1200,433,false],"2048x2048":["https:\/\/rms-enlinea.com.ar\/wp-content\/uploads\/2026\/03\/D_930240-MLA99925692173_112025-F.jpg",1200,433,false],"woocommerce_thumbnail":["https:\/\/rms-enlinea.com.ar\/wp-content\/uploads\/2026\/03\/D_930240-MLA99925692173_112025-F-450x433.jpg",450,433,true],"woocommerce_single":["https:\/\/rms-enlinea.com.ar\/wp-content\/uploads\/2026\/03\/D_930240-MLA99925692173_112025-F-600x217.jpg",600,217,true],"woocommerce_gallery_thumbnail":["https:\/\/rms-enlinea.com.ar\/wp-content\/uploads\/2026\/03\/D_930240-MLA99925692173_112025-F-100x100.jpg",100,100,true]},"uagb_author_info":{"display_name":"nelson","author_link":"https:\/\/rms-enlinea.com.ar\/tienda\/author\/"},"uagb_comment_info":0,"uagb_excerpt":"El Sistema Inal\u00e1mbrico Vocal Shure BLX24\/SM58 combina un sonido de calidad profesional con una configuraci\u00f3n simple y hasta 14 horas de autonom\u00eda para lograr un desempe\u00f1o de audio legendario tal como viene de f\u00e1brica. El sistema incluye un receptor de mesa de canal simple BLX4, el legendario transmisor de mano SM58, clip de micr\u00f3fono, fuente&hellip;","_links":{"self":[{"href":"https:\/\/rms-enlinea.com.ar\/tienda\/wp-json\/wp\/v2\/product\/61949","targetHints":{"allow":["GET"]}}],"collection":[{"href":"https:\/\/rms-enlinea.com.ar\/tienda\/wp-json\/wp\/v2\/product"}],"about":[{"href":"https:\/\/rms-enlinea.com.ar\/tienda\/wp-json\/wp\/v2\/types\/product"}],"replies":[{"embeddable":true,"href":"https:\/\/rms-enlinea.com.ar\/tienda\/wp-json\/wp\/v2\/comments?post=61949"}],"wp:featuredmedia":[{"embeddable":true,"href":"https:\/\/rms-enlinea.com.ar\/tienda\/wp-json\/wp\/v2\/media\/61950"}],"wp:attachment":[{"href":"https:\/\/rms-enlinea.com.ar\/tienda\/wp-json\/wp\/v2\/media?parent=61949"}],"wp:term":[{"taxonomy":"product_brand","embeddable":true,"href":"https:\/\/rms-enlinea.com.ar\/tienda\/wp-json\/wp\/v2\/product_brand?post=61949"},{"taxonomy":"product_cat","embeddable":true,"href":"https:\/\/rms-enlinea.com.ar\/tienda\/wp-json\/wp\/v2\/product_cat?post=61949"},{"taxonomy":"product_tag","embeddable":true,"href":"https:\/\/rms-enlinea.com.ar\/tienda\/wp-json\/wp\/v2\/product_tag?post=61949"}],"curies":[{"name":"wp","href":"https:\/\/api.w.org\/{rel}","templated":true}]}}