{"id":61969,"date":"2026-03-08T18:35:00","date_gmt":"2026-03-08T21:35:00","guid":{"rendered":"https:\/\/rms-enlinea.com.ar\/tienda\/?post_type=product&#038;p=61969"},"modified":"2026-03-10T23:08:54","modified_gmt":"2026-03-11T02:08:54","slug":"controlador-usb-midi-korg-nanokontrol-2-copia","status":"publish","type":"product","link":"https:\/\/rms-enlinea.com.ar\/tienda\/producto\/controlador-usb-midi-korg-nanokontrol-2-copia\/","title":{"rendered":"Controlador Usb Midi Korg Nanokontrol 2 (copia)"},"content":{"rendered":"<p>Especificaciones de nanoKONTROL2<br \/>\nControladores8 Botones, 8 Deslizantes, 24 conmutadoresBotones de Transporte: REW\/FF\/STOP\/PLAY\/REC, botones; CYCLE, MARKER, TRACKSoftware soportadoAvid Pro Tools<br \/>\nApple Logic<br \/>\nGarageBand<br \/>\nMOTU Digital Performer<br \/>\nSteinberg Cubase<br \/>\nAbleton Live<br \/>\nCakewalk SONAR<\/p>\n<p>Cualquier otro software que pueda ser controlado por mensajes de cambio de controlConexionesmini-USBAlimentaci\u00f3nUSB busConsumo el\u00e9ctricoAlimentaci\u00f3n USB bus: menos de 100 mADimensions<br \/>\n(An x Pr x Al)325 x 83 x 30 mmPeso293 gAccesoriosCable USB<\/p>\n","protected":false},"excerpt":{"rendered":"<p>Especificaciones de nanoKONTROL2 Controladores8 Botones, 8 Deslizantes, 24 conmutadoresBotones de Transporte: REW\/FF\/STOP\/PLAY\/REC, botones; CYCLE, MARKER, TRACKSoftware soportadoAvid Pro Tools Apple Logic GarageBand MOTU Digital Performer Steinberg Cubase Ableton Live Cakewalk SONAR Cualquier otro software que pueda ser controlado por mensajes de cambio de controlConexionesmini-USBAlimentaci\u00f3nUSB busConsumo el\u00e9ctricoAlimentaci\u00f3n USB bus: menos de 100 mADimensions (An x Pr [&hellip;]<\/p>\n","protected":false},"featured_media":58000,"comment_status":"open","ping_status":"closed","template":"","meta":{"_uag_custom_page_level_css":""},"product_brand":[679],"product_cat":[60,15],"product_tag":[],"class_list":{"0":"post-61969","1":"product","2":"type-product","3":"status-publish","4":"has-post-thumbnail","6":"product_brand-korg","7":"product_cat-controladores","8":"product_cat-sin-categorizar","10":"first","11":"outofstock","12":"sale","13":"taxable","14":"shipping-taxable","15":"purchasable","16":"product-type-simple"},"uagb_featured_image_src":{"full":["https:\/\/rms-enlinea.com.ar\/wp-content\/uploads\/2025\/11\/D_880739-MLA96512180442_112025-F.jpg",1200,250,false],"thumbnail":["https:\/\/rms-enlinea.com.ar\/wp-content\/uploads\/2025\/11\/D_880739-MLA96512180442_112025-F-150x150.jpg",150,150,true],"medium":["https:\/\/rms-enlinea.com.ar\/wp-content\/uploads\/2025\/11\/D_880739-MLA96512180442_112025-F-300x63.jpg",300,63,true],"medium_large":["https:\/\/rms-enlinea.com.ar\/wp-content\/uploads\/2025\/11\/D_880739-MLA96512180442_112025-F-768x160.jpg",768,160,true],"large":["https:\/\/rms-enlinea.com.ar\/wp-content\/uploads\/2025\/11\/D_880739-MLA96512180442_112025-F-1024x213.jpg",1024,213,true],"1536x1536":["https:\/\/rms-enlinea.com.ar\/wp-content\/uploads\/2025\/11\/D_880739-MLA96512180442_112025-F.jpg",1200,250,false],"2048x2048":["https:\/\/rms-enlinea.com.ar\/wp-content\/uploads\/2025\/11\/D_880739-MLA96512180442_112025-F.jpg",1200,250,false],"woocommerce_thumbnail":["https:\/\/rms-enlinea.com.ar\/wp-content\/uploads\/2025\/11\/D_880739-MLA96512180442_112025-F-450x250.jpg",450,250,true],"woocommerce_single":["https:\/\/rms-enlinea.com.ar\/wp-content\/uploads\/2025\/11\/D_880739-MLA96512180442_112025-F-600x125.jpg",600,125,true],"woocommerce_gallery_thumbnail":["https:\/\/rms-enlinea.com.ar\/wp-content\/uploads\/2025\/11\/D_880739-MLA96512180442_112025-F-100x100.jpg",100,100,true]},"uagb_author_info":{"display_name":"nelson","author_link":"https:\/\/rms-enlinea.com.ar\/tienda\/author\/"},"uagb_comment_info":0,"uagb_excerpt":"Especificaciones de nanoKONTROL2 Controladores8 Botones, 8 Deslizantes, 24 conmutadoresBotones de Transporte: REW\/FF\/STOP\/PLAY\/REC, botones; CYCLE, MARKER, TRACKSoftware soportadoAvid Pro Tools Apple Logic GarageBand MOTU Digital Performer Steinberg Cubase Ableton Live Cakewalk SONAR Cualquier otro software que pueda ser controlado por mensajes de cambio de controlConexionesmini-USBAlimentaci\u00f3nUSB busConsumo el\u00e9ctricoAlimentaci\u00f3n USB bus: menos de 100 mADimensions (An x Pr&hellip;","_links":{"self":[{"href":"https:\/\/rms-enlinea.com.ar\/tienda\/wp-json\/wp\/v2\/product\/61969","targetHints":{"allow":["GET"]}}],"collection":[{"href":"https:\/\/rms-enlinea.com.ar\/tienda\/wp-json\/wp\/v2\/product"}],"about":[{"href":"https:\/\/rms-enlinea.com.ar\/tienda\/wp-json\/wp\/v2\/types\/product"}],"replies":[{"embeddable":true,"href":"https:\/\/rms-enlinea.com.ar\/tienda\/wp-json\/wp\/v2\/comments?post=61969"}],"wp:featuredmedia":[{"embeddable":true,"href":"https:\/\/rms-enlinea.com.ar\/tienda\/wp-json\/wp\/v2\/media\/58000"}],"wp:attachment":[{"href":"https:\/\/rms-enlinea.com.ar\/tienda\/wp-json\/wp\/v2\/media?parent=61969"}],"wp:term":[{"taxonomy":"product_brand","embeddable":true,"href":"https:\/\/rms-enlinea.com.ar\/tienda\/wp-json\/wp\/v2\/product_brand?post=61969"},{"taxonomy":"product_cat","embeddable":true,"href":"https:\/\/rms-enlinea.com.ar\/tienda\/wp-json\/wp\/v2\/product_cat?post=61969"},{"taxonomy":"product_tag","embeddable":true,"href":"https:\/\/rms-enlinea.com.ar\/tienda\/wp-json\/wp\/v2\/product_tag?post=61969"}],"curies":[{"name":"wp","href":"https:\/\/api.w.org\/{rel}","templated":true}]}}