{"id":61975,"date":"2026-03-09T18:12:05","date_gmt":"2026-03-09T21:12:05","guid":{"rendered":"https:\/\/rms-enlinea.com.ar\/tienda\/producto\/puntero-laser-trust-kazun-aluminio-inalambrico-pc-30m\/"},"modified":"2026-03-10T23:08:32","modified_gmt":"2026-03-11T02:08:32","slug":"puntero-laser-trust-kazun-aluminio-inalambrico-pc-30m","status":"publish","type":"product","link":"https:\/\/rms-enlinea.com.ar\/tienda\/producto\/puntero-laser-trust-kazun-aluminio-inalambrico-pc-30m\/","title":{"rendered":"Puntero Laser Trust Kazun Aluminio Inalambrico Pc 30m"},"content":{"rendered":"<p>General<br \/>\nDise\u00f1o ergonomico<br \/>\nNo<br \/>\nPuntero l\u00e1ser<br \/>\nl\u00e1ser clase 2<br \/>\nCaracter\u00edsticas<br \/>\nAhorro de energ\u00eda<br \/>\nS\u00ed<br \/>\nFunci\u00f3n de marcado\/borrado<br \/>\nNo<br \/>\nTama\u00f1o y peso<br \/>\nFactor de forma<br \/>\nest\u00e1ndar<br \/>\nPeso total<br \/>\n47 gramos<br \/>\nPeso de la unidad principal<br \/>\n45 gramos<br \/>\nProfundidad del producto principal (en mm)<br \/>\n13 mil\u00edmetros<br \/>\nAncho del producto principal (en mm)<br \/>\n27mm<br \/>\nAltura del producto principal (en mm)<br \/>\n133 mil\u00edmetros<br \/>\nControl<br \/>\nTipo de agarre<br \/>\npalmera<br \/>\nUso para zurdos y diestros<br \/>\ndiestro, zurdo<br \/>\nRueda de desplazamiento<br \/>\nNo<br \/>\nBola de seguimiento<br \/>\nNo<br \/>\nPanel t\u00e1ctil<br \/>\nNo<br \/>\nControl S<br \/>\nadelante, atr\u00e1s, bot\u00f3n de pantalla negra, bot\u00f3n l\u00e1ser, iniciar\/detener presentaci\u00f3n<br \/>\nN\u00famero de botones<br \/>\n4<br \/>\nBoton de encendido \/ apagado<br \/>\nS\u00ed<br \/>\nBotones programables<br \/>\nNo<br \/>\nIndicadores<br \/>\nBater\u00eda, Actividad<br \/>\nConectividad<br \/>\nTipo de conecci\u00f3n<br \/>\ninal\u00e1mbrico<br \/>\nversi\u00f3n USB<br \/>\n2.0<br \/>\nTipo de conector<br \/>\nUSB<br \/>\nProtocolos inal\u00e1mbricos<br \/>\nRF de 2,4 GHz<br \/>\nAlcance inal\u00e1mbrico<br \/>\n30 metros<br \/>\nReceptor USB incluido<br \/>\nS\u00ed<br \/>\nFactor de forma del receptor<br \/>\nmini<br \/>\nFuerza<br \/>\nPotencia de transmisi\u00f3n inal\u00e1mbrica (mW)<br \/>\n1mW<br \/>\nAporte<br \/>\nFuente de alimentaci\u00f3n<br \/>\nbater\u00eda<br \/>\nCompatibilidad<br \/>\nTipos de dispositivos compatibles<br \/>\nordenador personal, computadora port\u00e1til<br \/>\nPlataformas de software compatibles<br \/>\nWindows, Mac OS<br \/>\nAplicaciones compatibles<br \/>\nPowerPoint, conferencia magistral<\/p>\n","protected":false},"excerpt":{"rendered":"<p>General Dise\u00f1o ergonomico No Puntero l\u00e1ser l\u00e1ser clase 2 Caracter\u00edsticas Ahorro de energ\u00eda S\u00ed Funci\u00f3n de marcado\/borrado No Tama\u00f1o y peso Factor de forma est\u00e1ndar Peso total 47 gramos Peso de la unidad principal 45 gramos Profundidad del producto principal (en mm) 13 mil\u00edmetros Ancho del producto principal (en mm) 27mm Altura del producto principal [&hellip;]<\/p>\n","protected":false},"featured_media":46097,"comment_status":"open","ping_status":"closed","template":"","meta":{"_uag_custom_page_level_css":""},"product_brand":[542],"product_cat":[15,125],"product_tag":[],"class_list":{"0":"post-61975","1":"product","2":"type-product","3":"status-publish","4":"has-post-thumbnail","6":"product_brand-trustgaming","7":"product_cat-sin-categorizar","8":"product_cat-teclados-y-mouses","10":"first","11":"instock","12":"sale","13":"taxable","14":"shipping-taxable","15":"purchasable","16":"product-type-simple"},"uagb_featured_image_src":{"full":["https:\/\/rms-enlinea.com.ar\/wp-content\/uploads\/2025\/06\/D_655618-MLA76549072133_052024-F.jpg",555,1200,false],"thumbnail":["https:\/\/rms-enlinea.com.ar\/wp-content\/uploads\/2025\/06\/D_655618-MLA76549072133_052024-F-150x150.jpg",150,150,true],"medium":["https:\/\/rms-enlinea.com.ar\/wp-content\/uploads\/2025\/06\/D_655618-MLA76549072133_052024-F-139x300.jpg",139,300,true],"medium_large":["https:\/\/rms-enlinea.com.ar\/wp-content\/uploads\/2025\/06\/D_655618-MLA76549072133_052024-F.jpg",555,1200,false],"large":["https:\/\/rms-enlinea.com.ar\/wp-content\/uploads\/2025\/06\/D_655618-MLA76549072133_052024-F-474x1024.jpg",474,1024,true],"1536x1536":["https:\/\/rms-enlinea.com.ar\/wp-content\/uploads\/2025\/06\/D_655618-MLA76549072133_052024-F.jpg",555,1200,false],"2048x2048":["https:\/\/rms-enlinea.com.ar\/wp-content\/uploads\/2025\/06\/D_655618-MLA76549072133_052024-F.jpg",555,1200,false],"woocommerce_thumbnail":["https:\/\/rms-enlinea.com.ar\/wp-content\/uploads\/2025\/06\/D_655618-MLA76549072133_052024-F-450x450.jpg",450,450,true],"woocommerce_single":["https:\/\/rms-enlinea.com.ar\/wp-content\/uploads\/2025\/06\/D_655618-MLA76549072133_052024-F.jpg",555,1200,false],"woocommerce_gallery_thumbnail":["https:\/\/rms-enlinea.com.ar\/wp-content\/uploads\/2025\/06\/D_655618-MLA76549072133_052024-F-100x100.jpg",100,100,true]},"uagb_author_info":{"display_name":"nelson","author_link":"https:\/\/rms-enlinea.com.ar\/tienda\/author\/"},"uagb_comment_info":0,"uagb_excerpt":"General Dise\u00f1o ergonomico No Puntero l\u00e1ser l\u00e1ser clase 2 Caracter\u00edsticas Ahorro de energ\u00eda S\u00ed Funci\u00f3n de marcado\/borrado No Tama\u00f1o y peso Factor de forma est\u00e1ndar Peso total 47 gramos Peso de la unidad principal 45 gramos Profundidad del producto principal (en mm) 13 mil\u00edmetros Ancho del producto principal (en mm) 27mm Altura del producto principal&hellip;","_links":{"self":[{"href":"https:\/\/rms-enlinea.com.ar\/tienda\/wp-json\/wp\/v2\/product\/61975","targetHints":{"allow":["GET"]}}],"collection":[{"href":"https:\/\/rms-enlinea.com.ar\/tienda\/wp-json\/wp\/v2\/product"}],"about":[{"href":"https:\/\/rms-enlinea.com.ar\/tienda\/wp-json\/wp\/v2\/types\/product"}],"replies":[{"embeddable":true,"href":"https:\/\/rms-enlinea.com.ar\/tienda\/wp-json\/wp\/v2\/comments?post=61975"}],"wp:featuredmedia":[{"embeddable":true,"href":"https:\/\/rms-enlinea.com.ar\/tienda\/wp-json\/wp\/v2\/media\/46097"}],"wp:attachment":[{"href":"https:\/\/rms-enlinea.com.ar\/tienda\/wp-json\/wp\/v2\/media?parent=61975"}],"wp:term":[{"taxonomy":"product_brand","embeddable":true,"href":"https:\/\/rms-enlinea.com.ar\/tienda\/wp-json\/wp\/v2\/product_brand?post=61975"},{"taxonomy":"product_cat","embeddable":true,"href":"https:\/\/rms-enlinea.com.ar\/tienda\/wp-json\/wp\/v2\/product_cat?post=61975"},{"taxonomy":"product_tag","embeddable":true,"href":"https:\/\/rms-enlinea.com.ar\/tienda\/wp-json\/wp\/v2\/product_tag?post=61975"}],"curies":[{"name":"wp","href":"https:\/\/api.w.org\/{rel}","templated":true}]}}