{"id":61979,"date":"2026-03-10T13:21:53","date_gmt":"2026-03-10T16:21:53","guid":{"rendered":"https:\/\/rms-enlinea.com.ar\/tienda\/producto\/woofer-15-pulgadas-500w-rms-neodimio-american-vox-av-neo1576\/"},"modified":"2026-04-14T03:20:26","modified_gmt":"2026-04-14T06:20:26","slug":"woofer-15-pulgadas-500w-rms-neodimio-american-vox-av-neo1576","status":"publish","type":"product","link":"https:\/\/rms-enlinea.com.ar\/tienda\/producto\/woofer-15-pulgadas-500w-rms-neodimio-american-vox-av-neo1576\/","title":{"rendered":"Woofer 15 Pulgadas 500w Rms Neodimio American Vox Av-neo1576"},"content":{"rendered":"<p>PAR\u00c1METROS T\u00c9CNICOS<br \/>\nImpedancia nominal 8 Ohm<br \/>\nSoporte potencia AES 500 W<br \/>\nSoporte m\u00e1ximo de potencia 1000 W<br \/>\nSensibilidad (1W\/1m) 99.5 dB<br \/>\nRango de frecuencia 40\u00f72000 Hz<br \/>\nDi\u00e1metro Bobina 76 mm (3 in)<br \/>\nIm\u00e1n Neodimio<br \/>\nMaterial Canasta Aluminio<\/p>\n","protected":false},"excerpt":{"rendered":"<p>PAR\u00c1METROS T\u00c9CNICOS Impedancia nominal 8 Ohm Soporte potencia AES 500 W Soporte m\u00e1ximo de potencia 1000 W Sensibilidad (1W\/1m) 99.5 dB Rango de frecuencia 40\u00f72000 Hz Di\u00e1metro Bobina 76 mm (3 in) Im\u00e1n Neodimio Material Canasta Aluminio<\/p>\n","protected":false},"featured_media":61980,"comment_status":"open","ping_status":"closed","template":"","meta":{"_uag_custom_page_level_css":""},"product_brand":[506],"product_cat":[82],"product_tag":[],"class_list":{"0":"post-61979","1":"product","2":"type-product","3":"status-publish","4":"has-post-thumbnail","6":"product_brand-americanvox","7":"product_cat-woofers","9":"first","10":"instock","11":"sale","12":"taxable","13":"shipping-taxable","14":"purchasable","15":"product-type-simple"},"uagb_featured_image_src":{"full":["https:\/\/rms-enlinea.com.ar\/wp-content\/uploads\/2026\/03\/D_712949-MLA107689964992_032026-F.jpg",849,704,false],"thumbnail":["https:\/\/rms-enlinea.com.ar\/wp-content\/uploads\/2026\/03\/D_712949-MLA107689964992_032026-F-150x150.jpg",150,150,true],"medium":["https:\/\/rms-enlinea.com.ar\/wp-content\/uploads\/2026\/03\/D_712949-MLA107689964992_032026-F-300x249.jpg",300,249,true],"medium_large":["https:\/\/rms-enlinea.com.ar\/wp-content\/uploads\/2026\/03\/D_712949-MLA107689964992_032026-F-768x637.jpg",768,637,true],"large":["https:\/\/rms-enlinea.com.ar\/wp-content\/uploads\/2026\/03\/D_712949-MLA107689964992_032026-F.jpg",849,704,false],"1536x1536":["https:\/\/rms-enlinea.com.ar\/wp-content\/uploads\/2026\/03\/D_712949-MLA107689964992_032026-F.jpg",849,704,false],"2048x2048":["https:\/\/rms-enlinea.com.ar\/wp-content\/uploads\/2026\/03\/D_712949-MLA107689964992_032026-F.jpg",849,704,false],"woocommerce_thumbnail":["https:\/\/rms-enlinea.com.ar\/wp-content\/uploads\/2026\/03\/D_712949-MLA107689964992_032026-F-450x450.jpg",450,450,true],"woocommerce_single":["https:\/\/rms-enlinea.com.ar\/wp-content\/uploads\/2026\/03\/D_712949-MLA107689964992_032026-F-600x498.jpg",600,498,true],"woocommerce_gallery_thumbnail":["https:\/\/rms-enlinea.com.ar\/wp-content\/uploads\/2026\/03\/D_712949-MLA107689964992_032026-F-100x100.jpg",100,100,true]},"uagb_author_info":{"display_name":"mario","author_link":"https:\/\/rms-enlinea.com.ar\/tienda\/author\/"},"uagb_comment_info":0,"uagb_excerpt":"PAR\u00c1METROS T\u00c9CNICOS Impedancia nominal 8 Ohm Soporte potencia AES 500 W Soporte m\u00e1ximo de potencia 1000 W Sensibilidad (1W\/1m) 99.5 dB Rango de frecuencia 40\u00f72000 Hz Di\u00e1metro Bobina 76 mm (3 in) Im\u00e1n Neodimio Material Canasta Aluminio","_links":{"self":[{"href":"https:\/\/rms-enlinea.com.ar\/tienda\/wp-json\/wp\/v2\/product\/61979","targetHints":{"allow":["GET"]}}],"collection":[{"href":"https:\/\/rms-enlinea.com.ar\/tienda\/wp-json\/wp\/v2\/product"}],"about":[{"href":"https:\/\/rms-enlinea.com.ar\/tienda\/wp-json\/wp\/v2\/types\/product"}],"replies":[{"embeddable":true,"href":"https:\/\/rms-enlinea.com.ar\/tienda\/wp-json\/wp\/v2\/comments?post=61979"}],"wp:featuredmedia":[{"embeddable":true,"href":"https:\/\/rms-enlinea.com.ar\/tienda\/wp-json\/wp\/v2\/media\/61980"}],"wp:attachment":[{"href":"https:\/\/rms-enlinea.com.ar\/tienda\/wp-json\/wp\/v2\/media?parent=61979"}],"wp:term":[{"taxonomy":"product_brand","embeddable":true,"href":"https:\/\/rms-enlinea.com.ar\/tienda\/wp-json\/wp\/v2\/product_brand?post=61979"},{"taxonomy":"product_cat","embeddable":true,"href":"https:\/\/rms-enlinea.com.ar\/tienda\/wp-json\/wp\/v2\/product_cat?post=61979"},{"taxonomy":"product_tag","embeddable":true,"href":"https:\/\/rms-enlinea.com.ar\/tienda\/wp-json\/wp\/v2\/product_tag?post=61979"}],"curies":[{"name":"wp","href":"https:\/\/api.w.org\/{rel}","templated":true}]}}