{"id":62003,"date":"2026-03-10T18:02:22","date_gmt":"2026-03-10T21:02:22","guid":{"rendered":"https:\/\/rms-enlinea.com.ar\/tienda\/producto\/auricular-gamer-trust-forta-gxt498b-ps5-blue-25556\/"},"modified":"2026-04-21T04:26:03","modified_gmt":"2026-04-21T07:26:03","slug":"auricular-gamer-trust-forta-gxt498b-ps5-blue-25556","status":"publish","type":"product","link":"https:\/\/rms-enlinea.com.ar\/tienda\/producto\/auricular-gamer-trust-forta-gxt498b-ps5-blue-25556\/","title":{"rendered":"Auricular Gamer Trust Forta Gxt498b Ps5 Blue 25556"},"content":{"rendered":"<p>Con licencia para ganar<br \/>Disfruta del mejor gaming con estos auriculares Forta con licencia oficial para la PS5&#x2122;. No solo han sido dise\u00f1ados para funcionar a la perfecci\u00f3n con tu PlayStation\u00ae, sino que adem\u00e1s van a juego con ella. \u00bfA que molan?<\/p>\n<p>Product Highlight image Con licencia para ganar <br \/>Sonido alto y claro<br \/>\u00bfTe apetece charlar? Expresa tus emociones a trav\u00e9s del vers\u00e1til micr\u00f3fono extra\u00edble. \u00bfNo est\u00e1s de humor? No pasa nada. Simplemente, desconecta el micr\u00f3fono y listo.<\/p>\n<p>Product Highlight image Sonido alto y claro <br \/>T\u00fa est\u00e1s al mando<br \/>La hora de jugar es para ti, as\u00ed que haz las cosas a tu manera: el control de volumen en el auricular y el micr\u00f3fono con silenciador te permiten o\u00edr y que te oigan solo cuando t\u00fa quieres, mientras que el cable extra\u00edble de 3,5 mil\u00edmetros y 1,2 metros de longitud te ayuda a conectarte f\u00e1cilmente a la PS4&#x2122;, la PS5&#x2122; o al ordenador*. \u00a1A jugar se ha dicho! *La compatibilidad con PC no ha sido probada ni respaldada por Sony Interactive Entertainment<\/p>\n","protected":false},"excerpt":{"rendered":"<p>Con licencia para ganarDisfruta del mejor gaming con estos auriculares Forta con licencia oficial para la PS5&#x2122;. No solo han sido dise\u00f1ados para funcionar a la perfecci\u00f3n con tu PlayStation\u00ae, sino que adem\u00e1s van a juego con ella. \u00bfA que molan? Product Highlight image Con licencia para ganar Sonido alto y claro\u00bfTe apetece charlar? Expresa [&hellip;]<\/p>\n","protected":false},"featured_media":62004,"comment_status":"open","ping_status":"closed","template":"","meta":{"_uag_custom_page_level_css":""},"product_brand":[542],"product_cat":[99,15],"product_tag":[],"class_list":{"0":"post-62003","1":"product","2":"type-product","3":"status-publish","4":"has-post-thumbnail","6":"product_brand-trustgaming","7":"product_cat-auriculares-computacion","8":"product_cat-sin-categorizar","10":"first","11":"outofstock","12":"sale","13":"taxable","14":"shipping-taxable","15":"purchasable","16":"product-type-simple"},"uagb_featured_image_src":{"full":["https:\/\/rms-enlinea.com.ar\/wp-content\/uploads\/2026\/03\/D_895667-MLA108241247747_032026-F.jpg",1200,1168,false],"thumbnail":["https:\/\/rms-enlinea.com.ar\/wp-content\/uploads\/2026\/03\/D_895667-MLA108241247747_032026-F-150x150.jpg",150,150,true],"medium":["https:\/\/rms-enlinea.com.ar\/wp-content\/uploads\/2026\/03\/D_895667-MLA108241247747_032026-F-300x292.jpg",300,292,true],"medium_large":["https:\/\/rms-enlinea.com.ar\/wp-content\/uploads\/2026\/03\/D_895667-MLA108241247747_032026-F-768x748.jpg",768,748,true],"large":["https:\/\/rms-enlinea.com.ar\/wp-content\/uploads\/2026\/03\/D_895667-MLA108241247747_032026-F-1024x997.jpg",1024,997,true],"1536x1536":["https:\/\/rms-enlinea.com.ar\/wp-content\/uploads\/2026\/03\/D_895667-MLA108241247747_032026-F.jpg",1200,1168,false],"2048x2048":["https:\/\/rms-enlinea.com.ar\/wp-content\/uploads\/2026\/03\/D_895667-MLA108241247747_032026-F.jpg",1200,1168,false],"woocommerce_thumbnail":["https:\/\/rms-enlinea.com.ar\/wp-content\/uploads\/2026\/03\/D_895667-MLA108241247747_032026-F-450x450.jpg",450,450,true],"woocommerce_single":["https:\/\/rms-enlinea.com.ar\/wp-content\/uploads\/2026\/03\/D_895667-MLA108241247747_032026-F-600x584.jpg",600,584,true],"woocommerce_gallery_thumbnail":["https:\/\/rms-enlinea.com.ar\/wp-content\/uploads\/2026\/03\/D_895667-MLA108241247747_032026-F-100x100.jpg",100,100,true]},"uagb_author_info":{"display_name":"nelson","author_link":"https:\/\/rms-enlinea.com.ar\/tienda\/author\/"},"uagb_comment_info":0,"uagb_excerpt":"Con licencia para ganarDisfruta del mejor gaming con estos auriculares Forta con licencia oficial para la PS5&#x2122;. No solo han sido dise\u00f1ados para funcionar a la perfecci\u00f3n con tu PlayStation\u00ae, sino que adem\u00e1s van a juego con ella. \u00bfA que molan? Product Highlight image Con licencia para ganar Sonido alto y claro\u00bfTe apetece charlar? Expresa&hellip;","_links":{"self":[{"href":"https:\/\/rms-enlinea.com.ar\/tienda\/wp-json\/wp\/v2\/product\/62003","targetHints":{"allow":["GET"]}}],"collection":[{"href":"https:\/\/rms-enlinea.com.ar\/tienda\/wp-json\/wp\/v2\/product"}],"about":[{"href":"https:\/\/rms-enlinea.com.ar\/tienda\/wp-json\/wp\/v2\/types\/product"}],"replies":[{"embeddable":true,"href":"https:\/\/rms-enlinea.com.ar\/tienda\/wp-json\/wp\/v2\/comments?post=62003"}],"wp:featuredmedia":[{"embeddable":true,"href":"https:\/\/rms-enlinea.com.ar\/tienda\/wp-json\/wp\/v2\/media\/62004"}],"wp:attachment":[{"href":"https:\/\/rms-enlinea.com.ar\/tienda\/wp-json\/wp\/v2\/media?parent=62003"}],"wp:term":[{"taxonomy":"product_brand","embeddable":true,"href":"https:\/\/rms-enlinea.com.ar\/tienda\/wp-json\/wp\/v2\/product_brand?post=62003"},{"taxonomy":"product_cat","embeddable":true,"href":"https:\/\/rms-enlinea.com.ar\/tienda\/wp-json\/wp\/v2\/product_cat?post=62003"},{"taxonomy":"product_tag","embeddable":true,"href":"https:\/\/rms-enlinea.com.ar\/tienda\/wp-json\/wp\/v2\/product_tag?post=62003"}],"curies":[{"name":"wp","href":"https:\/\/api.w.org\/{rel}","templated":true}]}}