{"id":62054,"date":"2026-03-11T11:50:10","date_gmt":"2026-03-11T14:50:10","guid":{"rendered":"https:\/\/rms-enlinea.com.ar\/tienda\/producto\/mouse-pad-trust-bigfoot-rosa-pink-26013-apoya-muneca\/"},"modified":"2026-05-04T09:58:59","modified_gmt":"2026-05-04T12:58:59","slug":"mouse-pad-trust-bigfoot-rosa-pink-26013-apoya-muneca","status":"publish","type":"product","link":"https:\/\/rms-enlinea.com.ar\/tienda\/producto\/mouse-pad-trust-bigfoot-rosa-pink-26013-apoya-muneca\/","title":{"rendered":"Mouse Pad Trust Bigfoot Rosa Pink 26013 Apoya Mu\u00f1eca"},"content":{"rendered":"<p>Soporte de mu\u00f1eca S\u00ed<br \/>Dos caras No<br \/>Enrollar No<br \/>Antideslizante S\u00ed<br \/>Tama\u00f1o y peso<br \/>Talla S<br \/>Peso de la unidad principal 167 gramos<br \/>Altura del producto principal (en mm) 236 mil\u00edmetros<br \/>Profundidad del producto principal (en mm) 16 mil\u00edmetros<br \/>Ancho del producto principal (en mm) 205 mil\u00edmetros<\/p>\n","protected":false},"excerpt":{"rendered":"<p>Soporte de mu\u00f1eca S\u00edDos caras NoEnrollar NoAntideslizante S\u00edTama\u00f1o y pesoTalla SPeso de la unidad principal 167 gramosAltura del producto principal (en mm) 236 mil\u00edmetrosProfundidad del producto principal (en mm) 16 mil\u00edmetrosAncho del producto principal (en mm) 205 mil\u00edmetros<\/p>\n","protected":false},"featured_media":62055,"comment_status":"open","ping_status":"closed","template":"","meta":{"_uag_custom_page_level_css":""},"product_brand":[542],"product_cat":[15,125],"product_tag":[],"class_list":{"0":"post-62054","1":"product","2":"type-product","3":"status-publish","4":"has-post-thumbnail","6":"product_brand-trustgaming","7":"product_cat-sin-categorizar","8":"product_cat-teclados-y-mouses","10":"first","11":"outofstock","12":"sale","13":"taxable","14":"shipping-taxable","15":"purchasable","16":"product-type-simple"},"uagb_featured_image_src":{"full":["https:\/\/rms-enlinea.com.ar\/wp-content\/uploads\/2026\/03\/D_621302-MLA108490772625_032026-F.jpg",1024,1024,false],"thumbnail":["https:\/\/rms-enlinea.com.ar\/wp-content\/uploads\/2026\/03\/D_621302-MLA108490772625_032026-F-150x150.jpg",150,150,true],"medium":["https:\/\/rms-enlinea.com.ar\/wp-content\/uploads\/2026\/03\/D_621302-MLA108490772625_032026-F-300x300.jpg",300,300,true],"medium_large":["https:\/\/rms-enlinea.com.ar\/wp-content\/uploads\/2026\/03\/D_621302-MLA108490772625_032026-F-768x768.jpg",768,768,true],"large":["https:\/\/rms-enlinea.com.ar\/wp-content\/uploads\/2026\/03\/D_621302-MLA108490772625_032026-F.jpg",1024,1024,false],"1536x1536":["https:\/\/rms-enlinea.com.ar\/wp-content\/uploads\/2026\/03\/D_621302-MLA108490772625_032026-F.jpg",1024,1024,false],"2048x2048":["https:\/\/rms-enlinea.com.ar\/wp-content\/uploads\/2026\/03\/D_621302-MLA108490772625_032026-F.jpg",1024,1024,false],"woocommerce_thumbnail":["https:\/\/rms-enlinea.com.ar\/wp-content\/uploads\/2026\/03\/D_621302-MLA108490772625_032026-F-450x450.jpg",450,450,true],"woocommerce_single":["https:\/\/rms-enlinea.com.ar\/wp-content\/uploads\/2026\/03\/D_621302-MLA108490772625_032026-F-600x600.jpg",600,600,true],"woocommerce_gallery_thumbnail":["https:\/\/rms-enlinea.com.ar\/wp-content\/uploads\/2026\/03\/D_621302-MLA108490772625_032026-F-100x100.jpg",100,100,true]},"uagb_author_info":{"display_name":"nelson","author_link":"https:\/\/rms-enlinea.com.ar\/tienda\/author\/"},"uagb_comment_info":0,"uagb_excerpt":"Soporte de mu\u00f1eca S\u00edDos caras NoEnrollar NoAntideslizante S\u00edTama\u00f1o y pesoTalla SPeso de la unidad principal 167 gramosAltura del producto principal (en mm) 236 mil\u00edmetrosProfundidad del producto principal (en mm) 16 mil\u00edmetrosAncho del producto principal (en mm) 205 mil\u00edmetros","_links":{"self":[{"href":"https:\/\/rms-enlinea.com.ar\/tienda\/wp-json\/wp\/v2\/product\/62054","targetHints":{"allow":["GET"]}}],"collection":[{"href":"https:\/\/rms-enlinea.com.ar\/tienda\/wp-json\/wp\/v2\/product"}],"about":[{"href":"https:\/\/rms-enlinea.com.ar\/tienda\/wp-json\/wp\/v2\/types\/product"}],"replies":[{"embeddable":true,"href":"https:\/\/rms-enlinea.com.ar\/tienda\/wp-json\/wp\/v2\/comments?post=62054"}],"wp:featuredmedia":[{"embeddable":true,"href":"https:\/\/rms-enlinea.com.ar\/tienda\/wp-json\/wp\/v2\/media\/62055"}],"wp:attachment":[{"href":"https:\/\/rms-enlinea.com.ar\/tienda\/wp-json\/wp\/v2\/media?parent=62054"}],"wp:term":[{"taxonomy":"product_brand","embeddable":true,"href":"https:\/\/rms-enlinea.com.ar\/tienda\/wp-json\/wp\/v2\/product_brand?post=62054"},{"taxonomy":"product_cat","embeddable":true,"href":"https:\/\/rms-enlinea.com.ar\/tienda\/wp-json\/wp\/v2\/product_cat?post=62054"},{"taxonomy":"product_tag","embeddable":true,"href":"https:\/\/rms-enlinea.com.ar\/tienda\/wp-json\/wp\/v2\/product_tag?post=62054"}],"curies":[{"name":"wp","href":"https:\/\/api.w.org\/{rel}","templated":true}]}}