{"id":62068,"date":"2026-03-11T12:51:07","date_gmt":"2026-03-11T15:51:07","guid":{"rendered":"https:\/\/rms-enlinea.com.ar\/tienda\/producto\/pack-x-2-adaptadores-usb-a-a-usb-c-trust-25573\/"},"modified":"2026-03-18T05:00:22","modified_gmt":"2026-03-18T08:00:22","slug":"pack-x-2-adaptadores-usb-a-a-usb-c-trust-25573","status":"publish","type":"product","link":"https:\/\/rms-enlinea.com.ar\/tienda\/producto\/pack-x-2-adaptadores-usb-a-a-usb-c-trust-25573\/","title":{"rendered":"Pack X 2 Adaptadores Usb-a A Usb-c Trust 25573"},"content":{"rendered":"<p>Conectividad<br \/>\nConector de &#8211; a USB-A a USB-C<br \/>\nConexiones para USB-C<br \/>\nVersi\u00f3n USB 1.1, 2.0, 3.2 generaci\u00f3n 1, 3.2 generaci\u00f3n 2<\/p>\n<p>Tama\u00f1o y peso<br \/>\nPeso de la unidad principal 7 gramos<br \/>\nPeso total 7 gramos<br \/>\nAltura del producto principal (en mm) 8 mil\u00edmetros<br \/>\nProfundidad del producto principal (en mm) 41 mil\u00edmetros<br \/>\nAncho del producto principal (en mm) 11 mil\u00edmetros<\/p>\n","protected":false},"excerpt":{"rendered":"<p>Conectividad Conector de &#8211; a USB-A a USB-C Conexiones para USB-C Versi\u00f3n USB 1.1, 2.0, 3.2 generaci\u00f3n 1, 3.2 generaci\u00f3n 2 Tama\u00f1o y peso Peso de la unidad principal 7 gramos Peso total 7 gramos Altura del producto principal (en mm) 8 mil\u00edmetros Profundidad del producto principal (en mm) 41 mil\u00edmetros Ancho del producto principal [&hellip;]<\/p>\n","protected":false},"featured_media":62069,"comment_status":"open","ping_status":"closed","template":"","meta":{"_uag_custom_page_level_css":""},"product_brand":[542],"product_cat":[101,15],"product_tag":[],"class_list":{"0":"post-62068","1":"product","2":"type-product","3":"status-publish","4":"has-post-thumbnail","6":"product_brand-trustgaming","7":"product_cat-cables-y-adaptadores","8":"product_cat-sin-categorizar","10":"first","11":"instock","12":"sale","13":"taxable","14":"shipping-taxable","15":"purchasable","16":"product-type-simple"},"uagb_featured_image_src":{"full":["https:\/\/rms-enlinea.com.ar\/wp-content\/uploads\/2026\/03\/D_972644-MLA107749773600_032026-F.jpg",1024,1024,false],"thumbnail":["https:\/\/rms-enlinea.com.ar\/wp-content\/uploads\/2026\/03\/D_972644-MLA107749773600_032026-F-150x150.jpg",150,150,true],"medium":["https:\/\/rms-enlinea.com.ar\/wp-content\/uploads\/2026\/03\/D_972644-MLA107749773600_032026-F-300x300.jpg",300,300,true],"medium_large":["https:\/\/rms-enlinea.com.ar\/wp-content\/uploads\/2026\/03\/D_972644-MLA107749773600_032026-F-768x768.jpg",768,768,true],"large":["https:\/\/rms-enlinea.com.ar\/wp-content\/uploads\/2026\/03\/D_972644-MLA107749773600_032026-F.jpg",1024,1024,false],"1536x1536":["https:\/\/rms-enlinea.com.ar\/wp-content\/uploads\/2026\/03\/D_972644-MLA107749773600_032026-F.jpg",1024,1024,false],"2048x2048":["https:\/\/rms-enlinea.com.ar\/wp-content\/uploads\/2026\/03\/D_972644-MLA107749773600_032026-F.jpg",1024,1024,false],"woocommerce_thumbnail":["https:\/\/rms-enlinea.com.ar\/wp-content\/uploads\/2026\/03\/D_972644-MLA107749773600_032026-F-450x450.jpg",450,450,true],"woocommerce_single":["https:\/\/rms-enlinea.com.ar\/wp-content\/uploads\/2026\/03\/D_972644-MLA107749773600_032026-F-600x600.jpg",600,600,true],"woocommerce_gallery_thumbnail":["https:\/\/rms-enlinea.com.ar\/wp-content\/uploads\/2026\/03\/D_972644-MLA107749773600_032026-F-100x100.jpg",100,100,true]},"uagb_author_info":{"display_name":"nelson","author_link":"https:\/\/rms-enlinea.com.ar\/tienda\/author\/"},"uagb_comment_info":0,"uagb_excerpt":"Conectividad Conector de &#8211; a USB-A a USB-C Conexiones para USB-C Versi\u00f3n USB 1.1, 2.0, 3.2 generaci\u00f3n 1, 3.2 generaci\u00f3n 2 Tama\u00f1o y peso Peso de la unidad principal 7 gramos Peso total 7 gramos Altura del producto principal (en mm) 8 mil\u00edmetros Profundidad del producto principal (en mm) 41 mil\u00edmetros Ancho del producto principal&hellip;","_links":{"self":[{"href":"https:\/\/rms-enlinea.com.ar\/tienda\/wp-json\/wp\/v2\/product\/62068","targetHints":{"allow":["GET"]}}],"collection":[{"href":"https:\/\/rms-enlinea.com.ar\/tienda\/wp-json\/wp\/v2\/product"}],"about":[{"href":"https:\/\/rms-enlinea.com.ar\/tienda\/wp-json\/wp\/v2\/types\/product"}],"replies":[{"embeddable":true,"href":"https:\/\/rms-enlinea.com.ar\/tienda\/wp-json\/wp\/v2\/comments?post=62068"}],"wp:featuredmedia":[{"embeddable":true,"href":"https:\/\/rms-enlinea.com.ar\/tienda\/wp-json\/wp\/v2\/media\/62069"}],"wp:attachment":[{"href":"https:\/\/rms-enlinea.com.ar\/tienda\/wp-json\/wp\/v2\/media?parent=62068"}],"wp:term":[{"taxonomy":"product_brand","embeddable":true,"href":"https:\/\/rms-enlinea.com.ar\/tienda\/wp-json\/wp\/v2\/product_brand?post=62068"},{"taxonomy":"product_cat","embeddable":true,"href":"https:\/\/rms-enlinea.com.ar\/tienda\/wp-json\/wp\/v2\/product_cat?post=62068"},{"taxonomy":"product_tag","embeddable":true,"href":"https:\/\/rms-enlinea.com.ar\/tienda\/wp-json\/wp\/v2\/product_tag?post=62068"}],"curies":[{"name":"wp","href":"https:\/\/api.w.org\/{rel}","templated":true}]}}