{"id":62074,"date":"2026-03-11T13:01:24","date_gmt":"2026-03-11T16:01:24","guid":{"rendered":"https:\/\/rms-enlinea.com.ar\/tienda\/producto\/soporte-de-auriculares-para-ps5-trust-gxt223-25782\/"},"modified":"2026-03-18T04:40:21","modified_gmt":"2026-03-18T07:40:21","slug":"soporte-de-auriculares-para-ps5-trust-gxt223-25782","status":"publish","type":"product","link":"https:\/\/rms-enlinea.com.ar\/tienda\/producto\/soporte-de-auriculares-para-ps5-trust-gxt223-25782\/","title":{"rendered":"Soporte De Auriculares Para Ps5 Trust Gxt223 25782"},"content":{"rendered":"<p>Tama\u00f1o y peso<br \/>\nPeso total 16 gramos<br \/>\nAltura del producto principal (en mm) 82 mil\u00edmetros<br \/>\nProfundidad del producto principal (en mm) 32 mil\u00edmetros<br \/>\nAncho del producto principal (en mm) 45 mil\u00edmetros<\/p>\n","protected":false},"excerpt":{"rendered":"<p>Tama\u00f1o y peso Peso total 16 gramos Altura del producto principal (en mm) 82 mil\u00edmetros Profundidad del producto principal (en mm) 32 mil\u00edmetros Ancho del producto principal (en mm) 45 mil\u00edmetros<\/p>\n","protected":false},"featured_media":62075,"comment_status":"open","ping_status":"closed","template":"","meta":{"_uag_custom_page_level_css":""},"product_brand":[542],"product_cat":[15,461],"product_tag":[],"class_list":{"0":"post-62074","1":"product","2":"type-product","3":"status-publish","4":"has-post-thumbnail","6":"product_brand-trustgaming","7":"product_cat-sin-categorizar","8":"product_cat-soportes-computacion","10":"first","11":"instock","12":"sale","13":"taxable","14":"shipping-taxable","15":"purchasable","16":"product-type-simple"},"uagb_featured_image_src":{"full":["https:\/\/rms-enlinea.com.ar\/wp-content\/uploads\/2026\/03\/D_853160-MLA107750127458_032026-F.jpg",1039,591,false],"thumbnail":["https:\/\/rms-enlinea.com.ar\/wp-content\/uploads\/2026\/03\/D_853160-MLA107750127458_032026-F-150x150.jpg",150,150,true],"medium":["https:\/\/rms-enlinea.com.ar\/wp-content\/uploads\/2026\/03\/D_853160-MLA107750127458_032026-F-300x171.jpg",300,171,true],"medium_large":["https:\/\/rms-enlinea.com.ar\/wp-content\/uploads\/2026\/03\/D_853160-MLA107750127458_032026-F-768x437.jpg",768,437,true],"large":["https:\/\/rms-enlinea.com.ar\/wp-content\/uploads\/2026\/03\/D_853160-MLA107750127458_032026-F-1024x582.jpg",1024,582,true],"1536x1536":["https:\/\/rms-enlinea.com.ar\/wp-content\/uploads\/2026\/03\/D_853160-MLA107750127458_032026-F.jpg",1039,591,false],"2048x2048":["https:\/\/rms-enlinea.com.ar\/wp-content\/uploads\/2026\/03\/D_853160-MLA107750127458_032026-F.jpg",1039,591,false],"woocommerce_thumbnail":["https:\/\/rms-enlinea.com.ar\/wp-content\/uploads\/2026\/03\/D_853160-MLA107750127458_032026-F-450x450.jpg",450,450,true],"woocommerce_single":["https:\/\/rms-enlinea.com.ar\/wp-content\/uploads\/2026\/03\/D_853160-MLA107750127458_032026-F-600x341.jpg",600,341,true],"woocommerce_gallery_thumbnail":["https:\/\/rms-enlinea.com.ar\/wp-content\/uploads\/2026\/03\/D_853160-MLA107750127458_032026-F-100x100.jpg",100,100,true]},"uagb_author_info":{"display_name":"nelson","author_link":"https:\/\/rms-enlinea.com.ar\/tienda\/author\/"},"uagb_comment_info":0,"uagb_excerpt":"Tama\u00f1o y peso Peso total 16 gramos Altura del producto principal (en mm) 82 mil\u00edmetros Profundidad del producto principal (en mm) 32 mil\u00edmetros Ancho del producto principal (en mm) 45 mil\u00edmetros","_links":{"self":[{"href":"https:\/\/rms-enlinea.com.ar\/tienda\/wp-json\/wp\/v2\/product\/62074","targetHints":{"allow":["GET"]}}],"collection":[{"href":"https:\/\/rms-enlinea.com.ar\/tienda\/wp-json\/wp\/v2\/product"}],"about":[{"href":"https:\/\/rms-enlinea.com.ar\/tienda\/wp-json\/wp\/v2\/types\/product"}],"replies":[{"embeddable":true,"href":"https:\/\/rms-enlinea.com.ar\/tienda\/wp-json\/wp\/v2\/comments?post=62074"}],"wp:featuredmedia":[{"embeddable":true,"href":"https:\/\/rms-enlinea.com.ar\/tienda\/wp-json\/wp\/v2\/media\/62075"}],"wp:attachment":[{"href":"https:\/\/rms-enlinea.com.ar\/tienda\/wp-json\/wp\/v2\/media?parent=62074"}],"wp:term":[{"taxonomy":"product_brand","embeddable":true,"href":"https:\/\/rms-enlinea.com.ar\/tienda\/wp-json\/wp\/v2\/product_brand?post=62074"},{"taxonomy":"product_cat","embeddable":true,"href":"https:\/\/rms-enlinea.com.ar\/tienda\/wp-json\/wp\/v2\/product_cat?post=62074"},{"taxonomy":"product_tag","embeddable":true,"href":"https:\/\/rms-enlinea.com.ar\/tienda\/wp-json\/wp\/v2\/product_tag?post=62074"}],"curies":[{"name":"wp","href":"https:\/\/api.w.org\/{rel}","templated":true}]}}