{"id":62095,"date":"2026-03-11T13:11:34","date_gmt":"2026-03-11T16:11:34","guid":{"rendered":"https:\/\/rms-enlinea.com.ar\/tienda\/producto\/cable-usb-a-a-usb-c-3m-para-carga-joystick-ps5-trust-24168\/"},"modified":"2026-04-21T05:51:03","modified_gmt":"2026-04-21T08:51:03","slug":"cable-usb-a-a-usb-c-3m-para-carga-joystick-ps5-trust-24168","status":"publish","type":"product","link":"https:\/\/rms-enlinea.com.ar\/tienda\/producto\/cable-usb-a-a-usb-c-3m-para-carga-joystick-ps5-trust-24168\/","title":{"rendered":"Cable Usb-a A Usb-c 3m Para Carga Joystick Ps5 Trust 24168"},"content":{"rendered":"<p>Conectividad<br \/>\nVersi\u00f3n USB 2.0<br \/>\nVelocidad USB 480 Mbps<br \/>\nLongitud del cable principal 300 cent\u00edmetros<br \/>\nEstilo de cable normal<\/p>\n<p>Tama\u00f1o y peso<br \/>\nPeso total 103 gramos<\/p>\n","protected":false},"excerpt":{"rendered":"<p>Conectividad Versi\u00f3n USB 2.0 Velocidad USB 480 Mbps Longitud del cable principal 300 cent\u00edmetros Estilo de cable normal Tama\u00f1o y peso Peso total 103 gramos<\/p>\n","protected":false},"featured_media":62096,"comment_status":"open","ping_status":"closed","template":"","meta":{"_uag_custom_page_level_css":""},"product_brand":[542],"product_cat":[101,15],"product_tag":[],"class_list":{"0":"post-62095","1":"product","2":"type-product","3":"status-publish","4":"has-post-thumbnail","6":"product_brand-trustgaming","7":"product_cat-cables-y-adaptadores","8":"product_cat-sin-categorizar","10":"first","11":"outofstock","12":"sale","13":"taxable","14":"shipping-taxable","15":"purchasable","16":"product-type-simple"},"uagb_featured_image_src":{"full":["https:\/\/rms-enlinea.com.ar\/wp-content\/uploads\/2026\/03\/D_702292-MLA108493798067_032026-F.jpg",851,1104,false],"thumbnail":["https:\/\/rms-enlinea.com.ar\/wp-content\/uploads\/2026\/03\/D_702292-MLA108493798067_032026-F-150x150.jpg",150,150,true],"medium":["https:\/\/rms-enlinea.com.ar\/wp-content\/uploads\/2026\/03\/D_702292-MLA108493798067_032026-F-231x300.jpg",231,300,true],"medium_large":["https:\/\/rms-enlinea.com.ar\/wp-content\/uploads\/2026\/03\/D_702292-MLA108493798067_032026-F-768x996.jpg",768,996,true],"large":["https:\/\/rms-enlinea.com.ar\/wp-content\/uploads\/2026\/03\/D_702292-MLA108493798067_032026-F-789x1024.jpg",789,1024,true],"1536x1536":["https:\/\/rms-enlinea.com.ar\/wp-content\/uploads\/2026\/03\/D_702292-MLA108493798067_032026-F.jpg",851,1104,false],"2048x2048":["https:\/\/rms-enlinea.com.ar\/wp-content\/uploads\/2026\/03\/D_702292-MLA108493798067_032026-F.jpg",851,1104,false],"woocommerce_thumbnail":["https:\/\/rms-enlinea.com.ar\/wp-content\/uploads\/2026\/03\/D_702292-MLA108493798067_032026-F-450x450.jpg",450,450,true],"woocommerce_single":["https:\/\/rms-enlinea.com.ar\/wp-content\/uploads\/2026\/03\/D_702292-MLA108493798067_032026-F-600x778.jpg",600,778,true],"woocommerce_gallery_thumbnail":["https:\/\/rms-enlinea.com.ar\/wp-content\/uploads\/2026\/03\/D_702292-MLA108493798067_032026-F-100x100.jpg",100,100,true]},"uagb_author_info":{"display_name":"nelson","author_link":"https:\/\/rms-enlinea.com.ar\/tienda\/author\/"},"uagb_comment_info":0,"uagb_excerpt":"Conectividad Versi\u00f3n USB 2.0 Velocidad USB 480 Mbps Longitud del cable principal 300 cent\u00edmetros Estilo de cable normal Tama\u00f1o y peso Peso total 103 gramos","_links":{"self":[{"href":"https:\/\/rms-enlinea.com.ar\/tienda\/wp-json\/wp\/v2\/product\/62095","targetHints":{"allow":["GET"]}}],"collection":[{"href":"https:\/\/rms-enlinea.com.ar\/tienda\/wp-json\/wp\/v2\/product"}],"about":[{"href":"https:\/\/rms-enlinea.com.ar\/tienda\/wp-json\/wp\/v2\/types\/product"}],"replies":[{"embeddable":true,"href":"https:\/\/rms-enlinea.com.ar\/tienda\/wp-json\/wp\/v2\/comments?post=62095"}],"wp:featuredmedia":[{"embeddable":true,"href":"https:\/\/rms-enlinea.com.ar\/tienda\/wp-json\/wp\/v2\/media\/62096"}],"wp:attachment":[{"href":"https:\/\/rms-enlinea.com.ar\/tienda\/wp-json\/wp\/v2\/media?parent=62095"}],"wp:term":[{"taxonomy":"product_brand","embeddable":true,"href":"https:\/\/rms-enlinea.com.ar\/tienda\/wp-json\/wp\/v2\/product_brand?post=62095"},{"taxonomy":"product_cat","embeddable":true,"href":"https:\/\/rms-enlinea.com.ar\/tienda\/wp-json\/wp\/v2\/product_cat?post=62095"},{"taxonomy":"product_tag","embeddable":true,"href":"https:\/\/rms-enlinea.com.ar\/tienda\/wp-json\/wp\/v2\/product_tag?post=62095"}],"curies":[{"name":"wp","href":"https:\/\/api.w.org\/{rel}","templated":true}]}}