{"id":62108,"date":"2026-03-11T17:10:10","date_gmt":"2026-03-11T20:10:10","guid":{"rendered":"https:\/\/rms-enlinea.com.ar\/tienda\/producto\/funda-de-silicona-para-nintendo-switch-2-blanco-trust-25766\/"},"modified":"2026-03-14T22:14:30","modified_gmt":"2026-03-15T01:14:30","slug":"funda-de-silicona-para-nintendo-switch-2-blanco-trust-25766","status":"publish","type":"product","link":"https:\/\/rms-enlinea.com.ar\/tienda\/producto\/funda-de-silicona-para-nintendo-switch-2-blanco-trust-25766\/","title":{"rendered":"Funda De Silicona Para Nintendo Switch 2 Blanco Trust 25766"},"content":{"rendered":"<p>Tama\u00f1o y peso<br \/>\nPeso de la unidad principal 102 gramos<br \/>\nPeso total 102 gramos<br \/>\nAltura del producto principal (en mm) 121 mil\u00edmetros<br \/>\nProfundidad del producto principal (en mm) 29 mil\u00edmetros<br \/>\nAncho del producto principal (en mm) 276 mil\u00edmetros<\/p>\n<p>Compatibilidad<br \/>\nConsolas compatibles Nintendo Switch 2<\/p>\n","protected":false},"excerpt":{"rendered":"<p>Tama\u00f1o y peso Peso de la unidad principal 102 gramos Peso total 102 gramos Altura del producto principal (en mm) 121 mil\u00edmetros Profundidad del producto principal (en mm) 29 mil\u00edmetros Ancho del producto principal (en mm) 276 mil\u00edmetros Compatibilidad Consolas compatibles Nintendo Switch 2<\/p>\n","protected":false},"featured_media":62109,"comment_status":"open","ping_status":"closed","template":"","meta":{"_uag_custom_page_level_css":""},"product_brand":[542],"product_cat":[100,15],"product_tag":[],"class_list":{"0":"post-62108","1":"product","2":"type-product","3":"status-publish","4":"has-post-thumbnail","6":"product_brand-trustgaming","7":"product_cat-bolsos-y-mochilas","8":"product_cat-sin-categorizar","10":"first","11":"instock","12":"sale","13":"taxable","14":"shipping-taxable","15":"purchasable","16":"product-type-simple"},"uagb_featured_image_src":{"full":["https:\/\/rms-enlinea.com.ar\/wp-content\/uploads\/2026\/03\/D_835470-MLA107762090686_032026-F.jpg",1160,496,false],"thumbnail":["https:\/\/rms-enlinea.com.ar\/wp-content\/uploads\/2026\/03\/D_835470-MLA107762090686_032026-F-150x150.jpg",150,150,true],"medium":["https:\/\/rms-enlinea.com.ar\/wp-content\/uploads\/2026\/03\/D_835470-MLA107762090686_032026-F-300x128.jpg",300,128,true],"medium_large":["https:\/\/rms-enlinea.com.ar\/wp-content\/uploads\/2026\/03\/D_835470-MLA107762090686_032026-F-768x328.jpg",768,328,true],"large":["https:\/\/rms-enlinea.com.ar\/wp-content\/uploads\/2026\/03\/D_835470-MLA107762090686_032026-F-1024x438.jpg",1024,438,true],"1536x1536":["https:\/\/rms-enlinea.com.ar\/wp-content\/uploads\/2026\/03\/D_835470-MLA107762090686_032026-F.jpg",1160,496,false],"2048x2048":["https:\/\/rms-enlinea.com.ar\/wp-content\/uploads\/2026\/03\/D_835470-MLA107762090686_032026-F.jpg",1160,496,false],"woocommerce_thumbnail":["https:\/\/rms-enlinea.com.ar\/wp-content\/uploads\/2026\/03\/D_835470-MLA107762090686_032026-F-450x450.jpg",450,450,true],"woocommerce_single":["https:\/\/rms-enlinea.com.ar\/wp-content\/uploads\/2026\/03\/D_835470-MLA107762090686_032026-F-600x257.jpg",600,257,true],"woocommerce_gallery_thumbnail":["https:\/\/rms-enlinea.com.ar\/wp-content\/uploads\/2026\/03\/D_835470-MLA107762090686_032026-F-100x100.jpg",100,100,true]},"uagb_author_info":{"display_name":"nelson","author_link":"https:\/\/rms-enlinea.com.ar\/tienda\/author\/"},"uagb_comment_info":0,"uagb_excerpt":"Tama\u00f1o y peso Peso de la unidad principal 102 gramos Peso total 102 gramos Altura del producto principal (en mm) 121 mil\u00edmetros Profundidad del producto principal (en mm) 29 mil\u00edmetros Ancho del producto principal (en mm) 276 mil\u00edmetros Compatibilidad Consolas compatibles Nintendo Switch 2","_links":{"self":[{"href":"https:\/\/rms-enlinea.com.ar\/tienda\/wp-json\/wp\/v2\/product\/62108","targetHints":{"allow":["GET"]}}],"collection":[{"href":"https:\/\/rms-enlinea.com.ar\/tienda\/wp-json\/wp\/v2\/product"}],"about":[{"href":"https:\/\/rms-enlinea.com.ar\/tienda\/wp-json\/wp\/v2\/types\/product"}],"replies":[{"embeddable":true,"href":"https:\/\/rms-enlinea.com.ar\/tienda\/wp-json\/wp\/v2\/comments?post=62108"}],"wp:featuredmedia":[{"embeddable":true,"href":"https:\/\/rms-enlinea.com.ar\/tienda\/wp-json\/wp\/v2\/media\/62109"}],"wp:attachment":[{"href":"https:\/\/rms-enlinea.com.ar\/tienda\/wp-json\/wp\/v2\/media?parent=62108"}],"wp:term":[{"taxonomy":"product_brand","embeddable":true,"href":"https:\/\/rms-enlinea.com.ar\/tienda\/wp-json\/wp\/v2\/product_brand?post=62108"},{"taxonomy":"product_cat","embeddable":true,"href":"https:\/\/rms-enlinea.com.ar\/tienda\/wp-json\/wp\/v2\/product_cat?post=62108"},{"taxonomy":"product_tag","embeddable":true,"href":"https:\/\/rms-enlinea.com.ar\/tienda\/wp-json\/wp\/v2\/product_tag?post=62108"}],"curies":[{"name":"wp","href":"https:\/\/api.w.org\/{rel}","templated":true}]}}