{"id":62119,"date":"2026-03-11T23:31:40","date_gmt":"2026-03-12T02:31:40","guid":{"rendered":"https:\/\/rms-enlinea.com.ar\/tienda\/producto\/pad-mouse-xxl-900x400x3mm-trust-gxt759-25717\/"},"modified":"2026-04-21T06:00:14","modified_gmt":"2026-04-21T09:00:14","slug":"pad-mouse-xxl-900x400x3mm-trust-gxt759-25717","status":"publish","type":"product","link":"https:\/\/rms-enlinea.com.ar\/tienda\/producto\/pad-mouse-xxl-900x400x3mm-trust-gxt759-25717\/","title":{"rendered":"Pad Mouse Gamer Xxl 900x400x3mm Trust Gxt759 Blanco Blanco Overwatch"},"content":{"rendered":"<p>Caracter\u00edsticas<br \/>\nSoporte de mu\u00f1eca No<br \/>\nDos caras No<br \/>\nEnrollar S\u00ed<br \/>\nAntideslizante S\u00ed<\/p>\n<p>Tama\u00f1o y peso<br \/>\nTalla (XS-XXXL) XXL<br \/>\nPeso de la unidad principal 665 gramos<br \/>\nPeso total 665 gramos<br \/>\nAltura del producto principal (en mm) 3 mil\u00edmetros<br \/>\nProfundidad del producto principal (en mm) 400 mil\u00edmetros<br \/>\nAncho del producto principal (en mm) 900 mil\u00edmetros<\/p>\n","protected":false},"excerpt":{"rendered":"<p>Caracter\u00edsticas Soporte de mu\u00f1eca No Dos caras No Enrollar S\u00ed Antideslizante S\u00ed Tama\u00f1o y peso Talla (XS-XXXL) XXL Peso de la unidad principal 665 gramos Peso total 665 gramos Altura del producto principal (en mm) 3 mil\u00edmetros Profundidad del producto principal (en mm) 400 mil\u00edmetros Ancho del producto principal (en mm) 900 mil\u00edmetros<\/p>\n","protected":false},"featured_media":62120,"comment_status":"open","ping_status":"closed","template":"","meta":{"_uag_custom_page_level_css":""},"product_brand":[542],"product_cat":[15,125],"product_tag":[],"class_list":{"0":"post-62119","1":"product","2":"type-product","3":"status-publish","4":"has-post-thumbnail","6":"product_brand-trustgaming","7":"product_cat-sin-categorizar","8":"product_cat-teclados-y-mouses","10":"first","11":"outofstock","12":"sale","13":"taxable","14":"shipping-taxable","15":"purchasable","16":"product-type-simple"},"uagb_featured_image_src":{"full":["https:\/\/rms-enlinea.com.ar\/wp-content\/uploads\/2026\/03\/D_951740-MLA105980691354_022026-F.jpg",947,489,false],"thumbnail":["https:\/\/rms-enlinea.com.ar\/wp-content\/uploads\/2026\/03\/D_951740-MLA105980691354_022026-F-150x150.jpg",150,150,true],"medium":["https:\/\/rms-enlinea.com.ar\/wp-content\/uploads\/2026\/03\/D_951740-MLA105980691354_022026-F-300x155.jpg",300,155,true],"medium_large":["https:\/\/rms-enlinea.com.ar\/wp-content\/uploads\/2026\/03\/D_951740-MLA105980691354_022026-F-768x397.jpg",768,397,true],"large":["https:\/\/rms-enlinea.com.ar\/wp-content\/uploads\/2026\/03\/D_951740-MLA105980691354_022026-F.jpg",947,489,false],"1536x1536":["https:\/\/rms-enlinea.com.ar\/wp-content\/uploads\/2026\/03\/D_951740-MLA105980691354_022026-F.jpg",947,489,false],"2048x2048":["https:\/\/rms-enlinea.com.ar\/wp-content\/uploads\/2026\/03\/D_951740-MLA105980691354_022026-F.jpg",947,489,false],"woocommerce_thumbnail":["https:\/\/rms-enlinea.com.ar\/wp-content\/uploads\/2026\/03\/D_951740-MLA105980691354_022026-F-450x450.jpg",450,450,true],"woocommerce_single":["https:\/\/rms-enlinea.com.ar\/wp-content\/uploads\/2026\/03\/D_951740-MLA105980691354_022026-F-600x310.jpg",600,310,true],"woocommerce_gallery_thumbnail":["https:\/\/rms-enlinea.com.ar\/wp-content\/uploads\/2026\/03\/D_951740-MLA105980691354_022026-F-100x100.jpg",100,100,true]},"uagb_author_info":{"display_name":"nelson","author_link":"https:\/\/rms-enlinea.com.ar\/tienda\/author\/"},"uagb_comment_info":0,"uagb_excerpt":"Caracter\u00edsticas Soporte de mu\u00f1eca No Dos caras No Enrollar S\u00ed Antideslizante S\u00ed Tama\u00f1o y peso Talla (XS-XXXL) XXL Peso de la unidad principal 665 gramos Peso total 665 gramos Altura del producto principal (en mm) 3 mil\u00edmetros Profundidad del producto principal (en mm) 400 mil\u00edmetros Ancho del producto principal (en mm) 900 mil\u00edmetros","_links":{"self":[{"href":"https:\/\/rms-enlinea.com.ar\/tienda\/wp-json\/wp\/v2\/product\/62119","targetHints":{"allow":["GET"]}}],"collection":[{"href":"https:\/\/rms-enlinea.com.ar\/tienda\/wp-json\/wp\/v2\/product"}],"about":[{"href":"https:\/\/rms-enlinea.com.ar\/tienda\/wp-json\/wp\/v2\/types\/product"}],"replies":[{"embeddable":true,"href":"https:\/\/rms-enlinea.com.ar\/tienda\/wp-json\/wp\/v2\/comments?post=62119"}],"wp:featuredmedia":[{"embeddable":true,"href":"https:\/\/rms-enlinea.com.ar\/tienda\/wp-json\/wp\/v2\/media\/62120"}],"wp:attachment":[{"href":"https:\/\/rms-enlinea.com.ar\/tienda\/wp-json\/wp\/v2\/media?parent=62119"}],"wp:term":[{"taxonomy":"product_brand","embeddable":true,"href":"https:\/\/rms-enlinea.com.ar\/tienda\/wp-json\/wp\/v2\/product_brand?post=62119"},{"taxonomy":"product_cat","embeddable":true,"href":"https:\/\/rms-enlinea.com.ar\/tienda\/wp-json\/wp\/v2\/product_cat?post=62119"},{"taxonomy":"product_tag","embeddable":true,"href":"https:\/\/rms-enlinea.com.ar\/tienda\/wp-json\/wp\/v2\/product_tag?post=62119"}],"curies":[{"name":"wp","href":"https:\/\/api.w.org\/{rel}","templated":true}]}}