{"id":62133,"date":"2026-03-12T15:41:21","date_gmt":"2026-03-12T18:41:21","guid":{"rendered":"https:\/\/rms-enlinea.com.ar\/tienda\/producto\/pack-x-5-ruedas-para-silla-gamer-gel-c-led-trust-gxt701-2580\/"},"modified":"2026-04-07T23:43:05","modified_gmt":"2026-04-08T02:43:05","slug":"pack-x-5-ruedas-para-silla-gamer-gel-c-led-trust-gxt701-2580","status":"publish","type":"product","link":"https:\/\/rms-enlinea.com.ar\/tienda\/producto\/pack-x-5-ruedas-para-silla-gamer-gel-c-led-trust-gxt701-2580\/","title":{"rendered":"Pack X 5 Ruedas Para Silla Gamer Gel C\/led Trust Gxt701 2580"},"content":{"rendered":"<p>General<br \/>\nN\u00famero de ruedas 5<\/p>\n<p>Sostenibilidad<br \/>\nMaterial pl\u00e1stico Polipropileno, PU<\/p>\n<p>Tama\u00f1o y peso<br \/>\nPeso de la unidad principal 241 gramos<br \/>\nPeso total 1205 gramos<br \/>\nIluminaci\u00f3n<br \/>\nIluminado S\u00ed<br \/>\nCompatibilidad<br \/>\nPeso m\u00e1ximo 150 kilos<\/p>\n","protected":false},"excerpt":{"rendered":"<p>General N\u00famero de ruedas 5 Sostenibilidad Material pl\u00e1stico Polipropileno, PU Tama\u00f1o y peso Peso de la unidad principal 241 gramos Peso total 1205 gramos Iluminaci\u00f3n Iluminado S\u00ed Compatibilidad Peso m\u00e1ximo 150 kilos<\/p>\n","protected":false},"featured_media":62134,"comment_status":"open","ping_status":"closed","template":"","meta":{"_uag_custom_page_level_css":""},"product_brand":[542],"product_cat":[123,15],"product_tag":[],"class_list":{"0":"post-62133","1":"product","2":"type-product","3":"status-publish","4":"has-post-thumbnail","6":"product_brand-trustgaming","7":"product_cat-sillas-gamer","8":"product_cat-sin-categorizar","10":"first","11":"instock","12":"sale","13":"taxable","14":"shipping-taxable","15":"purchasable","16":"product-type-simple"},"uagb_featured_image_src":{"full":["https:\/\/rms-enlinea.com.ar\/wp-content\/uploads\/2026\/03\/D_866882-MLA108580588577_032026-F.jpg",1021,893,false],"thumbnail":["https:\/\/rms-enlinea.com.ar\/wp-content\/uploads\/2026\/03\/D_866882-MLA108580588577_032026-F-150x150.jpg",150,150,true],"medium":["https:\/\/rms-enlinea.com.ar\/wp-content\/uploads\/2026\/03\/D_866882-MLA108580588577_032026-F-300x262.jpg",300,262,true],"medium_large":["https:\/\/rms-enlinea.com.ar\/wp-content\/uploads\/2026\/03\/D_866882-MLA108580588577_032026-F-768x672.jpg",768,672,true],"large":["https:\/\/rms-enlinea.com.ar\/wp-content\/uploads\/2026\/03\/D_866882-MLA108580588577_032026-F.jpg",1021,893,false],"1536x1536":["https:\/\/rms-enlinea.com.ar\/wp-content\/uploads\/2026\/03\/D_866882-MLA108580588577_032026-F.jpg",1021,893,false],"2048x2048":["https:\/\/rms-enlinea.com.ar\/wp-content\/uploads\/2026\/03\/D_866882-MLA108580588577_032026-F.jpg",1021,893,false],"woocommerce_thumbnail":["https:\/\/rms-enlinea.com.ar\/wp-content\/uploads\/2026\/03\/D_866882-MLA108580588577_032026-F-450x450.jpg",450,450,true],"woocommerce_single":["https:\/\/rms-enlinea.com.ar\/wp-content\/uploads\/2026\/03\/D_866882-MLA108580588577_032026-F-600x525.jpg",600,525,true],"woocommerce_gallery_thumbnail":["https:\/\/rms-enlinea.com.ar\/wp-content\/uploads\/2026\/03\/D_866882-MLA108580588577_032026-F-100x100.jpg",100,100,true]},"uagb_author_info":{"display_name":"nelson","author_link":"https:\/\/rms-enlinea.com.ar\/tienda\/author\/"},"uagb_comment_info":0,"uagb_excerpt":"General N\u00famero de ruedas 5 Sostenibilidad Material pl\u00e1stico Polipropileno, PU Tama\u00f1o y peso Peso de la unidad principal 241 gramos Peso total 1205 gramos Iluminaci\u00f3n Iluminado S\u00ed Compatibilidad Peso m\u00e1ximo 150 kilos","_links":{"self":[{"href":"https:\/\/rms-enlinea.com.ar\/tienda\/wp-json\/wp\/v2\/product\/62133","targetHints":{"allow":["GET"]}}],"collection":[{"href":"https:\/\/rms-enlinea.com.ar\/tienda\/wp-json\/wp\/v2\/product"}],"about":[{"href":"https:\/\/rms-enlinea.com.ar\/tienda\/wp-json\/wp\/v2\/types\/product"}],"replies":[{"embeddable":true,"href":"https:\/\/rms-enlinea.com.ar\/tienda\/wp-json\/wp\/v2\/comments?post=62133"}],"wp:featuredmedia":[{"embeddable":true,"href":"https:\/\/rms-enlinea.com.ar\/tienda\/wp-json\/wp\/v2\/media\/62134"}],"wp:attachment":[{"href":"https:\/\/rms-enlinea.com.ar\/tienda\/wp-json\/wp\/v2\/media?parent=62133"}],"wp:term":[{"taxonomy":"product_brand","embeddable":true,"href":"https:\/\/rms-enlinea.com.ar\/tienda\/wp-json\/wp\/v2\/product_brand?post=62133"},{"taxonomy":"product_cat","embeddable":true,"href":"https:\/\/rms-enlinea.com.ar\/tienda\/wp-json\/wp\/v2\/product_cat?post=62133"},{"taxonomy":"product_tag","embeddable":true,"href":"https:\/\/rms-enlinea.com.ar\/tienda\/wp-json\/wp\/v2\/product_tag?post=62133"}],"curies":[{"name":"wp","href":"https:\/\/api.w.org\/{rel}","templated":true}]}}