{"id":62140,"date":"2026-03-12T18:50:16","date_gmt":"2026-03-12T21:50:16","guid":{"rendered":"https:\/\/rms-enlinea.com.ar\/tienda\/producto\/hub-usb-5-en-1-usb-c-usb-a-hdmi-trust-dalyx-26062\/"},"modified":"2026-04-07T23:43:09","modified_gmt":"2026-04-08T02:43:09","slug":"hub-usb-5-en-1-usb-c-usb-a-hdmi-trust-dalyx-26062","status":"publish","type":"product","link":"https:\/\/rms-enlinea.com.ar\/tienda\/producto\/hub-usb-5-en-1-usb-c-usb-a-hdmi-trust-dalyx-26062\/","title":{"rendered":"Hub Usb 5 En 1 Usb-c Usb-a Hdmi Trust Dalyx 26062"},"content":{"rendered":"<p>Sostenibilidad<br \/>\nMaterial pl\u00e1stico abdominales<br \/>\nM\u00e9todo de sostenibilidad PCR<\/p>\n<p>Conectividad<br \/>\nConector de &#8211; a USB-C<br \/>\nLongitud del cable principal 10 cent\u00edmetros<br \/>\nConexiones para HDMI, USB-A, USB-C<br \/>\nVersi\u00f3n USB 3.2 generaci\u00f3n 1<\/p>\n<p>Caracter\u00edsticas<br \/>\nCaracter\u00edsticas especiales soporte de cable<\/p>\n<p>Tama\u00f1o y peso<br \/>\nPeso total 48 gramos<br \/>\nAltura del producto principal (en mm) 11 mil\u00edmetros<br \/>\nProfundidad del producto principal (en mm) 34 mil\u00edmetros<br \/>\nAncho del producto principal (en mm) 108 mil\u00edmetros<\/p>\n<p>Producci\u00f3n<br \/>\nTipos de puerto USB A 2<br \/>\nTipos de puerto USB C 2<\/p>\n<p>Compatibilidad<br \/>\nTipos de dispositivos compatibles PC, port\u00e1til, tableta, tel\u00e9fono inteligente<\/p>\n","protected":false},"excerpt":{"rendered":"<p>Sostenibilidad Material pl\u00e1stico abdominales M\u00e9todo de sostenibilidad PCR Conectividad Conector de &#8211; a USB-C Longitud del cable principal 10 cent\u00edmetros Conexiones para HDMI, USB-A, USB-C Versi\u00f3n USB 3.2 generaci\u00f3n 1 Caracter\u00edsticas Caracter\u00edsticas especiales soporte de cable Tama\u00f1o y peso Peso total 48 gramos Altura del producto principal (en mm) 11 mil\u00edmetros Profundidad del producto principal [&hellip;]<\/p>\n","protected":false},"featured_media":62141,"comment_status":"open","ping_status":"closed","template":"","meta":{"_uag_custom_page_level_css":""},"product_brand":[542],"product_cat":[101,15],"product_tag":[],"class_list":{"0":"post-62140","1":"product","2":"type-product","3":"status-publish","4":"has-post-thumbnail","6":"product_brand-trustgaming","7":"product_cat-cables-y-adaptadores","8":"product_cat-sin-categorizar","10":"first","11":"instock","12":"sale","13":"taxable","14":"shipping-taxable","15":"purchasable","16":"product-type-simple"},"uagb_featured_image_src":{"full":["https:\/\/rms-enlinea.com.ar\/wp-content\/uploads\/2026\/03\/D_606786-MLA107836610592_032026-F.jpg",940,405,false],"thumbnail":["https:\/\/rms-enlinea.com.ar\/wp-content\/uploads\/2026\/03\/D_606786-MLA107836610592_032026-F-150x150.jpg",150,150,true],"medium":["https:\/\/rms-enlinea.com.ar\/wp-content\/uploads\/2026\/03\/D_606786-MLA107836610592_032026-F-300x129.jpg",300,129,true],"medium_large":["https:\/\/rms-enlinea.com.ar\/wp-content\/uploads\/2026\/03\/D_606786-MLA107836610592_032026-F-768x331.jpg",768,331,true],"large":["https:\/\/rms-enlinea.com.ar\/wp-content\/uploads\/2026\/03\/D_606786-MLA107836610592_032026-F.jpg",940,405,false],"1536x1536":["https:\/\/rms-enlinea.com.ar\/wp-content\/uploads\/2026\/03\/D_606786-MLA107836610592_032026-F.jpg",940,405,false],"2048x2048":["https:\/\/rms-enlinea.com.ar\/wp-content\/uploads\/2026\/03\/D_606786-MLA107836610592_032026-F.jpg",940,405,false],"woocommerce_thumbnail":["https:\/\/rms-enlinea.com.ar\/wp-content\/uploads\/2026\/03\/D_606786-MLA107836610592_032026-F-450x405.jpg",450,405,true],"woocommerce_single":["https:\/\/rms-enlinea.com.ar\/wp-content\/uploads\/2026\/03\/D_606786-MLA107836610592_032026-F-600x259.jpg",600,259,true],"woocommerce_gallery_thumbnail":["https:\/\/rms-enlinea.com.ar\/wp-content\/uploads\/2026\/03\/D_606786-MLA107836610592_032026-F-100x100.jpg",100,100,true]},"uagb_author_info":{"display_name":"nelson","author_link":"https:\/\/rms-enlinea.com.ar\/tienda\/author\/"},"uagb_comment_info":0,"uagb_excerpt":"Sostenibilidad Material pl\u00e1stico abdominales M\u00e9todo de sostenibilidad PCR Conectividad Conector de &#8211; a USB-C Longitud del cable principal 10 cent\u00edmetros Conexiones para HDMI, USB-A, USB-C Versi\u00f3n USB 3.2 generaci\u00f3n 1 Caracter\u00edsticas Caracter\u00edsticas especiales soporte de cable Tama\u00f1o y peso Peso total 48 gramos Altura del producto principal (en mm) 11 mil\u00edmetros Profundidad del producto principal&hellip;","_links":{"self":[{"href":"https:\/\/rms-enlinea.com.ar\/tienda\/wp-json\/wp\/v2\/product\/62140","targetHints":{"allow":["GET"]}}],"collection":[{"href":"https:\/\/rms-enlinea.com.ar\/tienda\/wp-json\/wp\/v2\/product"}],"about":[{"href":"https:\/\/rms-enlinea.com.ar\/tienda\/wp-json\/wp\/v2\/types\/product"}],"replies":[{"embeddable":true,"href":"https:\/\/rms-enlinea.com.ar\/tienda\/wp-json\/wp\/v2\/comments?post=62140"}],"wp:featuredmedia":[{"embeddable":true,"href":"https:\/\/rms-enlinea.com.ar\/tienda\/wp-json\/wp\/v2\/media\/62141"}],"wp:attachment":[{"href":"https:\/\/rms-enlinea.com.ar\/tienda\/wp-json\/wp\/v2\/media?parent=62140"}],"wp:term":[{"taxonomy":"product_brand","embeddable":true,"href":"https:\/\/rms-enlinea.com.ar\/tienda\/wp-json\/wp\/v2\/product_brand?post=62140"},{"taxonomy":"product_cat","embeddable":true,"href":"https:\/\/rms-enlinea.com.ar\/tienda\/wp-json\/wp\/v2\/product_cat?post=62140"},{"taxonomy":"product_tag","embeddable":true,"href":"https:\/\/rms-enlinea.com.ar\/tienda\/wp-json\/wp\/v2\/product_tag?post=62140"}],"curies":[{"name":"wp","href":"https:\/\/api.w.org\/{rel}","templated":true}]}}