{"id":62161,"date":"2026-03-13T10:20:46","date_gmt":"2026-03-13T13:20:46","guid":{"rendered":"https:\/\/rms-enlinea.com.ar\/tienda\/producto\/teclado-inalambrico-ergo-multi-disp-esp-trust-keyra-25704\/"},"modified":"2026-04-06T13:40:03","modified_gmt":"2026-04-06T16:40:03","slug":"teclado-inalambrico-ergo-multi-disp-esp-trust-keyra-25704","status":"publish","type":"product","link":"https:\/\/rms-enlinea.com.ar\/tienda\/producto\/teclado-inalambrico-ergo-multi-disp-esp-trust-keyra-25704\/","title":{"rendered":"Teclado Inalambrico Ergo Multi Disp Esp Trust Keyra 25704"},"content":{"rendered":"<p>General<br \/>Dise\u00f1o ergon\u00f3mico S\u00ed<\/p>\n<p>Sostenibilidad<br \/>Material pl\u00e1stico abdominales<br \/>M\u00e9todo de sostenibilidad PCR<br \/>Contenido reciclado % 85 %<\/p>\n<p>Conectividad<br \/>Versi\u00f3n USB 2.0<br \/>Bluetooth S\u00ed<\/p>\n<p>Caracter\u00edsticas<br \/>A prueba de derrames No<br \/>Caracter\u00edsticas especiales Dise\u00f1o dividido<br \/>Soporte de mu\u00f1eca S\u00ed<br \/>Teclas silenciosas S\u00ed<\/p>\n<p>Tama\u00f1o y peso<br \/>Teclado de tama\u00f1o completo S\u00ed<br \/>Tama\u00f1o del teclado Tama\u00f1o completo<br \/>Peso de la unidad principal 898 gramos<br \/>Peso total 898 gramos<br \/>Altura del producto principal (en mm) 51 mil\u00edmetros<br \/>Profundidad del producto principal (en mm) 229 mil\u00edmetros<br \/>Ancho del producto principal (en mm) 455 mil\u00edmetros<\/p>\n<p>Juego de azar <br \/>Dise\u00f1ado para juegos No<\/p>\n<p>Iluminaci\u00f3n <br \/>Iluminar desde el fondo No<\/p>\n<p>Adaptador de corriente<br \/>Adaptador de corriente incluido No<\/p>\n<p>Compatibilidad<br \/>Plataformas de software compatibles Android, iOS, Windows, MacOS<br \/>Tipos de dispositivos compatibles computadora port\u00e1til, computadora personal, tableta, tel\u00e9fono inteligente<\/p>\n<p>Control<br \/>N\u00famero de llaves 111<br \/>Teclas programables No<br \/>Indicadores Bater\u00eda, Bloq May\u00fas, Estado de conexi\u00f3n, Encendido\/apagado <br \/>Teclado num\u00e9rico S\u00ed<br \/>Panel t\u00e1ctil No<\/p>\n","protected":false},"excerpt":{"rendered":"<p>GeneralDise\u00f1o ergon\u00f3mico S\u00ed SostenibilidadMaterial pl\u00e1stico abdominalesM\u00e9todo de sostenibilidad PCRContenido reciclado % 85 % ConectividadVersi\u00f3n USB 2.0Bluetooth S\u00ed Caracter\u00edsticasA prueba de derrames NoCaracter\u00edsticas especiales Dise\u00f1o divididoSoporte de mu\u00f1eca S\u00edTeclas silenciosas S\u00ed Tama\u00f1o y pesoTeclado de tama\u00f1o completo S\u00edTama\u00f1o del teclado Tama\u00f1o completoPeso de la unidad principal 898 gramosPeso total 898 gramosAltura del producto principal (en mm) [&hellip;]<\/p>\n","protected":false},"featured_media":62162,"comment_status":"open","ping_status":"closed","template":"","meta":{"_uag_custom_page_level_css":""},"product_brand":[542],"product_cat":[15,125],"product_tag":[],"class_list":{"0":"post-62161","1":"product","2":"type-product","3":"status-publish","4":"has-post-thumbnail","6":"product_brand-trustgaming","7":"product_cat-sin-categorizar","8":"product_cat-teclados-y-mouses","10":"first","11":"instock","12":"sale","13":"taxable","14":"shipping-taxable","15":"purchasable","16":"product-type-simple"},"uagb_featured_image_src":{"full":["https:\/\/rms-enlinea.com.ar\/wp-content\/uploads\/2026\/03\/D_644242-MLA108633551453_032026-F.jpg",937,467,false],"thumbnail":["https:\/\/rms-enlinea.com.ar\/wp-content\/uploads\/2026\/03\/D_644242-MLA108633551453_032026-F-150x150.jpg",150,150,true],"medium":["https:\/\/rms-enlinea.com.ar\/wp-content\/uploads\/2026\/03\/D_644242-MLA108633551453_032026-F-300x150.jpg",300,150,true],"medium_large":["https:\/\/rms-enlinea.com.ar\/wp-content\/uploads\/2026\/03\/D_644242-MLA108633551453_032026-F-768x383.jpg",768,383,true],"large":["https:\/\/rms-enlinea.com.ar\/wp-content\/uploads\/2026\/03\/D_644242-MLA108633551453_032026-F.jpg",937,467,false],"1536x1536":["https:\/\/rms-enlinea.com.ar\/wp-content\/uploads\/2026\/03\/D_644242-MLA108633551453_032026-F.jpg",937,467,false],"2048x2048":["https:\/\/rms-enlinea.com.ar\/wp-content\/uploads\/2026\/03\/D_644242-MLA108633551453_032026-F.jpg",937,467,false],"woocommerce_thumbnail":["https:\/\/rms-enlinea.com.ar\/wp-content\/uploads\/2026\/03\/D_644242-MLA108633551453_032026-F-450x450.jpg",450,450,true],"woocommerce_single":["https:\/\/rms-enlinea.com.ar\/wp-content\/uploads\/2026\/03\/D_644242-MLA108633551453_032026-F-600x299.jpg",600,299,true],"woocommerce_gallery_thumbnail":["https:\/\/rms-enlinea.com.ar\/wp-content\/uploads\/2026\/03\/D_644242-MLA108633551453_032026-F-100x100.jpg",100,100,true]},"uagb_author_info":{"display_name":"nelson","author_link":"https:\/\/rms-enlinea.com.ar\/tienda\/author\/"},"uagb_comment_info":0,"uagb_excerpt":"GeneralDise\u00f1o ergon\u00f3mico S\u00ed SostenibilidadMaterial pl\u00e1stico abdominalesM\u00e9todo de sostenibilidad PCRContenido reciclado % 85 % ConectividadVersi\u00f3n USB 2.0Bluetooth S\u00ed Caracter\u00edsticasA prueba de derrames NoCaracter\u00edsticas especiales Dise\u00f1o divididoSoporte de mu\u00f1eca S\u00edTeclas silenciosas S\u00ed Tama\u00f1o y pesoTeclado de tama\u00f1o completo S\u00edTama\u00f1o del teclado Tama\u00f1o completoPeso de la unidad principal 898 gramosPeso total 898 gramosAltura del producto principal (en mm)&hellip;","_links":{"self":[{"href":"https:\/\/rms-enlinea.com.ar\/tienda\/wp-json\/wp\/v2\/product\/62161","targetHints":{"allow":["GET"]}}],"collection":[{"href":"https:\/\/rms-enlinea.com.ar\/tienda\/wp-json\/wp\/v2\/product"}],"about":[{"href":"https:\/\/rms-enlinea.com.ar\/tienda\/wp-json\/wp\/v2\/types\/product"}],"replies":[{"embeddable":true,"href":"https:\/\/rms-enlinea.com.ar\/tienda\/wp-json\/wp\/v2\/comments?post=62161"}],"wp:featuredmedia":[{"embeddable":true,"href":"https:\/\/rms-enlinea.com.ar\/tienda\/wp-json\/wp\/v2\/media\/62162"}],"wp:attachment":[{"href":"https:\/\/rms-enlinea.com.ar\/tienda\/wp-json\/wp\/v2\/media?parent=62161"}],"wp:term":[{"taxonomy":"product_brand","embeddable":true,"href":"https:\/\/rms-enlinea.com.ar\/tienda\/wp-json\/wp\/v2\/product_brand?post=62161"},{"taxonomy":"product_cat","embeddable":true,"href":"https:\/\/rms-enlinea.com.ar\/tienda\/wp-json\/wp\/v2\/product_cat?post=62161"},{"taxonomy":"product_tag","embeddable":true,"href":"https:\/\/rms-enlinea.com.ar\/tienda\/wp-json\/wp\/v2\/product_tag?post=62161"}],"curies":[{"name":"wp","href":"https:\/\/api.w.org\/{rel}","templated":true}]}}