{"id":62184,"date":"2026-03-13T12:20:33","date_gmt":"2026-03-13T15:20:33","guid":{"rendered":"https:\/\/rms-enlinea.com.ar\/tienda\/producto\/consola-yamaha-mg12xu-de-mezcla\/"},"modified":"2026-04-21T06:41:27","modified_gmt":"2026-04-21T09:41:27","slug":"consola-yamaha-mg12xu-de-mezcla","status":"publish","type":"product","link":"https:\/\/rms-enlinea.com.ar\/tienda\/producto\/consola-yamaha-mg12xu-de-mezcla\/","title":{"rendered":"Consola Yamaha Mg12xu De Mezcla"},"content":{"rendered":"<p>Yamaha inspira y potencia a quienes aman la m\u00fasica. Con sus productos, reconocidos a nivel mundial, das un paso al frente. Tus sue\u00f1os se hacen realidad de la mano de Yamaha. <\/p>\n<p>Alimentaci\u00f3n fantasma<br \/> La alimentaci\u00f3n fantasma, o alimentaci\u00f3n phantom, proporciona corriente continua a los dispositivos que lo necesitan, por ejemplo un micr\u00f3fono. Este tipo de alimentaci\u00f3n hace que estos dispositivos se estandaricen y que sea m\u00e1s c\u00f3modo y pr\u00e1ctico el proceso de instalaci\u00f3n, ya que no requiere muchas fuentes de alimentaci\u00f3n separadas. <\/p>\n<p>Se\u00f1ales combinadas<br \/>Sus 5 buses permiten combinar se\u00f1ales de distintas entradas y hacer sub-grupos de mezcla para aplicarlos en diferentes pistas<\/p>\n","protected":false},"excerpt":{"rendered":"<p>Yamaha inspira y potencia a quienes aman la m\u00fasica. Con sus productos, reconocidos a nivel mundial, das un paso al frente. Tus sue\u00f1os se hacen realidad de la mano de Yamaha. Alimentaci\u00f3n fantasma La alimentaci\u00f3n fantasma, o alimentaci\u00f3n phantom, proporciona corriente continua a los dispositivos que lo necesitan, por ejemplo un micr\u00f3fono. Este tipo de [&hellip;]<\/p>\n","protected":false},"featured_media":62185,"comment_status":"open","ping_status":"closed","template":"","meta":{"_uag_custom_page_level_css":""},"product_brand":[496],"product_cat":[59,15],"product_tag":[],"class_list":{"0":"post-62184","1":"product","2":"type-product","3":"status-publish","4":"has-post-thumbnail","6":"product_brand-yamaha","7":"product_cat-consolas-y-mixers","8":"product_cat-sin-categorizar","10":"first","11":"outofstock","12":"sale","13":"taxable","14":"shipping-taxable","15":"purchasable","16":"product-type-simple"},"uagb_featured_image_src":{"full":["https:\/\/rms-enlinea.com.ar\/wp-content\/uploads\/2026\/03\/D_987997-MLA100043004391_122025-F.jpg",898,1200,false],"thumbnail":["https:\/\/rms-enlinea.com.ar\/wp-content\/uploads\/2026\/03\/D_987997-MLA100043004391_122025-F-150x150.jpg",150,150,true],"medium":["https:\/\/rms-enlinea.com.ar\/wp-content\/uploads\/2026\/03\/D_987997-MLA100043004391_122025-F-225x300.jpg",225,300,true],"medium_large":["https:\/\/rms-enlinea.com.ar\/wp-content\/uploads\/2026\/03\/D_987997-MLA100043004391_122025-F-768x1026.jpg",768,1026,true],"large":["https:\/\/rms-enlinea.com.ar\/wp-content\/uploads\/2026\/03\/D_987997-MLA100043004391_122025-F-766x1024.jpg",766,1024,true],"1536x1536":["https:\/\/rms-enlinea.com.ar\/wp-content\/uploads\/2026\/03\/D_987997-MLA100043004391_122025-F.jpg",898,1200,false],"2048x2048":["https:\/\/rms-enlinea.com.ar\/wp-content\/uploads\/2026\/03\/D_987997-MLA100043004391_122025-F.jpg",898,1200,false],"woocommerce_thumbnail":["https:\/\/rms-enlinea.com.ar\/wp-content\/uploads\/2026\/03\/D_987997-MLA100043004391_122025-F-450x450.jpg",450,450,true],"woocommerce_single":["https:\/\/rms-enlinea.com.ar\/wp-content\/uploads\/2026\/03\/D_987997-MLA100043004391_122025-F-600x802.jpg",600,802,true],"woocommerce_gallery_thumbnail":["https:\/\/rms-enlinea.com.ar\/wp-content\/uploads\/2026\/03\/D_987997-MLA100043004391_122025-F-100x100.jpg",100,100,true]},"uagb_author_info":{"display_name":"nelson","author_link":"https:\/\/rms-enlinea.com.ar\/tienda\/author\/"},"uagb_comment_info":0,"uagb_excerpt":"Yamaha inspira y potencia a quienes aman la m\u00fasica. Con sus productos, reconocidos a nivel mundial, das un paso al frente. Tus sue\u00f1os se hacen realidad de la mano de Yamaha. Alimentaci\u00f3n fantasma La alimentaci\u00f3n fantasma, o alimentaci\u00f3n phantom, proporciona corriente continua a los dispositivos que lo necesitan, por ejemplo un micr\u00f3fono. Este tipo de&hellip;","_links":{"self":[{"href":"https:\/\/rms-enlinea.com.ar\/tienda\/wp-json\/wp\/v2\/product\/62184","targetHints":{"allow":["GET"]}}],"collection":[{"href":"https:\/\/rms-enlinea.com.ar\/tienda\/wp-json\/wp\/v2\/product"}],"about":[{"href":"https:\/\/rms-enlinea.com.ar\/tienda\/wp-json\/wp\/v2\/types\/product"}],"replies":[{"embeddable":true,"href":"https:\/\/rms-enlinea.com.ar\/tienda\/wp-json\/wp\/v2\/comments?post=62184"}],"wp:featuredmedia":[{"embeddable":true,"href":"https:\/\/rms-enlinea.com.ar\/tienda\/wp-json\/wp\/v2\/media\/62185"}],"wp:attachment":[{"href":"https:\/\/rms-enlinea.com.ar\/tienda\/wp-json\/wp\/v2\/media?parent=62184"}],"wp:term":[{"taxonomy":"product_brand","embeddable":true,"href":"https:\/\/rms-enlinea.com.ar\/tienda\/wp-json\/wp\/v2\/product_brand?post=62184"},{"taxonomy":"product_cat","embeddable":true,"href":"https:\/\/rms-enlinea.com.ar\/tienda\/wp-json\/wp\/v2\/product_cat?post=62184"},{"taxonomy":"product_tag","embeddable":true,"href":"https:\/\/rms-enlinea.com.ar\/tienda\/wp-json\/wp\/v2\/product_tag?post=62184"}],"curies":[{"name":"wp","href":"https:\/\/api.w.org\/{rel}","templated":true}]}}