{"id":62194,"date":"2026-03-13T12:21:34","date_gmt":"2026-03-13T15:21:34","guid":{"rendered":"https:\/\/rms-enlinea.com.ar\/tienda\/producto\/consola-mixer-10-canales-xlr-4-mono-3-st-yamaha-mg10\/"},"modified":"2026-04-17T15:30:55","modified_gmt":"2026-04-17T18:30:55","slug":"consola-mixer-10-canales-xlr-4-mono-3-st-yamaha-mg10","status":"publish","type":"product","link":"https:\/\/rms-enlinea.com.ar\/tienda\/producto\/consola-mixer-10-canales-xlr-4-mono-3-st-yamaha-mg10\/","title":{"rendered":"Consola Mixer 10 Canales Xlr 4 Mono 3 St Yamaha Mg10"},"content":{"rendered":"<p>MESA DE MEZCLAS DE 10 CANALES: M\u00c1XIMO 4 ENTRADAS DE MICRO\/10 DE L\u00cdNEA (4 MONO + 3 EST\u00c9REO); 1 BUS EST\u00c9REO; 1 ENV\u00cdO AUX.<\/p>\n<p>RESISTENTES Y CON GRANDES PRESTACIONES. PERFECTAS PARA DIRECTO Y ESTUDIO.<br \/>DURANTE M\u00c1S DE UN SIGLO, YAMAHA HA CONSTRUIDO UN EXCEPCIONAL LEGADO DE ARTESAN\u00cdA E INNOVACI\u00d3N QUE TIENE SU REFLEJO EN TODOS NUESTROS PRODUCTOS, DESDE UN INCOMPARABLE CAT\u00c1LOGO DE INSTRUMENTOS MUSICALES DE PRIMER NIVEL HASTA EL AUDIO PROFESIONAL UTILIZADO EN GRANDES GIRAS. AHORA, EN SU TERCERA ENTREGA, LA SERIE MG ENCARNA ESTA B\u00daSQUEDA DE LA EXCELENCIA EN EL DISE\u00d1O E INCORPORA ALGUNAS DE LAS TECNOLOG\u00cdAS DESARROLLADAS PARA LAS MESAS PROFESIONALES DE ALTA GAMA, INCLUYENDO PRE-AMPLIFICADORES CON CALIDAD DE ESTUDIO, POTENTES PROCESADORES DE EFECTOS DIGITALES Y UNA CONSTRUCCI\u00d3N RESISTENTE Y FIABLE.<\/p>\n<p>CON UNA INTERFAZ INTUITIVA Y F\u00c1CIL DE UTILIZAR, LA SERIE MG CUENTA CON UNA AMPLIA GAMA DE MESAS DE MEZCLAS COMPACTAS, MODELOS QUE VAN DESDE SEIS A VEINTE CANALES, INDICADAS PARA MUY DIVERSAS APLICACIONES Y USUARIOS. YA SEA EN INSTALACIONES FIJAS, EN GRABACIONES O EN SONORIZACIONES EN DIRECTO, LA CONSTRUCCI\u00d3N S\u00d3LIDA Y LA FLEXIBILIDAD DE PRESTACIONES DE ESTAS MESAS PERMITEN DAR FORMA AL SONIDO CON PLENAS GARANT\u00cdAS, SIEMPRE CON EL MEJOR RENDIMIENTO Y UNA CALIDAD DE SONIDO Y UNA FIABILIDAD INIGUALABLES EN MESAS DE SU CLASE.<\/p>\n<p>CARACTER\u00cdSTICAS:<br \/>MESA DE MEZCLAS DE 10 CANALES<br \/>HASTA UN M\u00c1XIMO DE 4 ENTRADAS DE MICRO\/10 DE L\u00cdNEA (4 MONO + 3 EST\u00c9REO)<br \/>1 BUS EST\u00c9REO<br \/>1 ENV\u00cdO AUX<br \/>PREAMPLIFICADORES DE MICRO D-PRE CON CIRCUITO DARLINGTON INVERTIDO<br \/>COMPRESORES DE MANDO \u00daNICO<br \/>INTERRUPTOR DE ATENUACI\u00d3N (PAD) EN LAS ENTRADAS MONO<br \/>ALIMENTACI\u00d3N PHANTOM 48 V<br \/>SALIDAS XLR BALANCEADAS<br \/>CHASIS MET\u00c1LICO<br \/>DIMENSIONES (ANCHO X ALTO X PROFUNDO): 244 MM X 71 MM X 294 MM<br \/>PESO NETO: 1,9 KG<\/p>\n","protected":false},"excerpt":{"rendered":"<p>MESA DE MEZCLAS DE 10 CANALES: M\u00c1XIMO 4 ENTRADAS DE MICRO\/10 DE L\u00cdNEA (4 MONO + 3 EST\u00c9REO); 1 BUS EST\u00c9REO; 1 ENV\u00cdO AUX. RESISTENTES Y CON GRANDES PRESTACIONES. PERFECTAS PARA DIRECTO Y ESTUDIO.DURANTE M\u00c1S DE UN SIGLO, YAMAHA HA CONSTRUIDO UN EXCEPCIONAL LEGADO DE ARTESAN\u00cdA E INNOVACI\u00d3N QUE TIENE SU REFLEJO EN TODOS NUESTROS [&hellip;]<\/p>\n","protected":false},"featured_media":48646,"comment_status":"open","ping_status":"closed","template":"","meta":{"_uag_custom_page_level_css":""},"product_brand":[496],"product_cat":[59,15],"product_tag":[],"class_list":{"0":"post-62194","1":"product","2":"type-product","3":"status-publish","4":"has-post-thumbnail","6":"product_brand-yamaha","7":"product_cat-consolas-y-mixers","8":"product_cat-sin-categorizar","10":"first","11":"outofstock","12":"sale","13":"taxable","14":"shipping-taxable","15":"purchasable","16":"product-type-simple"},"uagb_featured_image_src":{"full":["https:\/\/rms-enlinea.com.ar\/wp-content\/uploads\/2025\/06\/D_644671-MLA50914642417_072022-F.jpg",1020,732,false],"thumbnail":["https:\/\/rms-enlinea.com.ar\/wp-content\/uploads\/2025\/06\/D_644671-MLA50914642417_072022-F-150x150.jpg",150,150,true],"medium":["https:\/\/rms-enlinea.com.ar\/wp-content\/uploads\/2025\/06\/D_644671-MLA50914642417_072022-F-300x215.jpg",300,215,true],"medium_large":["https:\/\/rms-enlinea.com.ar\/wp-content\/uploads\/2025\/06\/D_644671-MLA50914642417_072022-F-768x551.jpg",768,551,true],"large":["https:\/\/rms-enlinea.com.ar\/wp-content\/uploads\/2025\/06\/D_644671-MLA50914642417_072022-F.jpg",1020,732,false],"1536x1536":["https:\/\/rms-enlinea.com.ar\/wp-content\/uploads\/2025\/06\/D_644671-MLA50914642417_072022-F.jpg",1020,732,false],"2048x2048":["https:\/\/rms-enlinea.com.ar\/wp-content\/uploads\/2025\/06\/D_644671-MLA50914642417_072022-F.jpg",1020,732,false],"woocommerce_thumbnail":["https:\/\/rms-enlinea.com.ar\/wp-content\/uploads\/2025\/06\/D_644671-MLA50914642417_072022-F-450x450.jpg",450,450,true],"woocommerce_single":["https:\/\/rms-enlinea.com.ar\/wp-content\/uploads\/2025\/06\/D_644671-MLA50914642417_072022-F-600x431.jpg",600,431,true],"woocommerce_gallery_thumbnail":["https:\/\/rms-enlinea.com.ar\/wp-content\/uploads\/2025\/06\/D_644671-MLA50914642417_072022-F-100x100.jpg",100,100,true]},"uagb_author_info":{"display_name":"nelson","author_link":"https:\/\/rms-enlinea.com.ar\/tienda\/author\/"},"uagb_comment_info":0,"uagb_excerpt":"MESA DE MEZCLAS DE 10 CANALES: M\u00c1XIMO 4 ENTRADAS DE MICRO\/10 DE L\u00cdNEA (4 MONO + 3 EST\u00c9REO); 1 BUS EST\u00c9REO; 1 ENV\u00cdO AUX. RESISTENTES Y CON GRANDES PRESTACIONES. PERFECTAS PARA DIRECTO Y ESTUDIO.DURANTE M\u00c1S DE UN SIGLO, YAMAHA HA CONSTRUIDO UN EXCEPCIONAL LEGADO DE ARTESAN\u00cdA E INNOVACI\u00d3N QUE TIENE SU REFLEJO EN TODOS NUESTROS&hellip;","_links":{"self":[{"href":"https:\/\/rms-enlinea.com.ar\/tienda\/wp-json\/wp\/v2\/product\/62194","targetHints":{"allow":["GET"]}}],"collection":[{"href":"https:\/\/rms-enlinea.com.ar\/tienda\/wp-json\/wp\/v2\/product"}],"about":[{"href":"https:\/\/rms-enlinea.com.ar\/tienda\/wp-json\/wp\/v2\/types\/product"}],"replies":[{"embeddable":true,"href":"https:\/\/rms-enlinea.com.ar\/tienda\/wp-json\/wp\/v2\/comments?post=62194"}],"wp:featuredmedia":[{"embeddable":true,"href":"https:\/\/rms-enlinea.com.ar\/tienda\/wp-json\/wp\/v2\/media\/48646"}],"wp:attachment":[{"href":"https:\/\/rms-enlinea.com.ar\/tienda\/wp-json\/wp\/v2\/media?parent=62194"}],"wp:term":[{"taxonomy":"product_brand","embeddable":true,"href":"https:\/\/rms-enlinea.com.ar\/tienda\/wp-json\/wp\/v2\/product_brand?post=62194"},{"taxonomy":"product_cat","embeddable":true,"href":"https:\/\/rms-enlinea.com.ar\/tienda\/wp-json\/wp\/v2\/product_cat?post=62194"},{"taxonomy":"product_tag","embeddable":true,"href":"https:\/\/rms-enlinea.com.ar\/tienda\/wp-json\/wp\/v2\/product_tag?post=62194"}],"curies":[{"name":"wp","href":"https:\/\/api.w.org\/{rel}","templated":true}]}}