{"id":62195,"date":"2026-03-13T12:40:19","date_gmt":"2026-03-13T15:40:19","guid":{"rendered":"https:\/\/rms-enlinea.com.ar\/tienda\/producto\/bateria-electronica-yamaha-dd75-8-pads-octapad-pedales\/"},"modified":"2026-04-06T11:49:26","modified_gmt":"2026-04-06T14:49:26","slug":"bateria-electronica-yamaha-dd75-8-pads-octapad-pedales","status":"publish","type":"product","link":"https:\/\/rms-enlinea.com.ar\/tienda\/producto\/bateria-electronica-yamaha-dd75-8-pads-octapad-pedales\/","title":{"rendered":"Bateria Electronica Yamaha Dd75 8 Pads Octapad Pedales"},"content":{"rendered":"<p>La DD-75 es una bater\u00eda digital con 8 pads sensibles a la pulsaci\u00f3n y dos pedales. Bater\u00edas de alta calidad y una gran variedad de sonidos de percusi\u00f3n de todo el mundo se mezclan con voces orquestales para proporcionar un amplio rango de posibilidades musicales. La entrada auxiliar te permite conectar un reproductor de MP3 para tocar junto a tu m\u00fasica favorita.<br \/>\n&#8211; Los 8 pads de bater\u00eda sensibles al tacto en un dise\u00f1o f\u00e1cil de tocar permiten una expresiva bater\u00eda<br \/>\n&#8211; 2 pedales de pie asignables incluidos para patear, charles o cualquier otra voz<br \/>\n&#8211; El dise\u00f1o compacto y port\u00e1til con funcionamiento con bater\u00eda te permite jugar donde quieras<br \/>\n&#8211; El conector para auriculares te permite jugar cuando quieras<br \/>\n&#8211; Toma AUX IN para conectar y tocar con tu m\u00fasica favorita<br \/>\n&#8211; 570 voces asignables a cualquier pad<br \/>\n&#8211; Modo de percusi\u00f3n de mano<br \/>\n&#8211; 105 canciones incorporadas para aprender y tocar junto con<br \/>\n&#8211; 75 kits de bater\u00eda programados + 10 kits personalizados<br \/>\n&#8211; Polifon\u00eda de 32 notas<br \/>\n&#8211; Los altavoces est\u00e9reo con puerto de bajos proporcionan una gran calidad de sonido<br \/>\n&#8211; Reverb y Master EQ<br \/>\n&#8211; Ajuste de sensibilidad para pads individuales y pedal de bajos.<br \/>\n&#8211; Graba tus propias canciones (hasta 5 en memoria a la vez)<br \/>\n&#8211; MIDI IN \/ OUT<br \/>\nACCESORIOS INCLUIDOS:<br \/>\n&#8211; 2 Pedales<br \/>\n&#8211; Palillos<\/p>\n","protected":false},"excerpt":{"rendered":"<p>La DD-75 es una bater\u00eda digital con 8 pads sensibles a la pulsaci\u00f3n y dos pedales. Bater\u00edas de alta calidad y una gran variedad de sonidos de percusi\u00f3n de todo el mundo se mezclan con voces orquestales para proporcionar un amplio rango de posibilidades musicales. La entrada auxiliar te permite conectar un reproductor de MP3 [&hellip;]<\/p>\n","protected":false},"featured_media":41131,"comment_status":"open","ping_status":"closed","template":"","meta":{"_uag_custom_page_level_css":""},"product_brand":[496],"product_cat":[684,15],"product_tag":[],"class_list":{"0":"post-62195","1":"product","2":"type-product","3":"status-publish","4":"has-post-thumbnail","6":"product_brand-yamaha","7":"product_cat-baterias","8":"product_cat-sin-categorizar","10":"first","11":"instock","12":"sale","13":"taxable","14":"shipping-taxable","15":"purchasable","16":"product-type-simple"},"uagb_featured_image_src":{"full":["https:\/\/rms-enlinea.com.ar\/wp-content\/uploads\/2025\/06\/D_995708-MLU73268830235_122023-F.jpg",1200,788,false],"thumbnail":["https:\/\/rms-enlinea.com.ar\/wp-content\/uploads\/2025\/06\/D_995708-MLU73268830235_122023-F-150x150.jpg",150,150,true],"medium":["https:\/\/rms-enlinea.com.ar\/wp-content\/uploads\/2025\/06\/D_995708-MLU73268830235_122023-F-300x197.jpg",300,197,true],"medium_large":["https:\/\/rms-enlinea.com.ar\/wp-content\/uploads\/2025\/06\/D_995708-MLU73268830235_122023-F-768x504.jpg",768,504,true],"large":["https:\/\/rms-enlinea.com.ar\/wp-content\/uploads\/2025\/06\/D_995708-MLU73268830235_122023-F-1024x672.jpg",1024,672,true],"1536x1536":["https:\/\/rms-enlinea.com.ar\/wp-content\/uploads\/2025\/06\/D_995708-MLU73268830235_122023-F.jpg",1200,788,false],"2048x2048":["https:\/\/rms-enlinea.com.ar\/wp-content\/uploads\/2025\/06\/D_995708-MLU73268830235_122023-F.jpg",1200,788,false],"woocommerce_thumbnail":["https:\/\/rms-enlinea.com.ar\/wp-content\/uploads\/2025\/06\/D_995708-MLU73268830235_122023-F-450x450.jpg",450,450,true],"woocommerce_single":["https:\/\/rms-enlinea.com.ar\/wp-content\/uploads\/2025\/06\/D_995708-MLU73268830235_122023-F-600x394.jpg",600,394,true],"woocommerce_gallery_thumbnail":["https:\/\/rms-enlinea.com.ar\/wp-content\/uploads\/2025\/06\/D_995708-MLU73268830235_122023-F-100x100.jpg",100,100,true]},"uagb_author_info":{"display_name":"nelson","author_link":"https:\/\/rms-enlinea.com.ar\/tienda\/author\/"},"uagb_comment_info":0,"uagb_excerpt":"La DD-75 es una bater\u00eda digital con 8 pads sensibles a la pulsaci\u00f3n y dos pedales. Bater\u00edas de alta calidad y una gran variedad de sonidos de percusi\u00f3n de todo el mundo se mezclan con voces orquestales para proporcionar un amplio rango de posibilidades musicales. La entrada auxiliar te permite conectar un reproductor de MP3&hellip;","_links":{"self":[{"href":"https:\/\/rms-enlinea.com.ar\/tienda\/wp-json\/wp\/v2\/product\/62195","targetHints":{"allow":["GET"]}}],"collection":[{"href":"https:\/\/rms-enlinea.com.ar\/tienda\/wp-json\/wp\/v2\/product"}],"about":[{"href":"https:\/\/rms-enlinea.com.ar\/tienda\/wp-json\/wp\/v2\/types\/product"}],"replies":[{"embeddable":true,"href":"https:\/\/rms-enlinea.com.ar\/tienda\/wp-json\/wp\/v2\/comments?post=62195"}],"wp:featuredmedia":[{"embeddable":true,"href":"https:\/\/rms-enlinea.com.ar\/tienda\/wp-json\/wp\/v2\/media\/41131"}],"wp:attachment":[{"href":"https:\/\/rms-enlinea.com.ar\/tienda\/wp-json\/wp\/v2\/media?parent=62195"}],"wp:term":[{"taxonomy":"product_brand","embeddable":true,"href":"https:\/\/rms-enlinea.com.ar\/tienda\/wp-json\/wp\/v2\/product_brand?post=62195"},{"taxonomy":"product_cat","embeddable":true,"href":"https:\/\/rms-enlinea.com.ar\/tienda\/wp-json\/wp\/v2\/product_cat?post=62195"},{"taxonomy":"product_tag","embeddable":true,"href":"https:\/\/rms-enlinea.com.ar\/tienda\/wp-json\/wp\/v2\/product_tag?post=62195"}],"curies":[{"name":"wp","href":"https:\/\/api.w.org\/{rel}","templated":true}]}}