{"id":62196,"date":"2026-03-13T12:40:30","date_gmt":"2026-03-13T15:40:30","guid":{"rendered":"https:\/\/rms-enlinea.com.ar\/tienda\/producto\/octapad-electronica-yamaha-dd75-con-pedales-negro\/"},"modified":"2026-04-21T03:38:57","modified_gmt":"2026-04-21T06:38:57","slug":"octapad-electronica-yamaha-dd75-con-pedales-negro","status":"publish","type":"product","link":"https:\/\/rms-enlinea.com.ar\/tienda\/producto\/octapad-electronica-yamaha-dd75-con-pedales-negro\/","title":{"rendered":"Octapad Electronica Yamaha Dd75 Con Pedales Negro"},"content":{"rendered":"<p>Los tambores electr\u00f3nicos Yamaha Dd-75 Dd75 tienen 8 almohadillas sensibles al tacto, dispuestas como un kit ac\u00fastico, que permiten crear ritmos expresivos. Su dise\u00f1o compacto y su f\u00e1cil configuraci\u00f3n te permiten llevar tu bater\u00eda a donde quieras. Esta bater\u00eda cuenta con un control de volumen y un conector para auriculares para cuando no quieras molestar a los dem\u00e1s. Puedes conectar tu reproductor MP3 a la entrada AUX IN y reproducir tus canciones favoritas. El DD-75 incluye una variedad de voces y kits de bater\u00eda heredados de las bater\u00edas electr\u00f3nicas de la serie DTX, que incluyen sonidos de rock moderno, sonidos legendarios de m\u00e1quinas r\u00edtmicas y m\u00e1s. Usa el modo de percusi\u00f3n manual con una variedad de kits de percusi\u00f3n \u00e9tnica, como los de China, India, Oriente Medio y Latina, entre otros. El DD-75 incluye g\u00e9neros musicales de todo el mundo. Se incluyen dos pedales y dos baquetas de madera. La DD-75 es una bater\u00eda digital con 8 almohadillas sensibles al tacto y dos pedales. La bater\u00eda de alta calidad y una amplia variedad de sonidos de percusi\u00f3n de todo el mundo se mezclan con voces orquestales para ofrecer una amplia gama de oportunidades musicales. La entrada AUX IN te permite conectar el reproductor MP3 y reproducir tu m\u00fasica favorita. Caracter\u00edsticas principales: &#8211; 8 almohadillas de bater\u00eda sensibles al tacto en un dise\u00f1o que es f\u00e1cil de tocar de forma expresiva &#8211; Incluye 2 pedales atribuibles para patear, hi-hat o cualquier otra voz &#8211; El dise\u00f1o compacto y port\u00e1til con pilas te permite tocar donde quieras sin molestar a nadie &#8211; Conector AUX IN para conectar y tocar tu m\u00fasica favorita &#8211; 570 voces atribuibles a cualquier bloque &#8211; Modo de percusi\u00f3n manual &#8211; 105 canciones internas para aprender para tocar y tocar juntos &#8211; 75 bater\u00edas programadas + 10 kits personalizados &#8211; 32- polifon\u00eda de notas &#8211; Polifon\u00eda de 32 notas &#8211; Los altavoces est\u00e9reo con graves proporcionan una calidad de sonido excelente &#8211; Reverb y Master EQ &#8211; Ajuste de sensibilidad para cojines y pedales de bajo individuales &#8211; Graba tu propia m\u00fasica (hasta 5 en memoria al mismo tiempo) &#8211; Entrada\/salida MIDI Descripci\u00f3n t\u00e9cnica: Color: negro Accesorios incluidos: 2 pedales atribuibles incluidos para bombo y un par de baquetas B\u00fasqueda: bater\u00eda DD-75 dd75 dd 75 Especificaciones t\u00e9cnicas: &#8211; N\u00famero de cojines: 8 &#8211; Respuesta t\u00e1ctil: s\u00ed &#8211; N\u00famero de pedales: 2 &#8211; Funciones: Hi-Hat y bombo &#8211; Tipo: LED &#8211; Tama\u00f1o: 7 Segmentos, 3 d\u00edgitos &#8211; Panel: ingl\u00e9s &#8211; Generador de tonos: muestreo est\u00e9reo AWM &#8211; Polifon\u00eda m\u00e1xima: 32 &#8211; Voces: 570 + 30 frases &#8211; Bater\u00eda: 75 ajustes preestablecidos + 10 personalizados &#8211; Compatibilidad: GM y XGLite &#8211; Efectos: Reverb 9 y Master EQ 2 &#8211; N\u00famero de sonidos predefinidos: 105 &#8211; N\u00famero de sonidos: 5 &#8211; N\u00famero de pistas: 4 (TAMB1\/TAMB2\/TAMBOR 3\/BACKING) &#8211; Capacidad de datos: aproximadamente 7.000 notas por canci\u00f3n &#8211; Funci\u00f3n de grabaci\u00f3n: s\u00ed Reproducci\u00f3n: SMF &#8211; Grabaci\u00f3n: SMF &#8211; Memoria interna: aproximadamente 370 KB &#8211; Entrada de alimentaci\u00f3n: 12 VDC &#8211; Conector para auriculares est\u00e9reo &#8211; Pedal: 1, 2 &#8211; Entrada\/salida MIDI &#8211; Entrada AUX: Miniconector est\u00e9reo, potencia: 5 W + 5 W, altavoces: 2 x 8 cm, dimensiones: 602 x 180 x 411 mm (ancho x alto x profundidad), peso: 4,2 kg<\/p>\n","protected":false},"excerpt":{"rendered":"<p>Los tambores electr\u00f3nicos Yamaha Dd-75 Dd75 tienen 8 almohadillas sensibles al tacto, dispuestas como un kit ac\u00fastico, que permiten crear ritmos expresivos. Su dise\u00f1o compacto y su f\u00e1cil configuraci\u00f3n te permiten llevar tu bater\u00eda a donde quieras. Esta bater\u00eda cuenta con un control de volumen y un conector para auriculares para cuando no quieras molestar [&hellip;]<\/p>\n","protected":false},"featured_media":62197,"comment_status":"open","ping_status":"closed","template":"","meta":{"_uag_custom_page_level_css":""},"product_brand":[496],"product_cat":[684,15],"product_tag":[],"class_list":{"0":"post-62196","1":"product","2":"type-product","3":"status-publish","4":"has-post-thumbnail","6":"product_brand-yamaha","7":"product_cat-baterias","8":"product_cat-sin-categorizar","10":"first","11":"outofstock","12":"sale","13":"taxable","14":"shipping-taxable","15":"purchasable","16":"product-type-simple"},"uagb_featured_image_src":{"full":["https:\/\/rms-enlinea.com.ar\/wp-content\/uploads\/2026\/03\/D_839232-MLA99986946671_112025-F.jpg",1200,842,false],"thumbnail":["https:\/\/rms-enlinea.com.ar\/wp-content\/uploads\/2026\/03\/D_839232-MLA99986946671_112025-F-150x150.jpg",150,150,true],"medium":["https:\/\/rms-enlinea.com.ar\/wp-content\/uploads\/2026\/03\/D_839232-MLA99986946671_112025-F-300x211.jpg",300,211,true],"medium_large":["https:\/\/rms-enlinea.com.ar\/wp-content\/uploads\/2026\/03\/D_839232-MLA99986946671_112025-F-768x539.jpg",768,539,true],"large":["https:\/\/rms-enlinea.com.ar\/wp-content\/uploads\/2026\/03\/D_839232-MLA99986946671_112025-F-1024x719.jpg",1024,719,true],"1536x1536":["https:\/\/rms-enlinea.com.ar\/wp-content\/uploads\/2026\/03\/D_839232-MLA99986946671_112025-F.jpg",1200,842,false],"2048x2048":["https:\/\/rms-enlinea.com.ar\/wp-content\/uploads\/2026\/03\/D_839232-MLA99986946671_112025-F.jpg",1200,842,false],"woocommerce_thumbnail":["https:\/\/rms-enlinea.com.ar\/wp-content\/uploads\/2026\/03\/D_839232-MLA99986946671_112025-F-450x450.jpg",450,450,true],"woocommerce_single":["https:\/\/rms-enlinea.com.ar\/wp-content\/uploads\/2026\/03\/D_839232-MLA99986946671_112025-F-600x421.jpg",600,421,true],"woocommerce_gallery_thumbnail":["https:\/\/rms-enlinea.com.ar\/wp-content\/uploads\/2026\/03\/D_839232-MLA99986946671_112025-F-100x100.jpg",100,100,true]},"uagb_author_info":{"display_name":"nelson","author_link":"https:\/\/rms-enlinea.com.ar\/tienda\/author\/"},"uagb_comment_info":0,"uagb_excerpt":"Los tambores electr\u00f3nicos Yamaha Dd-75 Dd75 tienen 8 almohadillas sensibles al tacto, dispuestas como un kit ac\u00fastico, que permiten crear ritmos expresivos. Su dise\u00f1o compacto y su f\u00e1cil configuraci\u00f3n te permiten llevar tu bater\u00eda a donde quieras. Esta bater\u00eda cuenta con un control de volumen y un conector para auriculares para cuando no quieras molestar&hellip;","_links":{"self":[{"href":"https:\/\/rms-enlinea.com.ar\/tienda\/wp-json\/wp\/v2\/product\/62196","targetHints":{"allow":["GET"]}}],"collection":[{"href":"https:\/\/rms-enlinea.com.ar\/tienda\/wp-json\/wp\/v2\/product"}],"about":[{"href":"https:\/\/rms-enlinea.com.ar\/tienda\/wp-json\/wp\/v2\/types\/product"}],"replies":[{"embeddable":true,"href":"https:\/\/rms-enlinea.com.ar\/tienda\/wp-json\/wp\/v2\/comments?post=62196"}],"wp:featuredmedia":[{"embeddable":true,"href":"https:\/\/rms-enlinea.com.ar\/tienda\/wp-json\/wp\/v2\/media\/62197"}],"wp:attachment":[{"href":"https:\/\/rms-enlinea.com.ar\/tienda\/wp-json\/wp\/v2\/media?parent=62196"}],"wp:term":[{"taxonomy":"product_brand","embeddable":true,"href":"https:\/\/rms-enlinea.com.ar\/tienda\/wp-json\/wp\/v2\/product_brand?post=62196"},{"taxonomy":"product_cat","embeddable":true,"href":"https:\/\/rms-enlinea.com.ar\/tienda\/wp-json\/wp\/v2\/product_cat?post=62196"},{"taxonomy":"product_tag","embeddable":true,"href":"https:\/\/rms-enlinea.com.ar\/tienda\/wp-json\/wp\/v2\/product_tag?post=62196"}],"curies":[{"name":"wp","href":"https:\/\/api.w.org\/{rel}","templated":true}]}}