{"id":62198,"date":"2026-03-13T12:40:57","date_gmt":"2026-03-13T15:40:57","guid":{"rendered":"https:\/\/rms-enlinea.com.ar\/tienda\/producto\/parlante-yamaha-dxr15-color-negro\/"},"modified":"2026-05-14T15:11:26","modified_gmt":"2026-05-14T18:11:26","slug":"parlante-yamaha-dxr15-color-negro","status":"publish","type":"product","link":"https:\/\/rms-enlinea.com.ar\/tienda\/producto\/parlante-yamaha-dxr15-color-negro\/","title":{"rendered":"Parlante Yamaha Dxr15 Color Negro"},"content":{"rendered":"<p>Yamaha DXR DXR15 ofrece un sonido natural, con una gran claridad y precisi\u00f3n, que se dispersa de manera uniforme. Un parlante que asegura potencia y calidad por igual en la reproducci\u00f3n de contenidos multimedia.<\/p>\n<p>Para toda ocasi\u00f3n<br \/>\nDisfrutar de un amplio espectro de sonidos tanto en la reproducci\u00f3n de voces como de notas musicales es posible con este parlante woofer. Dejate asombrar con su excelente desempe\u00f1o sonoro en pel\u00edculas, series y en tus playlists favoritas.<\/p>\n<p>Olvidate del amplificador<br \/>\nAl ser activo solo necesitar\u00e1s conectarlo a la fuente de sonido y el mismo equipo se encargar\u00e1 de amplificar y reproducir: ganar\u00e1s practicidad y espacio, ya que adem\u00e1s requiere menos cableado que uno pasivo. Es la soluci\u00f3n m\u00e1s conveniente si quer\u00e9s producir m\u00fasica en tu casa o en un estudio, y tambi\u00e9n para DJs.<\/p>\n<p>Apto para aire libre<br \/>\nUsalo en donde quieras, este dispositivo est\u00e1 dise\u00f1ado para que tengas el mejor sonido siempre, tanto en interiores como en exteriores.<\/p>\n","protected":false},"excerpt":{"rendered":"<p>Yamaha DXR DXR15 ofrece un sonido natural, con una gran claridad y precisi\u00f3n, que se dispersa de manera uniforme. Un parlante que asegura potencia y calidad por igual en la reproducci\u00f3n de contenidos multimedia. Para toda ocasi\u00f3n Disfrutar de un amplio espectro de sonidos tanto en la reproducci\u00f3n de voces como de notas musicales es [&hellip;]<\/p>\n","protected":false},"featured_media":62199,"comment_status":"open","ping_status":"closed","template":"","meta":{"_uag_custom_page_level_css":""},"product_brand":[496],"product_cat":[76,15],"product_tag":[],"class_list":{"0":"post-62198","1":"product","2":"type-product","3":"status-publish","4":"has-post-thumbnail","6":"product_brand-yamaha","7":"product_cat-monitores-de-estudio","8":"product_cat-sin-categorizar","10":"first","11":"instock","12":"sale","13":"taxable","14":"shipping-taxable","15":"purchasable","16":"product-type-simple"},"uagb_featured_image_src":{"full":["https:\/\/rms-enlinea.com.ar\/wp-content\/uploads\/2026\/03\/D_721028-MLA99558073740_122025-F.jpg",773,1200,false],"thumbnail":["https:\/\/rms-enlinea.com.ar\/wp-content\/uploads\/2026\/03\/D_721028-MLA99558073740_122025-F-150x150.jpg",150,150,true],"medium":["https:\/\/rms-enlinea.com.ar\/wp-content\/uploads\/2026\/03\/D_721028-MLA99558073740_122025-F-193x300.jpg",193,300,true],"medium_large":["https:\/\/rms-enlinea.com.ar\/wp-content\/uploads\/2026\/03\/D_721028-MLA99558073740_122025-F-768x1192.jpg",768,1192,true],"large":["https:\/\/rms-enlinea.com.ar\/wp-content\/uploads\/2026\/03\/D_721028-MLA99558073740_122025-F-660x1024.jpg",660,1024,true],"1536x1536":["https:\/\/rms-enlinea.com.ar\/wp-content\/uploads\/2026\/03\/D_721028-MLA99558073740_122025-F.jpg",773,1200,false],"2048x2048":["https:\/\/rms-enlinea.com.ar\/wp-content\/uploads\/2026\/03\/D_721028-MLA99558073740_122025-F.jpg",773,1200,false],"woocommerce_thumbnail":["https:\/\/rms-enlinea.com.ar\/wp-content\/uploads\/2026\/03\/D_721028-MLA99558073740_122025-F-450x450.jpg",450,450,true],"woocommerce_single":["https:\/\/rms-enlinea.com.ar\/wp-content\/uploads\/2026\/03\/D_721028-MLA99558073740_122025-F-600x931.jpg",600,931,true],"woocommerce_gallery_thumbnail":["https:\/\/rms-enlinea.com.ar\/wp-content\/uploads\/2026\/03\/D_721028-MLA99558073740_122025-F-100x100.jpg",100,100,true]},"uagb_author_info":{"display_name":"nelson","author_link":"https:\/\/rms-enlinea.com.ar\/tienda\/author\/"},"uagb_comment_info":0,"uagb_excerpt":"Yamaha DXR DXR15 ofrece un sonido natural, con una gran claridad y precisi\u00f3n, que se dispersa de manera uniforme. Un parlante que asegura potencia y calidad por igual en la reproducci\u00f3n de contenidos multimedia. Para toda ocasi\u00f3n Disfrutar de un amplio espectro de sonidos tanto en la reproducci\u00f3n de voces como de notas musicales es&hellip;","_links":{"self":[{"href":"https:\/\/rms-enlinea.com.ar\/tienda\/wp-json\/wp\/v2\/product\/62198","targetHints":{"allow":["GET"]}}],"collection":[{"href":"https:\/\/rms-enlinea.com.ar\/tienda\/wp-json\/wp\/v2\/product"}],"about":[{"href":"https:\/\/rms-enlinea.com.ar\/tienda\/wp-json\/wp\/v2\/types\/product"}],"replies":[{"embeddable":true,"href":"https:\/\/rms-enlinea.com.ar\/tienda\/wp-json\/wp\/v2\/comments?post=62198"}],"wp:featuredmedia":[{"embeddable":true,"href":"https:\/\/rms-enlinea.com.ar\/tienda\/wp-json\/wp\/v2\/media\/62199"}],"wp:attachment":[{"href":"https:\/\/rms-enlinea.com.ar\/tienda\/wp-json\/wp\/v2\/media?parent=62198"}],"wp:term":[{"taxonomy":"product_brand","embeddable":true,"href":"https:\/\/rms-enlinea.com.ar\/tienda\/wp-json\/wp\/v2\/product_brand?post=62198"},{"taxonomy":"product_cat","embeddable":true,"href":"https:\/\/rms-enlinea.com.ar\/tienda\/wp-json\/wp\/v2\/product_cat?post=62198"},{"taxonomy":"product_tag","embeddable":true,"href":"https:\/\/rms-enlinea.com.ar\/tienda\/wp-json\/wp\/v2\/product_tag?post=62198"}],"curies":[{"name":"wp","href":"https:\/\/api.w.org\/{rel}","templated":true}]}}