{"id":62260,"date":"2026-03-14T18:40:45","date_gmt":"2026-03-14T21:40:45","guid":{"rendered":"https:\/\/rms-enlinea.com.ar\/tienda\/producto\/mochila-viaje-jersey-travel-25ltrs-17-pulg-nbk-trust-25669\/"},"modified":"2026-04-21T06:31:25","modified_gmt":"2026-04-21T09:31:25","slug":"mochila-viaje-jersey-travel-25ltrs-17-pulg-nbk-trust-25669","status":"publish","type":"product","link":"https:\/\/rms-enlinea.com.ar\/tienda\/producto\/mochila-viaje-jersey-travel-25ltrs-17-pulg-nbk-trust-25669\/","title":{"rendered":"Mochila Viaje Jersey Travel 25ltrs 17 PuLG Nbk Trust 25669"},"content":{"rendered":"<p>General<br \/>\nN\u00famero de compartimentos 15<\/p>\n<p>Sostenibilidad<br \/>\nMaterial pl\u00e1stico RPET<br \/>\nBotellas de PET recicladas 19<\/p>\n<p>Caracter\u00edsticas<br \/>\n\u00c1reas reflectantes S\u00ed<br \/>\nFunda para la lluvia incluida No<br \/>\nEspalda reforzada S\u00ed<br \/>\nCintur\u00f3n de cintura No<\/p>\n<p>Tama\u00f1o y peso<br \/>\nVolumen 25 L<br \/>\nTama\u00f1o del compartimento para port\u00e1til (pulgadas) 17 &#8221;<br \/>\nPeso de la unidad principal 1016 gramos<br \/>\nPeso total 1016 gramos<br \/>\nAltura del producto principal (en mm) 470 mil\u00edmetros<br \/>\nProfundidad del producto principal (en mm) 140 mm<br \/>\nAncho del producto principal (en mm) 300 mm<\/p>\n<p>Exterior<br \/>\nParte posterior del material Poli\u00e9ster<br \/>\nCorrea pectoral S\u00ed<br \/>\nBolsillos exteriores de material Poli\u00e9ster<br \/>\nCorrea para carrito S\u00ed<br \/>\nruedas de carrito No<br \/>\nBandolera S\u00ed<br \/>\nCorrea de hombro desmontable No<br \/>\nCorrea de hombro acolchada S\u00ed<br \/>\nAsa de transporte S\u00ed<\/p>\n<p>Interior<br \/>\nCompartimento para port\u00e1til acolchado S\u00ed<\/p>\n<p>Protecci\u00f3n<br \/>\nFondo endurecido S\u00ed<br \/>\nImpermeable S\u00ed<br \/>\nCompatibilidad<br \/>\nTama\u00f1o m\u00e1ximo del port\u00e1til 17 &#8221;<br \/>\nTipos de dispositivos compatibles port\u00e1til, consola de videojuegos, accesorios<\/p>\n","protected":false},"excerpt":{"rendered":"<p>General N\u00famero de compartimentos 15 Sostenibilidad Material pl\u00e1stico RPET Botellas de PET recicladas 19 Caracter\u00edsticas \u00c1reas reflectantes S\u00ed Funda para la lluvia incluida No Espalda reforzada S\u00ed Cintur\u00f3n de cintura No Tama\u00f1o y peso Volumen 25 L Tama\u00f1o del compartimento para port\u00e1til (pulgadas) 17 &#8221; Peso de la unidad principal 1016 gramos Peso total 1016 [&hellip;]<\/p>\n","protected":false},"featured_media":62261,"comment_status":"open","ping_status":"closed","template":"","meta":{"_uag_custom_page_level_css":""},"product_brand":[542],"product_cat":[100,15],"product_tag":[],"class_list":{"0":"post-62260","1":"product","2":"type-product","3":"status-publish","4":"has-post-thumbnail","6":"product_brand-trustgaming","7":"product_cat-bolsos-y-mochilas","8":"product_cat-sin-categorizar","10":"first","11":"outofstock","12":"sale","13":"taxable","14":"shipping-taxable","15":"purchasable","16":"product-type-simple"},"uagb_featured_image_src":{"full":["https:\/\/rms-enlinea.com.ar\/wp-content\/uploads\/2026\/03\/D_970659-MLA107955500964_032026-F.jpg",630,843,false],"thumbnail":["https:\/\/rms-enlinea.com.ar\/wp-content\/uploads\/2026\/03\/D_970659-MLA107955500964_032026-F-150x150.jpg",150,150,true],"medium":["https:\/\/rms-enlinea.com.ar\/wp-content\/uploads\/2026\/03\/D_970659-MLA107955500964_032026-F-224x300.jpg",224,300,true],"medium_large":["https:\/\/rms-enlinea.com.ar\/wp-content\/uploads\/2026\/03\/D_970659-MLA107955500964_032026-F.jpg",630,843,false],"large":["https:\/\/rms-enlinea.com.ar\/wp-content\/uploads\/2026\/03\/D_970659-MLA107955500964_032026-F.jpg",630,843,false],"1536x1536":["https:\/\/rms-enlinea.com.ar\/wp-content\/uploads\/2026\/03\/D_970659-MLA107955500964_032026-F.jpg",630,843,false],"2048x2048":["https:\/\/rms-enlinea.com.ar\/wp-content\/uploads\/2026\/03\/D_970659-MLA107955500964_032026-F.jpg",630,843,false],"woocommerce_thumbnail":["https:\/\/rms-enlinea.com.ar\/wp-content\/uploads\/2026\/03\/D_970659-MLA107955500964_032026-F-450x450.jpg",450,450,true],"woocommerce_single":["https:\/\/rms-enlinea.com.ar\/wp-content\/uploads\/2026\/03\/D_970659-MLA107955500964_032026-F-600x803.jpg",600,803,true],"woocommerce_gallery_thumbnail":["https:\/\/rms-enlinea.com.ar\/wp-content\/uploads\/2026\/03\/D_970659-MLA107955500964_032026-F-100x100.jpg",100,100,true]},"uagb_author_info":{"display_name":"nelson","author_link":"https:\/\/rms-enlinea.com.ar\/tienda\/author\/"},"uagb_comment_info":0,"uagb_excerpt":"General N\u00famero de compartimentos 15 Sostenibilidad Material pl\u00e1stico RPET Botellas de PET recicladas 19 Caracter\u00edsticas \u00c1reas reflectantes S\u00ed Funda para la lluvia incluida No Espalda reforzada S\u00ed Cintur\u00f3n de cintura No Tama\u00f1o y peso Volumen 25 L Tama\u00f1o del compartimento para port\u00e1til (pulgadas) 17 &#8221; Peso de la unidad principal 1016 gramos Peso total 1016&hellip;","_links":{"self":[{"href":"https:\/\/rms-enlinea.com.ar\/tienda\/wp-json\/wp\/v2\/product\/62260","targetHints":{"allow":["GET"]}}],"collection":[{"href":"https:\/\/rms-enlinea.com.ar\/tienda\/wp-json\/wp\/v2\/product"}],"about":[{"href":"https:\/\/rms-enlinea.com.ar\/tienda\/wp-json\/wp\/v2\/types\/product"}],"replies":[{"embeddable":true,"href":"https:\/\/rms-enlinea.com.ar\/tienda\/wp-json\/wp\/v2\/comments?post=62260"}],"wp:featuredmedia":[{"embeddable":true,"href":"https:\/\/rms-enlinea.com.ar\/tienda\/wp-json\/wp\/v2\/media\/62261"}],"wp:attachment":[{"href":"https:\/\/rms-enlinea.com.ar\/tienda\/wp-json\/wp\/v2\/media?parent=62260"}],"wp:term":[{"taxonomy":"product_brand","embeddable":true,"href":"https:\/\/rms-enlinea.com.ar\/tienda\/wp-json\/wp\/v2\/product_brand?post=62260"},{"taxonomy":"product_cat","embeddable":true,"href":"https:\/\/rms-enlinea.com.ar\/tienda\/wp-json\/wp\/v2\/product_cat?post=62260"},{"taxonomy":"product_tag","embeddable":true,"href":"https:\/\/rms-enlinea.com.ar\/tienda\/wp-json\/wp\/v2\/product_tag?post=62260"}],"curies":[{"name":"wp","href":"https:\/\/api.w.org\/{rel}","templated":true}]}}