{"id":62269,"date":"2026-03-14T20:20:44","date_gmt":"2026-03-14T23:20:44","guid":{"rendered":"https:\/\/rms-enlinea.com.ar\/tienda\/producto\/silla-gamer-rgb-riniq-hasta-110kg-trust-gxt704-25979\/"},"modified":"2026-04-02T23:52:03","modified_gmt":"2026-04-03T02:52:03","slug":"silla-gamer-rgb-riniq-hasta-110kg-trust-gxt704-25979","status":"publish","type":"product","link":"https:\/\/rms-enlinea.com.ar\/tienda\/producto\/silla-gamer-rgb-riniq-hasta-110kg-trust-gxt704-25979\/","title":{"rendered":"Silla Gamer Rgb Riniq Hasta 110kg Trust Gxt704 25979"},"content":{"rendered":"<p>NO INCLUYE EL POWER BANK , COMPRAR APARTE<\/p>\n<p>General<br \/>\nDise\u00f1o ergon\u00f3mico<br \/>\nNo<br \/>\nN\u00famero de ruedas<br \/>\n5<br \/>\nElevador de gas<br \/>\n\u00bfElevador de gas?<br \/>\nS\u00ed<br \/>\nTama\u00f1o del elevador de gas<br \/>\n100 mm<br \/>\nClase de elevador de gas<br \/>\nclase 3<br \/>\nTama\u00f1o y peso<br \/>\nProfundidad del asiento<br \/>\n49 cm<br \/>\nAncho del asiento<br \/>\n35 cm<br \/>\nAltura del respaldo<br \/>\n70 cm<br \/>\nPeso de la unidad principal<br \/>\n13300 g<br \/>\nPeso total<br \/>\n13300 g<br \/>\nAltura del producto principal (en mm)<br \/>\n1240 mil\u00edmetros<br \/>\nProfundidad del producto principal (en mm)<br \/>\n640 mm<br \/>\nAncho del producto principal (en mm)<br \/>\n640 mm<br \/>\nAjustabilidad<br \/>\nAltura m\u00ednima\/m\u00e1xima del usuario<br \/>\n180 cm<br \/>\nAltura del asiento ajustable<br \/>\nS\u00ed<br \/>\n\u00c1ngulo de asiento ajustable<br \/>\nNo<br \/>\nreposabrazos ajustables<br \/>\nNo<br \/>\n\u00c1ngulo de respaldo ajustable<br \/>\nS\u00ed<br \/>\nMateriales<br \/>\nMaterial de la base de las ruedas<br \/>\npl\u00e1stico negro<br \/>\nCompatibilidad<br \/>\nPeso m\u00e1ximo<br \/>\n110 kg<\/p>\n","protected":false},"excerpt":{"rendered":"<p>NO INCLUYE EL POWER BANK , COMPRAR APARTE General Dise\u00f1o ergon\u00f3mico No N\u00famero de ruedas 5 Elevador de gas \u00bfElevador de gas? S\u00ed Tama\u00f1o del elevador de gas 100 mm Clase de elevador de gas clase 3 Tama\u00f1o y peso Profundidad del asiento 49 cm Ancho del asiento 35 cm Altura del respaldo 70 cm [&hellip;]<\/p>\n","protected":false},"featured_media":62270,"comment_status":"open","ping_status":"closed","template":"","meta":{"_uag_custom_page_level_css":""},"product_brand":[542],"product_cat":[123,15],"product_tag":[],"class_list":{"0":"post-62269","1":"product","2":"type-product","3":"status-publish","4":"has-post-thumbnail","6":"product_brand-trustgaming","7":"product_cat-sillas-gamer","8":"product_cat-sin-categorizar","10":"first","11":"instock","12":"sale","13":"taxable","14":"shipping-taxable","15":"purchasable","16":"product-type-simple"},"uagb_featured_image_src":{"full":["https:\/\/rms-enlinea.com.ar\/wp-content\/uploads\/2026\/03\/D_994264-MLA108720378949_032026-F.jpg",516,892,false],"thumbnail":["https:\/\/rms-enlinea.com.ar\/wp-content\/uploads\/2026\/03\/D_994264-MLA108720378949_032026-F-150x150.jpg",150,150,true],"medium":["https:\/\/rms-enlinea.com.ar\/wp-content\/uploads\/2026\/03\/D_994264-MLA108720378949_032026-F-174x300.jpg",174,300,true],"medium_large":["https:\/\/rms-enlinea.com.ar\/wp-content\/uploads\/2026\/03\/D_994264-MLA108720378949_032026-F.jpg",516,892,false],"large":["https:\/\/rms-enlinea.com.ar\/wp-content\/uploads\/2026\/03\/D_994264-MLA108720378949_032026-F.jpg",516,892,false],"1536x1536":["https:\/\/rms-enlinea.com.ar\/wp-content\/uploads\/2026\/03\/D_994264-MLA108720378949_032026-F.jpg",516,892,false],"2048x2048":["https:\/\/rms-enlinea.com.ar\/wp-content\/uploads\/2026\/03\/D_994264-MLA108720378949_032026-F.jpg",516,892,false],"woocommerce_thumbnail":["https:\/\/rms-enlinea.com.ar\/wp-content\/uploads\/2026\/03\/D_994264-MLA108720378949_032026-F-450x450.jpg",450,450,true],"woocommerce_single":["https:\/\/rms-enlinea.com.ar\/wp-content\/uploads\/2026\/03\/D_994264-MLA108720378949_032026-F.jpg",516,892,false],"woocommerce_gallery_thumbnail":["https:\/\/rms-enlinea.com.ar\/wp-content\/uploads\/2026\/03\/D_994264-MLA108720378949_032026-F-100x100.jpg",100,100,true]},"uagb_author_info":{"display_name":"nelson","author_link":"https:\/\/rms-enlinea.com.ar\/tienda\/author\/"},"uagb_comment_info":0,"uagb_excerpt":"NO INCLUYE EL POWER BANK , COMPRAR APARTE General Dise\u00f1o ergon\u00f3mico No N\u00famero de ruedas 5 Elevador de gas \u00bfElevador de gas? S\u00ed Tama\u00f1o del elevador de gas 100 mm Clase de elevador de gas clase 3 Tama\u00f1o y peso Profundidad del asiento 49 cm Ancho del asiento 35 cm Altura del respaldo 70 cm&hellip;","_links":{"self":[{"href":"https:\/\/rms-enlinea.com.ar\/tienda\/wp-json\/wp\/v2\/product\/62269","targetHints":{"allow":["GET"]}}],"collection":[{"href":"https:\/\/rms-enlinea.com.ar\/tienda\/wp-json\/wp\/v2\/product"}],"about":[{"href":"https:\/\/rms-enlinea.com.ar\/tienda\/wp-json\/wp\/v2\/types\/product"}],"replies":[{"embeddable":true,"href":"https:\/\/rms-enlinea.com.ar\/tienda\/wp-json\/wp\/v2\/comments?post=62269"}],"wp:featuredmedia":[{"embeddable":true,"href":"https:\/\/rms-enlinea.com.ar\/tienda\/wp-json\/wp\/v2\/media\/62270"}],"wp:attachment":[{"href":"https:\/\/rms-enlinea.com.ar\/tienda\/wp-json\/wp\/v2\/media?parent=62269"}],"wp:term":[{"taxonomy":"product_brand","embeddable":true,"href":"https:\/\/rms-enlinea.com.ar\/tienda\/wp-json\/wp\/v2\/product_brand?post=62269"},{"taxonomy":"product_cat","embeddable":true,"href":"https:\/\/rms-enlinea.com.ar\/tienda\/wp-json\/wp\/v2\/product_cat?post=62269"},{"taxonomy":"product_tag","embeddable":true,"href":"https:\/\/rms-enlinea.com.ar\/tienda\/wp-json\/wp\/v2\/product_tag?post=62269"}],"curies":[{"name":"wp","href":"https:\/\/api.w.org\/{rel}","templated":true}]}}