{"id":6227,"date":"2025-06-12T03:56:02","date_gmt":"2025-06-12T06:56:02","guid":{"rendered":"https:\/\/rms-enlinea.com.ar\/tienda\/producto\/teclado-gamer-vsg-qwerty-kailh-brown-espanol-latinoamerica-color-negro-con-luz-rgb-2\/"},"modified":"2026-04-19T20:11:12","modified_gmt":"2026-04-19T23:11:12","slug":"teclado-gamer-vsg-qwerty-kailh-brown-espanol-latinoamerica-color-negro-con-luz-rgb-2","status":"publish","type":"product","link":"https:\/\/rms-enlinea.com.ar\/tienda\/producto\/teclado-gamer-vsg-qwerty-kailh-brown-espanol-latinoamerica-color-negro-con-luz-rgb-2\/","title":{"rendered":"Teclado Mec\u00e1nico Vsg Mintaka Rgb Switches Kailh Brown Qwerty Espa\u00f1ol Negro Espa\u00f1ol Latinoam\u00e9rica"},"content":{"rendered":"<p>Este teclado VSG de alto rendimiento permite que puedas disfrutar de horas ilimitadas de juegos. Est\u00e1 dise\u00f1ado especialmente para que puedas expresar tanto tus habilidades como tu estilo. Podr\u00e1s mejorar tu experiencia de gaming, ya seas un aficionado o todo un experto y hacer que tus jugadas alcancen otro nivel.<\/p>\n<p>Distinci\u00f3n a todo color<br \/>Su retroiluminaci\u00f3n le da un toque diferente a tu equipo y resalta su composici\u00f3n cuando es utilizado en espacios poco iluminados.<\/p>\n<p>Tecnolog\u00eda antighosting<br \/>Este dispositivo tiene teclas antighosting. Esta cualidad es indispensable si requer\u00eds de un uso intensivo del perif\u00e9rico. Gracias a esto podr\u00e1s evitar fallas al tocar varias teclas al mismo tiempo.<\/p>\n","protected":false},"excerpt":{"rendered":"<p>Este teclado VSG de alto rendimiento permite que puedas disfrutar de horas ilimitadas de juegos. Est\u00e1 dise\u00f1ado especialmente para que puedas expresar tanto tus habilidades como tu estilo. Podr\u00e1s mejorar tu experiencia de gaming, ya seas un aficionado o todo un experto y hacer que tus jugadas alcancen otro nivel. Distinci\u00f3n a todo colorSu retroiluminaci\u00f3n [&hellip;]<\/p>\n","protected":false},"featured_media":6228,"comment_status":"open","ping_status":"closed","template":"","meta":{"_uag_custom_page_level_css":""},"product_brand":[544],"product_cat":[125],"product_tag":[],"class_list":{"0":"post-6227","1":"product","2":"type-product","3":"status-publish","4":"has-post-thumbnail","6":"product_brand-vsg","7":"product_cat-teclados-y-mouses","9":"first","10":"instock","11":"sale","12":"taxable","13":"shipping-taxable","14":"purchasable","15":"product-type-simple"},"uagb_featured_image_src":{"full":["https:\/\/rms-enlinea.com.ar\/wp-content\/uploads\/2025\/06\/D_846895-MLU74111653166_012024-F.jpg",1188,514,false],"thumbnail":["https:\/\/rms-enlinea.com.ar\/wp-content\/uploads\/2025\/06\/D_846895-MLU74111653166_012024-F-150x150.jpg",150,150,true],"medium":["https:\/\/rms-enlinea.com.ar\/wp-content\/uploads\/2025\/06\/D_846895-MLU74111653166_012024-F-300x130.jpg",300,130,true],"medium_large":["https:\/\/rms-enlinea.com.ar\/wp-content\/uploads\/2025\/06\/D_846895-MLU74111653166_012024-F-768x332.jpg",768,332,true],"large":["https:\/\/rms-enlinea.com.ar\/wp-content\/uploads\/2025\/06\/D_846895-MLU74111653166_012024-F-1024x443.jpg",1024,443,true],"1536x1536":["https:\/\/rms-enlinea.com.ar\/wp-content\/uploads\/2025\/06\/D_846895-MLU74111653166_012024-F.jpg",1188,514,false],"2048x2048":["https:\/\/rms-enlinea.com.ar\/wp-content\/uploads\/2025\/06\/D_846895-MLU74111653166_012024-F.jpg",1188,514,false],"woocommerce_thumbnail":["https:\/\/rms-enlinea.com.ar\/wp-content\/uploads\/2025\/06\/D_846895-MLU74111653166_012024-F-450x450.jpg",450,450,true],"woocommerce_single":["https:\/\/rms-enlinea.com.ar\/wp-content\/uploads\/2025\/06\/D_846895-MLU74111653166_012024-F-600x260.jpg",600,260,true],"woocommerce_gallery_thumbnail":["https:\/\/rms-enlinea.com.ar\/wp-content\/uploads\/2025\/06\/D_846895-MLU74111653166_012024-F-100x100.jpg",100,100,true]},"uagb_author_info":{"display_name":"l0071054","author_link":"https:\/\/rms-enlinea.com.ar\/tienda\/author\/"},"uagb_comment_info":0,"uagb_excerpt":"Este teclado VSG de alto rendimiento permite que puedas disfrutar de horas ilimitadas de juegos. Est\u00e1 dise\u00f1ado especialmente para que puedas expresar tanto tus habilidades como tu estilo. Podr\u00e1s mejorar tu experiencia de gaming, ya seas un aficionado o todo un experto y hacer que tus jugadas alcancen otro nivel. Distinci\u00f3n a todo colorSu retroiluminaci\u00f3n&hellip;","_links":{"self":[{"href":"https:\/\/rms-enlinea.com.ar\/tienda\/wp-json\/wp\/v2\/product\/6227","targetHints":{"allow":["GET"]}}],"collection":[{"href":"https:\/\/rms-enlinea.com.ar\/tienda\/wp-json\/wp\/v2\/product"}],"about":[{"href":"https:\/\/rms-enlinea.com.ar\/tienda\/wp-json\/wp\/v2\/types\/product"}],"replies":[{"embeddable":true,"href":"https:\/\/rms-enlinea.com.ar\/tienda\/wp-json\/wp\/v2\/comments?post=6227"}],"wp:featuredmedia":[{"embeddable":true,"href":"https:\/\/rms-enlinea.com.ar\/tienda\/wp-json\/wp\/v2\/media\/6228"}],"wp:attachment":[{"href":"https:\/\/rms-enlinea.com.ar\/tienda\/wp-json\/wp\/v2\/media?parent=6227"}],"wp:term":[{"taxonomy":"product_brand","embeddable":true,"href":"https:\/\/rms-enlinea.com.ar\/tienda\/wp-json\/wp\/v2\/product_brand?post=6227"},{"taxonomy":"product_cat","embeddable":true,"href":"https:\/\/rms-enlinea.com.ar\/tienda\/wp-json\/wp\/v2\/product_cat?post=6227"},{"taxonomy":"product_tag","embeddable":true,"href":"https:\/\/rms-enlinea.com.ar\/tienda\/wp-json\/wp\/v2\/product_tag?post=6227"}],"curies":[{"name":"wp","href":"https:\/\/api.w.org\/{rel}","templated":true}]}}