{"id":62294,"date":"2026-03-16T20:42:02","date_gmt":"2026-03-16T23:42:02","guid":{"rendered":"https:\/\/rms-enlinea.com.ar\/tienda\/producto\/auricular-inalambrico-monitoreo-escenario-takstar-wpm-200\/"},"modified":"2026-05-04T09:50:02","modified_gmt":"2026-05-04T12:50:02","slug":"auricular-inalambrico-monitoreo-escenario-takstar-wpm-200","status":"publish","type":"product","link":"https:\/\/rms-enlinea.com.ar\/tienda\/producto\/auricular-inalambrico-monitoreo-escenario-takstar-wpm-200\/","title":{"rendered":"Auricular Inalambrico Monitoreo Escenario Takstar Wpm-200"},"content":{"rendered":"<p>TIPO DE PRODCUTO: AURICULAR INALAMBRICO \/ SISTEMA DE MONITOREO<br \/>\nUSO: GUIA TURISTICO &#8211; OTROS<\/p>\n<p>BANDA DE FRECUENCIA UHF (780-789MHZ)<br \/>\n6 CANALES SELECCIONABLES<br \/>\nFUNCIONA CON 2 BATER\u00cdAS AA, DISE\u00d1O DE BAJO CONSUMO DE ENERG\u00cdA PARA LARGO TIEMPO DE USO HASTA 30 HORAS<br \/>\nCIRCUITO ANTI-INTERFERENCIA PARA EL USO DE 4-6SETS AL MISMO TIEMPO SIN INTERFERENCIAS MUTUAS<br \/>\nPANTALLA LCD<\/p>\n<p>TRANSMISOR:<br \/>\nRANGO DE FRECUENCIA: 780-789MHZ<br \/>\nFUENTE DE ALIMENTACI\u00d3N: DC 12V \/ 300MA<br \/>\nPOTENCIA DE TRANSMISI\u00d3N: =10DBM<br \/>\nCORRIENTE DE FUNCIONAMIENTO: 80MA \u00b1 10MA<br \/>\nRANGO DE FUNCIONAMIENTO: 50M<\/p>\n<p>RECEPTOR:<br \/>\nFUENTE DE ALIMENTACI\u00d3N: DC 3V (2PCS PILAS AA)<br \/>\nCORRIENTE DE FUNCIONAMIENTO: 50MA \u00b1 20MA<br \/>\nS \/ N RATIO:&gt; 50DB<br \/>\nSENSIBILIDAD: S \/ N 12DB 3UV<br \/>\nRESPUESTA DE FRECUENCIA: 30 HZ-18 KHZ<br \/>\nRANGO DE FRECUENCIA: 780-805MHZ<br \/>\nSEPARACI\u00d3N EST\u00c9REO:&gt; 50DB<\/p>\n<p>*** NO INCLUYE FUENTE DE ALIMENTACION ***<\/p>\n","protected":false},"excerpt":{"rendered":"<p>TIPO DE PRODCUTO: AURICULAR INALAMBRICO \/ SISTEMA DE MONITOREO USO: GUIA TURISTICO &#8211; OTROS BANDA DE FRECUENCIA UHF (780-789MHZ) 6 CANALES SELECCIONABLES FUNCIONA CON 2 BATER\u00cdAS AA, DISE\u00d1O DE BAJO CONSUMO DE ENERG\u00cdA PARA LARGO TIEMPO DE USO HASTA 30 HORAS CIRCUITO ANTI-INTERFERENCIA PARA EL USO DE 4-6SETS AL MISMO TIEMPO SIN INTERFERENCIAS MUTUAS PANTALLA [&hellip;]<\/p>\n","protected":false},"featured_media":36021,"comment_status":"open","ping_status":"closed","template":"","meta":{"_uag_custom_page_level_css":""},"product_brand":[511],"product_cat":[75,15],"product_tag":[],"class_list":{"0":"post-62294","1":"product","2":"type-product","3":"status-publish","4":"has-post-thumbnail","6":"product_brand-takstar","7":"product_cat-microfonos","8":"product_cat-sin-categorizar","10":"first","11":"outofstock","12":"sale","13":"taxable","14":"shipping-taxable","15":"purchasable","16":"product-type-simple"},"uagb_featured_image_src":{"full":["https:\/\/rms-enlinea.com.ar\/wp-content\/uploads\/2025\/06\/D_838974-MLA31100764077_062019-F.jpg",1000,1000,false],"thumbnail":["https:\/\/rms-enlinea.com.ar\/wp-content\/uploads\/2025\/06\/D_838974-MLA31100764077_062019-F-150x150.jpg",150,150,true],"medium":["https:\/\/rms-enlinea.com.ar\/wp-content\/uploads\/2025\/06\/D_838974-MLA31100764077_062019-F-300x300.jpg",300,300,true],"medium_large":["https:\/\/rms-enlinea.com.ar\/wp-content\/uploads\/2025\/06\/D_838974-MLA31100764077_062019-F-768x768.jpg",768,768,true],"large":["https:\/\/rms-enlinea.com.ar\/wp-content\/uploads\/2025\/06\/D_838974-MLA31100764077_062019-F.jpg",1000,1000,false],"1536x1536":["https:\/\/rms-enlinea.com.ar\/wp-content\/uploads\/2025\/06\/D_838974-MLA31100764077_062019-F.jpg",1000,1000,false],"2048x2048":["https:\/\/rms-enlinea.com.ar\/wp-content\/uploads\/2025\/06\/D_838974-MLA31100764077_062019-F.jpg",1000,1000,false],"woocommerce_thumbnail":["https:\/\/rms-enlinea.com.ar\/wp-content\/uploads\/2025\/06\/D_838974-MLA31100764077_062019-F-450x450.jpg",450,450,true],"woocommerce_single":["https:\/\/rms-enlinea.com.ar\/wp-content\/uploads\/2025\/06\/D_838974-MLA31100764077_062019-F-600x600.jpg",600,600,true],"woocommerce_gallery_thumbnail":["https:\/\/rms-enlinea.com.ar\/wp-content\/uploads\/2025\/06\/D_838974-MLA31100764077_062019-F-100x100.jpg",100,100,true]},"uagb_author_info":{"display_name":"nelson","author_link":"https:\/\/rms-enlinea.com.ar\/tienda\/author\/"},"uagb_comment_info":0,"uagb_excerpt":"TIPO DE PRODCUTO: AURICULAR INALAMBRICO \/ SISTEMA DE MONITOREO USO: GUIA TURISTICO &#8211; OTROS BANDA DE FRECUENCIA UHF (780-789MHZ) 6 CANALES SELECCIONABLES FUNCIONA CON 2 BATER\u00cdAS AA, DISE\u00d1O DE BAJO CONSUMO DE ENERG\u00cdA PARA LARGO TIEMPO DE USO HASTA 30 HORAS CIRCUITO ANTI-INTERFERENCIA PARA EL USO DE 4-6SETS AL MISMO TIEMPO SIN INTERFERENCIAS MUTUAS PANTALLA&hellip;","_links":{"self":[{"href":"https:\/\/rms-enlinea.com.ar\/tienda\/wp-json\/wp\/v2\/product\/62294","targetHints":{"allow":["GET"]}}],"collection":[{"href":"https:\/\/rms-enlinea.com.ar\/tienda\/wp-json\/wp\/v2\/product"}],"about":[{"href":"https:\/\/rms-enlinea.com.ar\/tienda\/wp-json\/wp\/v2\/types\/product"}],"replies":[{"embeddable":true,"href":"https:\/\/rms-enlinea.com.ar\/tienda\/wp-json\/wp\/v2\/comments?post=62294"}],"wp:featuredmedia":[{"embeddable":true,"href":"https:\/\/rms-enlinea.com.ar\/tienda\/wp-json\/wp\/v2\/media\/36021"}],"wp:attachment":[{"href":"https:\/\/rms-enlinea.com.ar\/tienda\/wp-json\/wp\/v2\/media?parent=62294"}],"wp:term":[{"taxonomy":"product_brand","embeddable":true,"href":"https:\/\/rms-enlinea.com.ar\/tienda\/wp-json\/wp\/v2\/product_brand?post=62294"},{"taxonomy":"product_cat","embeddable":true,"href":"https:\/\/rms-enlinea.com.ar\/tienda\/wp-json\/wp\/v2\/product_cat?post=62294"},{"taxonomy":"product_tag","embeddable":true,"href":"https:\/\/rms-enlinea.com.ar\/tienda\/wp-json\/wp\/v2\/product_tag?post=62294"}],"curies":[{"name":"wp","href":"https:\/\/api.w.org\/{rel}","templated":true}]}}