{"id":62295,"date":"2026-03-16T20:42:15","date_gmt":"2026-03-16T23:42:15","guid":{"rendered":"https:\/\/rms-enlinea.com.ar\/tienda\/producto\/receptor-inalambrico-sistema-de-monitoreo-takstar-wpm-200r\/"},"modified":"2026-04-21T04:41:49","modified_gmt":"2026-04-21T07:41:49","slug":"receptor-inalambrico-sistema-de-monitoreo-takstar-wpm-200r","status":"publish","type":"product","link":"https:\/\/rms-enlinea.com.ar\/tienda\/producto\/receptor-inalambrico-sistema-de-monitoreo-takstar-wpm-200r\/","title":{"rendered":"Receptor Inalambrico Sistema De Monitoreo Takstar Wpm-200r"},"content":{"rendered":"<p>MONITOREO DE GRABACI\u00d3N DE ESTUDIO, EN MONITOREO DE ESCENARIO<br \/>\nDISPLAY CON INFORMACI\u00d3N DE FRECUENCIAS, CANAL Y NIVEL DE BATER\u00cdA<br \/>\nFUNCIONA CON 2 PILAS AA<br \/>\nLA SOLUCION AL MONITOREO<br \/>\nPODES REGULAR EL VOLUMEN DESDE EL RECEPTOR<br \/>\nY CAMBIAR EL CANAL<br \/>\nINCLUYE: 1 RECEPTOR INALAMBRICO, 1 AURICULAR INTRAURAL.<br \/>\nBANDA DE FRECUENCIA UHF (784-795MHZ) Y TECNOLOG\u00cdA SINTETIZADA DE FRECUENCIA PLL PARA UN FUNCIONAMIENTO ESTABLE<br \/>\n6 CANALES SELECCIONABLES<\/p>\n","protected":false},"excerpt":{"rendered":"<p>MONITOREO DE GRABACI\u00d3N DE ESTUDIO, EN MONITOREO DE ESCENARIO DISPLAY CON INFORMACI\u00d3N DE FRECUENCIAS, CANAL Y NIVEL DE BATER\u00cdA FUNCIONA CON 2 PILAS AA LA SOLUCION AL MONITOREO PODES REGULAR EL VOLUMEN DESDE EL RECEPTOR Y CAMBIAR EL CANAL INCLUYE: 1 RECEPTOR INALAMBRICO, 1 AURICULAR INTRAURAL. BANDA DE FRECUENCIA UHF (784-795MHZ) Y TECNOLOG\u00cdA SINTETIZADA DE [&hellip;]<\/p>\n","protected":false},"featured_media":19001,"comment_status":"open","ping_status":"closed","template":"","meta":{"_uag_custom_page_level_css":""},"product_brand":[511],"product_cat":[75,15],"product_tag":[],"class_list":{"0":"post-62295","1":"product","2":"type-product","3":"status-publish","4":"has-post-thumbnail","6":"product_brand-takstar","7":"product_cat-microfonos","8":"product_cat-sin-categorizar","10":"first","11":"outofstock","12":"sale","13":"taxable","14":"shipping-taxable","15":"purchasable","16":"product-type-simple"},"uagb_featured_image_src":{"full":["https:\/\/rms-enlinea.com.ar\/wp-content\/uploads\/2025\/06\/D_936564-MLA77246209874_072024-F.jpg",728,1024,false],"thumbnail":["https:\/\/rms-enlinea.com.ar\/wp-content\/uploads\/2025\/06\/D_936564-MLA77246209874_072024-F-150x150.jpg",150,150,true],"medium":["https:\/\/rms-enlinea.com.ar\/wp-content\/uploads\/2025\/06\/D_936564-MLA77246209874_072024-F-213x300.jpg",213,300,true],"medium_large":["https:\/\/rms-enlinea.com.ar\/wp-content\/uploads\/2025\/06\/D_936564-MLA77246209874_072024-F.jpg",728,1024,false],"large":["https:\/\/rms-enlinea.com.ar\/wp-content\/uploads\/2025\/06\/D_936564-MLA77246209874_072024-F.jpg",728,1024,false],"1536x1536":["https:\/\/rms-enlinea.com.ar\/wp-content\/uploads\/2025\/06\/D_936564-MLA77246209874_072024-F.jpg",728,1024,false],"2048x2048":["https:\/\/rms-enlinea.com.ar\/wp-content\/uploads\/2025\/06\/D_936564-MLA77246209874_072024-F.jpg",728,1024,false],"woocommerce_thumbnail":["https:\/\/rms-enlinea.com.ar\/wp-content\/uploads\/2025\/06\/D_936564-MLA77246209874_072024-F-450x450.jpg",450,450,true],"woocommerce_single":["https:\/\/rms-enlinea.com.ar\/wp-content\/uploads\/2025\/06\/D_936564-MLA77246209874_072024-F-600x844.jpg",600,844,true],"woocommerce_gallery_thumbnail":["https:\/\/rms-enlinea.com.ar\/wp-content\/uploads\/2025\/06\/D_936564-MLA77246209874_072024-F-100x100.jpg",100,100,true]},"uagb_author_info":{"display_name":"nelson","author_link":"https:\/\/rms-enlinea.com.ar\/tienda\/author\/"},"uagb_comment_info":0,"uagb_excerpt":"MONITOREO DE GRABACI\u00d3N DE ESTUDIO, EN MONITOREO DE ESCENARIO DISPLAY CON INFORMACI\u00d3N DE FRECUENCIAS, CANAL Y NIVEL DE BATER\u00cdA FUNCIONA CON 2 PILAS AA LA SOLUCION AL MONITOREO PODES REGULAR EL VOLUMEN DESDE EL RECEPTOR Y CAMBIAR EL CANAL INCLUYE: 1 RECEPTOR INALAMBRICO, 1 AURICULAR INTRAURAL. BANDA DE FRECUENCIA UHF (784-795MHZ) Y TECNOLOG\u00cdA SINTETIZADA DE&hellip;","_links":{"self":[{"href":"https:\/\/rms-enlinea.com.ar\/tienda\/wp-json\/wp\/v2\/product\/62295","targetHints":{"allow":["GET"]}}],"collection":[{"href":"https:\/\/rms-enlinea.com.ar\/tienda\/wp-json\/wp\/v2\/product"}],"about":[{"href":"https:\/\/rms-enlinea.com.ar\/tienda\/wp-json\/wp\/v2\/types\/product"}],"replies":[{"embeddable":true,"href":"https:\/\/rms-enlinea.com.ar\/tienda\/wp-json\/wp\/v2\/comments?post=62295"}],"wp:featuredmedia":[{"embeddable":true,"href":"https:\/\/rms-enlinea.com.ar\/tienda\/wp-json\/wp\/v2\/media\/19001"}],"wp:attachment":[{"href":"https:\/\/rms-enlinea.com.ar\/tienda\/wp-json\/wp\/v2\/media?parent=62295"}],"wp:term":[{"taxonomy":"product_brand","embeddable":true,"href":"https:\/\/rms-enlinea.com.ar\/tienda\/wp-json\/wp\/v2\/product_brand?post=62295"},{"taxonomy":"product_cat","embeddable":true,"href":"https:\/\/rms-enlinea.com.ar\/tienda\/wp-json\/wp\/v2\/product_cat?post=62295"},{"taxonomy":"product_tag","embeddable":true,"href":"https:\/\/rms-enlinea.com.ar\/tienda\/wp-json\/wp\/v2\/product_tag?post=62295"}],"curies":[{"name":"wp","href":"https:\/\/api.w.org\/{rel}","templated":true}]}}