{"id":62310,"date":"2026-03-18T17:52:16","date_gmt":"2026-03-18T20:52:16","guid":{"rendered":"https:\/\/rms-enlinea.com.ar\/tienda\/producto\/consola-digital-yamaha-dm3s-16-canales-usb-18-efectos\/"},"modified":"2026-04-21T06:04:58","modified_gmt":"2026-04-21T09:04:58","slug":"consola-digital-yamaha-dm3s-16-canales-usb-18-efectos","status":"publish","type":"product","link":"https:\/\/rms-enlinea.com.ar\/tienda\/producto\/consola-digital-yamaha-dm3s-16-canales-usb-18-efectos\/","title":{"rendered":"Yamaha Dm3s Standard Mixer Digital 16 Canales Efectos Usb"},"content":{"rendered":"<p>La consola de mezcla digital compacta DM3 est\u00e1ndar port\u00e1til tiene capacidades vers\u00e1tiles; perfecta para una amplia gama de aplicaciones. La DM3 ofrece calidad de sonido suprema, configuraci\u00f3n y operaci\u00f3n f\u00e1cil y r\u00e1pida, funciones de nivel profesional.<\/p>\n<p>Configuraci\u00f3n de atenuador (fader) 8 + 1<br \/>\nPantalla t\u00e1ctil de 9 pulgadas<br \/>\nEntradas de canales de mezcla: 16 mono + 1 bus est\u00e9reo + 2 retornos de FX<br \/>\nBuses: 1 est\u00e9reo, 6 Mix, 2 FX, 2 Matriz (admite a ntradas a Matriz)<br \/>\nE\/S locales: 16 entradas mic\/l\u00ednea (12 XLR + 4 XLR\/TRS phones combo) y 8 salidas (XLR)<br \/>\nUSB: 18 entradas, 18 salidas<br \/>\n18 efectos, y GEQ en la mezcla 1-6 y canales est\u00e9reo<br \/>\nFrecuencia de muestreo: 48kHz\/96kHz<br \/>\nDimensiones (An x Al x P): 320 mm \u00d7 140 mm \u00d7 455 mm<br \/>\nPeso neto 6,5 kg<\/p>\n","protected":false},"excerpt":{"rendered":"<p>La consola de mezcla digital compacta DM3 est\u00e1ndar port\u00e1til tiene capacidades vers\u00e1tiles; perfecta para una amplia gama de aplicaciones. La DM3 ofrece calidad de sonido suprema, configuraci\u00f3n y operaci\u00f3n f\u00e1cil y r\u00e1pida, funciones de nivel profesional. Configuraci\u00f3n de atenuador (fader) 8 + 1 Pantalla t\u00e1ctil de 9 pulgadas Entradas de canales de mezcla: 16 mono [&hellip;]<\/p>\n","protected":false},"featured_media":62311,"comment_status":"open","ping_status":"closed","template":"","meta":{"_uag_custom_page_level_css":""},"product_brand":[496],"product_cat":[59,15],"product_tag":[],"class_list":{"0":"post-62310","1":"product","2":"type-product","3":"status-publish","4":"has-post-thumbnail","6":"product_brand-yamaha","7":"product_cat-consolas-y-mixers","8":"product_cat-sin-categorizar","10":"first","11":"outofstock","12":"sale","13":"taxable","14":"shipping-taxable","15":"purchasable","16":"product-type-simple"},"uagb_featured_image_src":{"full":["https:\/\/rms-enlinea.com.ar\/wp-content\/uploads\/2026\/03\/D_978160-MLA99502524768_112025-F.jpg",500,492,false],"thumbnail":["https:\/\/rms-enlinea.com.ar\/wp-content\/uploads\/2026\/03\/D_978160-MLA99502524768_112025-F-150x150.jpg",150,150,true],"medium":["https:\/\/rms-enlinea.com.ar\/wp-content\/uploads\/2026\/03\/D_978160-MLA99502524768_112025-F-300x295.jpg",300,295,true],"medium_large":["https:\/\/rms-enlinea.com.ar\/wp-content\/uploads\/2026\/03\/D_978160-MLA99502524768_112025-F.jpg",500,492,false],"large":["https:\/\/rms-enlinea.com.ar\/wp-content\/uploads\/2026\/03\/D_978160-MLA99502524768_112025-F.jpg",500,492,false],"1536x1536":["https:\/\/rms-enlinea.com.ar\/wp-content\/uploads\/2026\/03\/D_978160-MLA99502524768_112025-F.jpg",500,492,false],"2048x2048":["https:\/\/rms-enlinea.com.ar\/wp-content\/uploads\/2026\/03\/D_978160-MLA99502524768_112025-F.jpg",500,492,false],"woocommerce_thumbnail":["https:\/\/rms-enlinea.com.ar\/wp-content\/uploads\/2026\/03\/D_978160-MLA99502524768_112025-F-450x450.jpg",450,450,true],"woocommerce_single":["https:\/\/rms-enlinea.com.ar\/wp-content\/uploads\/2026\/03\/D_978160-MLA99502524768_112025-F.jpg",500,492,false],"woocommerce_gallery_thumbnail":["https:\/\/rms-enlinea.com.ar\/wp-content\/uploads\/2026\/03\/D_978160-MLA99502524768_112025-F-100x100.jpg",100,100,true]},"uagb_author_info":{"display_name":"nelson","author_link":"https:\/\/rms-enlinea.com.ar\/tienda\/author\/"},"uagb_comment_info":0,"uagb_excerpt":"La consola de mezcla digital compacta DM3 est\u00e1ndar port\u00e1til tiene capacidades vers\u00e1tiles; perfecta para una amplia gama de aplicaciones. La DM3 ofrece calidad de sonido suprema, configuraci\u00f3n y operaci\u00f3n f\u00e1cil y r\u00e1pida, funciones de nivel profesional. Configuraci\u00f3n de atenuador (fader) 8 + 1 Pantalla t\u00e1ctil de 9 pulgadas Entradas de canales de mezcla: 16 mono&hellip;","_links":{"self":[{"href":"https:\/\/rms-enlinea.com.ar\/tienda\/wp-json\/wp\/v2\/product\/62310","targetHints":{"allow":["GET"]}}],"collection":[{"href":"https:\/\/rms-enlinea.com.ar\/tienda\/wp-json\/wp\/v2\/product"}],"about":[{"href":"https:\/\/rms-enlinea.com.ar\/tienda\/wp-json\/wp\/v2\/types\/product"}],"replies":[{"embeddable":true,"href":"https:\/\/rms-enlinea.com.ar\/tienda\/wp-json\/wp\/v2\/comments?post=62310"}],"wp:featuredmedia":[{"embeddable":true,"href":"https:\/\/rms-enlinea.com.ar\/tienda\/wp-json\/wp\/v2\/media\/62311"}],"wp:attachment":[{"href":"https:\/\/rms-enlinea.com.ar\/tienda\/wp-json\/wp\/v2\/media?parent=62310"}],"wp:term":[{"taxonomy":"product_brand","embeddable":true,"href":"https:\/\/rms-enlinea.com.ar\/tienda\/wp-json\/wp\/v2\/product_brand?post=62310"},{"taxonomy":"product_cat","embeddable":true,"href":"https:\/\/rms-enlinea.com.ar\/tienda\/wp-json\/wp\/v2\/product_cat?post=62310"},{"taxonomy":"product_tag","embeddable":true,"href":"https:\/\/rms-enlinea.com.ar\/tienda\/wp-json\/wp\/v2\/product_tag?post=62310"}],"curies":[{"name":"wp","href":"https:\/\/api.w.org\/{rel}","templated":true}]}}