{"id":62389,"date":"2026-03-22T16:20:22","date_gmt":"2026-03-22T19:20:22","guid":{"rendered":"https:\/\/rms-enlinea.com.ar\/tienda\/producto\/proyector-kelyx-720p-180-lumens-bt-wifi-android-hy300\/"},"modified":"2026-04-21T05:45:24","modified_gmt":"2026-04-21T08:45:24","slug":"proyector-kelyx-720p-180-lumens-bt-wifi-android-hy300","status":"publish","type":"product","link":"https:\/\/rms-enlinea.com.ar\/tienda\/producto\/proyector-kelyx-720p-180-lumens-bt-wifi-android-hy300\/","title":{"rendered":"Proyector Kelyx 720p 180 Lumenes Bluetooth\/wifi Android Blanco"},"content":{"rendered":"<p>Modelo HY300<br \/>\nChipset H713<br \/>\nMaterial del producto ABS + PC<br \/>\nSistema Android + sistema Zhixiang<br \/>\nIdioma Espa\u00f1ol<br \/>\nCompatible con conexi\u00f3n inalambrica<br \/>\nCompatible con Bluetooth S\u00ed<br \/>\nCompatible con Wifi S\u00ed<br \/>\nRelaci\u00f3n de pantalla 16:9 \/ 4:3<br \/>\nRelaci\u00f3n de Proyecci\u00f3n 0.042372685<br \/>\nDistancia de proyecci\u00f3n 4 m<br \/>\nTama\u00f1o de proyecci\u00f3n 30\u2013200 pulgadas<br \/>\nRelaci\u00f3n de contraste 41.66736111<br \/>\nColores de pantalla 16 millones de colores<br \/>\nResoluci\u00f3n nativa 1280 \u00d7 720<br \/>\nResoluci\u00f3n real 1280 \u00d7 720<br \/>\nTipo de accesorio Control remoto para proyector<br \/>\nBrillo (ANSI) 180 l\u00famenes<br \/>\nTipo de fuente de luz LED<br \/>\nTecnolog\u00eda de imagen LCD<br \/>\nTipo de distancia focal del proyector Media-Larga<br \/>\nCompatible con reproducci\u00f3n 3D S\u00ed<br \/>\nMemoria (RAM + almacenamiento) 2 GB + 8 GB<br \/>\nColor Blanco<br \/>\nCorrecci\u00f3n trapezoidal Autom\u00e1tica<br \/>\nModo de enfoque Enfoque manual<br \/>\nPuerto USB 1<br \/>\nInterfaz de audio AUX 1<br \/>\nEntrada HDMI 1<br \/>\nVida \u00fatil de la fuente de luz 50,000 horas<br \/>\nVoltaje 100\u2013240 V<br \/>\nPotencia 36 W<\/p>\n","protected":false},"excerpt":{"rendered":"<p>Modelo HY300 Chipset H713 Material del producto ABS + PC Sistema Android + sistema Zhixiang Idioma Espa\u00f1ol Compatible con conexi\u00f3n inalambrica Compatible con Bluetooth S\u00ed Compatible con Wifi S\u00ed Relaci\u00f3n de pantalla 16:9 \/ 4:3 Relaci\u00f3n de Proyecci\u00f3n 0.042372685 Distancia de proyecci\u00f3n 4 m Tama\u00f1o de proyecci\u00f3n 30\u2013200 pulgadas Relaci\u00f3n de contraste 41.66736111 Colores de [&hellip;]<\/p>\n","protected":false},"featured_media":62390,"comment_status":"open","ping_status":"closed","template":"","meta":{"_uag_custom_page_level_css":""},"product_brand":[571],"product_cat":[615,15],"product_tag":[],"class_list":{"0":"post-62389","1":"product","2":"type-product","3":"status-publish","4":"has-post-thumbnail","6":"product_brand-kelyx","7":"product_cat-proyectores","8":"product_cat-sin-categorizar","10":"first","11":"outofstock","12":"sale","13":"taxable","14":"shipping-taxable","15":"purchasable","16":"product-type-simple"},"uagb_featured_image_src":{"full":["https:\/\/rms-enlinea.com.ar\/wp-content\/uploads\/2026\/03\/D_734686-MLA106142536824_022026-F.jpg",1200,1196,false],"thumbnail":["https:\/\/rms-enlinea.com.ar\/wp-content\/uploads\/2026\/03\/D_734686-MLA106142536824_022026-F-150x150.jpg",150,150,true],"medium":["https:\/\/rms-enlinea.com.ar\/wp-content\/uploads\/2026\/03\/D_734686-MLA106142536824_022026-F-300x300.jpg",300,300,true],"medium_large":["https:\/\/rms-enlinea.com.ar\/wp-content\/uploads\/2026\/03\/D_734686-MLA106142536824_022026-F-768x765.jpg",768,765,true],"large":["https:\/\/rms-enlinea.com.ar\/wp-content\/uploads\/2026\/03\/D_734686-MLA106142536824_022026-F-1024x1021.jpg",1024,1021,true],"1536x1536":["https:\/\/rms-enlinea.com.ar\/wp-content\/uploads\/2026\/03\/D_734686-MLA106142536824_022026-F.jpg",1200,1196,false],"2048x2048":["https:\/\/rms-enlinea.com.ar\/wp-content\/uploads\/2026\/03\/D_734686-MLA106142536824_022026-F.jpg",1200,1196,false],"woocommerce_thumbnail":["https:\/\/rms-enlinea.com.ar\/wp-content\/uploads\/2026\/03\/D_734686-MLA106142536824_022026-F-450x450.jpg",450,450,true],"woocommerce_single":["https:\/\/rms-enlinea.com.ar\/wp-content\/uploads\/2026\/03\/D_734686-MLA106142536824_022026-F-600x598.jpg",600,598,true],"woocommerce_gallery_thumbnail":["https:\/\/rms-enlinea.com.ar\/wp-content\/uploads\/2026\/03\/D_734686-MLA106142536824_022026-F-100x100.jpg",100,100,true]},"uagb_author_info":{"display_name":"nelson","author_link":"https:\/\/rms-enlinea.com.ar\/tienda\/author\/"},"uagb_comment_info":0,"uagb_excerpt":"Modelo HY300 Chipset H713 Material del producto ABS + PC Sistema Android + sistema Zhixiang Idioma Espa\u00f1ol Compatible con conexi\u00f3n inalambrica Compatible con Bluetooth S\u00ed Compatible con Wifi S\u00ed Relaci\u00f3n de pantalla 16:9 \/ 4:3 Relaci\u00f3n de Proyecci\u00f3n 0.042372685 Distancia de proyecci\u00f3n 4 m Tama\u00f1o de proyecci\u00f3n 30\u2013200 pulgadas Relaci\u00f3n de contraste 41.66736111 Colores de&hellip;","_links":{"self":[{"href":"https:\/\/rms-enlinea.com.ar\/tienda\/wp-json\/wp\/v2\/product\/62389","targetHints":{"allow":["GET"]}}],"collection":[{"href":"https:\/\/rms-enlinea.com.ar\/tienda\/wp-json\/wp\/v2\/product"}],"about":[{"href":"https:\/\/rms-enlinea.com.ar\/tienda\/wp-json\/wp\/v2\/types\/product"}],"replies":[{"embeddable":true,"href":"https:\/\/rms-enlinea.com.ar\/tienda\/wp-json\/wp\/v2\/comments?post=62389"}],"wp:featuredmedia":[{"embeddable":true,"href":"https:\/\/rms-enlinea.com.ar\/tienda\/wp-json\/wp\/v2\/media\/62390"}],"wp:attachment":[{"href":"https:\/\/rms-enlinea.com.ar\/tienda\/wp-json\/wp\/v2\/media?parent=62389"}],"wp:term":[{"taxonomy":"product_brand","embeddable":true,"href":"https:\/\/rms-enlinea.com.ar\/tienda\/wp-json\/wp\/v2\/product_brand?post=62389"},{"taxonomy":"product_cat","embeddable":true,"href":"https:\/\/rms-enlinea.com.ar\/tienda\/wp-json\/wp\/v2\/product_cat?post=62389"},{"taxonomy":"product_tag","embeddable":true,"href":"https:\/\/rms-enlinea.com.ar\/tienda\/wp-json\/wp\/v2\/product_tag?post=62389"}],"curies":[{"name":"wp","href":"https:\/\/api.w.org\/{rel}","templated":true}]}}