{"id":62428,"date":"2026-03-24T03:20:15","date_gmt":"2026-03-24T06:20:15","guid":{"rendered":"https:\/\/rms-enlinea.com.ar\/tienda\/producto\/consola-digital-24-canales-yamaha-tf3\/"},"modified":"2026-04-02T14:04:21","modified_gmt":"2026-04-02T17:04:21","slug":"consola-digital-24-canales-yamaha-tf3","status":"publish","type":"product","link":"https:\/\/rms-enlinea.com.ar\/tienda\/producto\/consola-digital-24-canales-yamaha-tf3\/","title":{"rendered":"Consola Digital 24 Canales Yamaha Tf3"},"content":{"rendered":"<p>Amplia capacidad de entradas y pr\u00e1ctico control en una consola compacta que puede manejar una amplio rango de aplicaciones<br \/>\nEl hardware de la serie TF est\u00e1 lleno de funciones que contribuyen a que la operatividad y la comodidad sean m\u00e1ximas.<br \/>\nTodos los faders, controles giratorios y botones tienen un tacto y un ajuste sobresalientes, adem\u00e1s de una total integraci\u00f3n de funcionamiento con la tecnolog\u00eda visual de \u00faltima generaci\u00f3n, incluyendo la alta visibilidad del nombre y el color de los canales.<br \/>\nEl propio panel t\u00e1ctil ofrece una mezcla perfecta entre informaci\u00f3n visual completa y rapidez de respuesta.<br \/>\nLa disposici\u00f3n f\u00edsica de estos componentes a\u00fana todo en un sistema con un flujo de trabajo sorprendentemente eficiente. Dise\u00f1ada y perfeccionada para ofrecer el manejo m\u00e1s fluido posible mediante su panel de control t\u00e1ctil, la interfaz de la serie TF permite un flujo de trabajo f\u00e1cil y eficaz que puede ser una gran ventaja en cualquier situaci\u00f3n de mezcla.<br \/>\nEl contenido visual ha sido dise\u00f1ado espec\u00edficamente para que sea accesible de manera sencilla y directa, con una disposici\u00f3n de los elementos que contribuye a conseguir las mezclas m\u00e1s naturales y eficaces. El manejo mediante panel t\u00e1ctil resulta tan simple que es como si di\u00e9semos forma al sonido con los dedos.<\/p>\n<p>25 faders motorizados (25 canales + 1 m\u00e1ster)<\/p>\n<p>48 canales de mezcla de entrada (40 mono + 2 est\u00e9reo + 2 retornos)<\/p>\n<p>20 buses Aux (8 mono + 6 est\u00e9reo) + est\u00e9reo + buses sub<\/p>\n<p>8 grupos DCA con funci\u00f3n Roll-out<\/p>\n<p>24 entradas anal\u00f3gicas combinadas micro\/l\u00ednea (XLR\/TRS) + 2 entradas anal\u00f3gicas de l\u00ednea est\u00e9reo con conectores RCA<\/p>\n<p>16 salidas anal\u00f3gicas XLR<\/p>\n<p>34 x 34 canales de grabaci\u00f3n\/reproducci\u00f3n digital v\u00eda USB 2.0 + 2 x 2 v\u00eda dispositivo de almacenamiento externo USB<\/p>\n<p>8 Efectos y 10 GEQ<\/p>\n<p>1 ranura de expansi\u00f3n para tarjeta de interfaz de audio NY64-D<\/p>\n","protected":false},"excerpt":{"rendered":"<p>Amplia capacidad de entradas y pr\u00e1ctico control en una consola compacta que puede manejar una amplio rango de aplicaciones El hardware de la serie TF est\u00e1 lleno de funciones que contribuyen a que la operatividad y la comodidad sean m\u00e1ximas. Todos los faders, controles giratorios y botones tienen un tacto y un ajuste sobresalientes, adem\u00e1s [&hellip;]<\/p>\n","protected":false},"featured_media":62429,"comment_status":"open","ping_status":"closed","template":"","meta":{"_uag_custom_page_level_css":""},"product_brand":[496],"product_cat":[59,15],"product_tag":[],"class_list":{"0":"post-62428","1":"product","2":"type-product","3":"status-publish","4":"has-post-thumbnail","6":"product_brand-yamaha","7":"product_cat-consolas-y-mixers","8":"product_cat-sin-categorizar","10":"first","11":"outofstock","12":"sale","13":"taxable","14":"shipping-taxable","15":"purchasable","16":"product-type-simple"},"uagb_featured_image_src":{"full":["https:\/\/rms-enlinea.com.ar\/wp-content\/uploads\/2026\/03\/D_991143-MLA108368565366_032026-F.jpg",628,388,false],"thumbnail":["https:\/\/rms-enlinea.com.ar\/wp-content\/uploads\/2026\/03\/D_991143-MLA108368565366_032026-F-150x150.jpg",150,150,true],"medium":["https:\/\/rms-enlinea.com.ar\/wp-content\/uploads\/2026\/03\/D_991143-MLA108368565366_032026-F-300x185.jpg",300,185,true],"medium_large":["https:\/\/rms-enlinea.com.ar\/wp-content\/uploads\/2026\/03\/D_991143-MLA108368565366_032026-F.jpg",628,388,false],"large":["https:\/\/rms-enlinea.com.ar\/wp-content\/uploads\/2026\/03\/D_991143-MLA108368565366_032026-F.jpg",628,388,false],"1536x1536":["https:\/\/rms-enlinea.com.ar\/wp-content\/uploads\/2026\/03\/D_991143-MLA108368565366_032026-F.jpg",628,388,false],"2048x2048":["https:\/\/rms-enlinea.com.ar\/wp-content\/uploads\/2026\/03\/D_991143-MLA108368565366_032026-F.jpg",628,388,false],"woocommerce_thumbnail":["https:\/\/rms-enlinea.com.ar\/wp-content\/uploads\/2026\/03\/D_991143-MLA108368565366_032026-F-450x388.jpg",450,388,true],"woocommerce_single":["https:\/\/rms-enlinea.com.ar\/wp-content\/uploads\/2026\/03\/D_991143-MLA108368565366_032026-F-600x371.jpg",600,371,true],"woocommerce_gallery_thumbnail":["https:\/\/rms-enlinea.com.ar\/wp-content\/uploads\/2026\/03\/D_991143-MLA108368565366_032026-F-100x100.jpg",100,100,true]},"uagb_author_info":{"display_name":"nelson","author_link":"https:\/\/rms-enlinea.com.ar\/tienda\/author\/"},"uagb_comment_info":0,"uagb_excerpt":"Amplia capacidad de entradas y pr\u00e1ctico control en una consola compacta que puede manejar una amplio rango de aplicaciones El hardware de la serie TF est\u00e1 lleno de funciones que contribuyen a que la operatividad y la comodidad sean m\u00e1ximas. Todos los faders, controles giratorios y botones tienen un tacto y un ajuste sobresalientes, adem\u00e1s&hellip;","_links":{"self":[{"href":"https:\/\/rms-enlinea.com.ar\/tienda\/wp-json\/wp\/v2\/product\/62428","targetHints":{"allow":["GET"]}}],"collection":[{"href":"https:\/\/rms-enlinea.com.ar\/tienda\/wp-json\/wp\/v2\/product"}],"about":[{"href":"https:\/\/rms-enlinea.com.ar\/tienda\/wp-json\/wp\/v2\/types\/product"}],"replies":[{"embeddable":true,"href":"https:\/\/rms-enlinea.com.ar\/tienda\/wp-json\/wp\/v2\/comments?post=62428"}],"wp:featuredmedia":[{"embeddable":true,"href":"https:\/\/rms-enlinea.com.ar\/tienda\/wp-json\/wp\/v2\/media\/62429"}],"wp:attachment":[{"href":"https:\/\/rms-enlinea.com.ar\/tienda\/wp-json\/wp\/v2\/media?parent=62428"}],"wp:term":[{"taxonomy":"product_brand","embeddable":true,"href":"https:\/\/rms-enlinea.com.ar\/tienda\/wp-json\/wp\/v2\/product_brand?post=62428"},{"taxonomy":"product_cat","embeddable":true,"href":"https:\/\/rms-enlinea.com.ar\/tienda\/wp-json\/wp\/v2\/product_cat?post=62428"},{"taxonomy":"product_tag","embeddable":true,"href":"https:\/\/rms-enlinea.com.ar\/tienda\/wp-json\/wp\/v2\/product_tag?post=62428"}],"curies":[{"name":"wp","href":"https:\/\/api.w.org\/{rel}","templated":true}]}}