{"id":62444,"date":"2026-03-24T18:20:11","date_gmt":"2026-03-24T21:20:11","guid":{"rendered":"https:\/\/rms-enlinea.com.ar\/tienda\/producto\/microfono-condenser-escopeta-shotgun-eikon-proel-mfc81-color-negro\/"},"modified":"2026-04-21T07:03:15","modified_gmt":"2026-04-21T10:03:15","slug":"microfono-condenser-escopeta-shotgun-eikon-proel-mfc81-color-negro","status":"publish","type":"product","link":"https:\/\/rms-enlinea.com.ar\/tienda\/producto\/microfono-condenser-escopeta-shotgun-eikon-proel-mfc81-color-negro\/","title":{"rendered":"Microfono Condenser Tipo Shotgun Eikon By Proel Mfc81"},"content":{"rendered":"<p>Desde 1989, hemos estado junto a la m\u00fasica, ofreciendo una amplia variedad de productos de alta calidad.<\/p>\n<p>El MFC81 es un micr\u00f3fono condensador de ca\u00f1\u00f3n, ideal para grabaciones de v\u00eddeo, atriles o aplicaciones de teatro. Este micr\u00f3fono es extremadamente ligero y robusto, lo que lo hace perfecto para montarlo en c\u00e1maras de v\u00eddeo o videoc\u00e1maras. Puede utilizarse tanto en exteriores como en un estudio.<\/p>\n<p>Cuenta con una c\u00e1psula condensador permanentemente polarizada, un patr\u00f3n polar cardioide \/ supercardioide conmutable y una sensibilidad conmutable para aplicaciones de ca\u00f1\u00f3n o de mano. Adem\u00e1s, viene con un paraviento incluido.<\/p>\n<p>Especificaciones t\u00e9cnicas:<br \/>\n&#8211; Tipo: Condensador Electret en la parte trasera<br \/>\n&#8211; Patr\u00f3n polar: Cardioide \/Supercardioide<br \/>\n&#8211; Respuesta de frecuencia: 100 &#8211; 20000 Hz<br \/>\n&#8211; Sensibilidad: -45 dBv; -38 dBv<br \/>\n&#8211; M\u00e1ximo nivel de presi\u00f3n sonora (SPL) para distorsi\u00f3n arm\u00f3nica total (THD) del 1%: 130 dB<br \/>\n&#8211; Impedancia: 1000<br \/>\n&#8211; Impedancia de carga recomendada: \u00bf2300?<br \/>\n&#8211; Demanda de potencia: Alimentaci\u00f3n phantom de 48 V, bater\u00eda de 1,5 V<br \/>\n&#8211; Conector: 3 pines macho XLR<br \/>\n&#8211; Peso: 120 g<br \/>\n&#8211; Dimensiones Altura 360 x \u00d8 21 mm<\/p>\n<p>Estamos ubicados en la zona del Microcentro, a 3 cuadras del Obelisco. Puedes llegar a nosotros a trav\u00e9s de varias l\u00edneas de colectivos y estaciones de subte cercanas.<\/p>\n","protected":false},"excerpt":{"rendered":"<p>Desde 1989, hemos estado junto a la m\u00fasica, ofreciendo una amplia variedad de productos de alta calidad. El MFC81 es un micr\u00f3fono condensador de ca\u00f1\u00f3n, ideal para grabaciones de v\u00eddeo, atriles o aplicaciones de teatro. Este micr\u00f3fono es extremadamente ligero y robusto, lo que lo hace perfecto para montarlo en c\u00e1maras de v\u00eddeo o videoc\u00e1maras. [&hellip;]<\/p>\n","protected":false},"featured_media":62445,"comment_status":"open","ping_status":"closed","template":"","meta":{"_uag_custom_page_level_css":""},"product_brand":[501],"product_cat":[75,15],"product_tag":[],"class_list":{"0":"post-62444","1":"product","2":"type-product","3":"status-publish","4":"has-post-thumbnail","6":"product_brand-proel","7":"product_cat-microfonos","8":"product_cat-sin-categorizar","10":"first","11":"outofstock","12":"sale","13":"taxable","14":"shipping-taxable","15":"purchasable","16":"product-type-simple"},"uagb_featured_image_src":{"full":["https:\/\/rms-enlinea.com.ar\/wp-content\/uploads\/2026\/03\/D_685592-MLU72006018162_102023-F.jpg",500,444,false],"thumbnail":["https:\/\/rms-enlinea.com.ar\/wp-content\/uploads\/2026\/03\/D_685592-MLU72006018162_102023-F-150x150.jpg",150,150,true],"medium":["https:\/\/rms-enlinea.com.ar\/wp-content\/uploads\/2026\/03\/D_685592-MLU72006018162_102023-F-300x266.jpg",300,266,true],"medium_large":["https:\/\/rms-enlinea.com.ar\/wp-content\/uploads\/2026\/03\/D_685592-MLU72006018162_102023-F.jpg",500,444,false],"large":["https:\/\/rms-enlinea.com.ar\/wp-content\/uploads\/2026\/03\/D_685592-MLU72006018162_102023-F.jpg",500,444,false],"1536x1536":["https:\/\/rms-enlinea.com.ar\/wp-content\/uploads\/2026\/03\/D_685592-MLU72006018162_102023-F.jpg",500,444,false],"2048x2048":["https:\/\/rms-enlinea.com.ar\/wp-content\/uploads\/2026\/03\/D_685592-MLU72006018162_102023-F.jpg",500,444,false],"woocommerce_thumbnail":["https:\/\/rms-enlinea.com.ar\/wp-content\/uploads\/2026\/03\/D_685592-MLU72006018162_102023-F-450x444.jpg",450,444,true],"woocommerce_single":["https:\/\/rms-enlinea.com.ar\/wp-content\/uploads\/2026\/03\/D_685592-MLU72006018162_102023-F.jpg",500,444,false],"woocommerce_gallery_thumbnail":["https:\/\/rms-enlinea.com.ar\/wp-content\/uploads\/2026\/03\/D_685592-MLU72006018162_102023-F-100x100.jpg",100,100,true]},"uagb_author_info":{"display_name":"nelson","author_link":"https:\/\/rms-enlinea.com.ar\/tienda\/author\/"},"uagb_comment_info":0,"uagb_excerpt":"Desde 1989, hemos estado junto a la m\u00fasica, ofreciendo una amplia variedad de productos de alta calidad. El MFC81 es un micr\u00f3fono condensador de ca\u00f1\u00f3n, ideal para grabaciones de v\u00eddeo, atriles o aplicaciones de teatro. Este micr\u00f3fono es extremadamente ligero y robusto, lo que lo hace perfecto para montarlo en c\u00e1maras de v\u00eddeo o videoc\u00e1maras.&hellip;","_links":{"self":[{"href":"https:\/\/rms-enlinea.com.ar\/tienda\/wp-json\/wp\/v2\/product\/62444","targetHints":{"allow":["GET"]}}],"collection":[{"href":"https:\/\/rms-enlinea.com.ar\/tienda\/wp-json\/wp\/v2\/product"}],"about":[{"href":"https:\/\/rms-enlinea.com.ar\/tienda\/wp-json\/wp\/v2\/types\/product"}],"replies":[{"embeddable":true,"href":"https:\/\/rms-enlinea.com.ar\/tienda\/wp-json\/wp\/v2\/comments?post=62444"}],"wp:featuredmedia":[{"embeddable":true,"href":"https:\/\/rms-enlinea.com.ar\/tienda\/wp-json\/wp\/v2\/media\/62445"}],"wp:attachment":[{"href":"https:\/\/rms-enlinea.com.ar\/tienda\/wp-json\/wp\/v2\/media?parent=62444"}],"wp:term":[{"taxonomy":"product_brand","embeddable":true,"href":"https:\/\/rms-enlinea.com.ar\/tienda\/wp-json\/wp\/v2\/product_brand?post=62444"},{"taxonomy":"product_cat","embeddable":true,"href":"https:\/\/rms-enlinea.com.ar\/tienda\/wp-json\/wp\/v2\/product_cat?post=62444"},{"taxonomy":"product_tag","embeddable":true,"href":"https:\/\/rms-enlinea.com.ar\/tienda\/wp-json\/wp\/v2\/product_tag?post=62444"}],"curies":[{"name":"wp","href":"https:\/\/api.w.org\/{rel}","templated":true}]}}