{"id":62450,"date":"2026-03-25T18:22:19","date_gmt":"2026-03-25T21:22:19","guid":{"rendered":"https:\/\/rms-enlinea.com.ar\/tienda\/producto\/banador-led-efecto-estrobo-tecshow-strobe-box-lite\/"},"modified":"2026-04-21T03:34:48","modified_gmt":"2026-04-21T06:34:48","slug":"banador-led-efecto-estrobo-tecshow-strobe-box-lite","status":"publish","type":"product","link":"https:\/\/rms-enlinea.com.ar\/tienda\/producto\/banador-led-efecto-estrobo-tecshow-strobe-box-lite\/","title":{"rendered":"Efecto Strobo Ba\u00f1ador Led Tecshow Strobe Box Lite"},"content":{"rendered":"<p>Efecto estrobo h\u00edbrido apto para uso como estrobo y\/o ba\u00f1ador.<\/p>\n<p>1008 LEDs 5050 RGB de 0.5W<br \/>\nPuede utilizarse como ba\u00f1ador<br \/>\nEfecto estrobo: 1~30Hz<\/p>\n<p>Strobe Box Lite es un vers\u00e1til estrobo de alto rendimiento, que a su vez puede ser utilizado como ba\u00f1ador gracias a su \u00e1ngulo de apertura de 180 grados. Este liviano y compacto estrobo cuenta con 1008 LEDs 5050 SMD RGB. La construcci\u00f3n del Strobe Box Lite est\u00e1 pensada para soportar las demandantes y extensas jornadas de touring.<\/p>\n","protected":false},"excerpt":{"rendered":"<p>Efecto estrobo h\u00edbrido apto para uso como estrobo y\/o ba\u00f1ador. 1008 LEDs 5050 RGB de 0.5W Puede utilizarse como ba\u00f1ador Efecto estrobo: 1~30Hz Strobe Box Lite es un vers\u00e1til estrobo de alto rendimiento, que a su vez puede ser utilizado como ba\u00f1ador gracias a su \u00e1ngulo de apertura de 180 grados. Este liviano y compacto [&hellip;]<\/p>\n","protected":false},"featured_media":62451,"comment_status":"open","ping_status":"closed","template":"","meta":{"_uag_custom_page_level_css":""},"product_brand":[477],"product_cat":[91,15],"product_tag":[],"class_list":{"0":"post-62450","1":"product","2":"type-product","3":"status-publish","4":"has-post-thumbnail","6":"product_brand-ampro","7":"product_cat-estrobo-y-blinder","8":"product_cat-sin-categorizar","10":"first","11":"outofstock","12":"sale","13":"taxable","14":"shipping-taxable","15":"purchasable","16":"product-type-simple"},"uagb_featured_image_src":{"full":["https:\/\/rms-enlinea.com.ar\/wp-content\/uploads\/2026\/03\/D_825285-MLA83901341777_042025-F.jpg",990,582,false],"thumbnail":["https:\/\/rms-enlinea.com.ar\/wp-content\/uploads\/2026\/03\/D_825285-MLA83901341777_042025-F-150x150.jpg",150,150,true],"medium":["https:\/\/rms-enlinea.com.ar\/wp-content\/uploads\/2026\/03\/D_825285-MLA83901341777_042025-F-300x176.jpg",300,176,true],"medium_large":["https:\/\/rms-enlinea.com.ar\/wp-content\/uploads\/2026\/03\/D_825285-MLA83901341777_042025-F-768x451.jpg",768,451,true],"large":["https:\/\/rms-enlinea.com.ar\/wp-content\/uploads\/2026\/03\/D_825285-MLA83901341777_042025-F.jpg",990,582,false],"1536x1536":["https:\/\/rms-enlinea.com.ar\/wp-content\/uploads\/2026\/03\/D_825285-MLA83901341777_042025-F.jpg",990,582,false],"2048x2048":["https:\/\/rms-enlinea.com.ar\/wp-content\/uploads\/2026\/03\/D_825285-MLA83901341777_042025-F.jpg",990,582,false],"woocommerce_thumbnail":["https:\/\/rms-enlinea.com.ar\/wp-content\/uploads\/2026\/03\/D_825285-MLA83901341777_042025-F-450x450.jpg",450,450,true],"woocommerce_single":["https:\/\/rms-enlinea.com.ar\/wp-content\/uploads\/2026\/03\/D_825285-MLA83901341777_042025-F-600x353.jpg",600,353,true],"woocommerce_gallery_thumbnail":["https:\/\/rms-enlinea.com.ar\/wp-content\/uploads\/2026\/03\/D_825285-MLA83901341777_042025-F-100x100.jpg",100,100,true]},"uagb_author_info":{"display_name":"nelson","author_link":"https:\/\/rms-enlinea.com.ar\/tienda\/author\/"},"uagb_comment_info":0,"uagb_excerpt":"Efecto estrobo h\u00edbrido apto para uso como estrobo y\/o ba\u00f1ador. 1008 LEDs 5050 RGB de 0.5W Puede utilizarse como ba\u00f1ador Efecto estrobo: 1~30Hz Strobe Box Lite es un vers\u00e1til estrobo de alto rendimiento, que a su vez puede ser utilizado como ba\u00f1ador gracias a su \u00e1ngulo de apertura de 180 grados. Este liviano y compacto&hellip;","_links":{"self":[{"href":"https:\/\/rms-enlinea.com.ar\/tienda\/wp-json\/wp\/v2\/product\/62450","targetHints":{"allow":["GET"]}}],"collection":[{"href":"https:\/\/rms-enlinea.com.ar\/tienda\/wp-json\/wp\/v2\/product"}],"about":[{"href":"https:\/\/rms-enlinea.com.ar\/tienda\/wp-json\/wp\/v2\/types\/product"}],"replies":[{"embeddable":true,"href":"https:\/\/rms-enlinea.com.ar\/tienda\/wp-json\/wp\/v2\/comments?post=62450"}],"wp:featuredmedia":[{"embeddable":true,"href":"https:\/\/rms-enlinea.com.ar\/tienda\/wp-json\/wp\/v2\/media\/62451"}],"wp:attachment":[{"href":"https:\/\/rms-enlinea.com.ar\/tienda\/wp-json\/wp\/v2\/media?parent=62450"}],"wp:term":[{"taxonomy":"product_brand","embeddable":true,"href":"https:\/\/rms-enlinea.com.ar\/tienda\/wp-json\/wp\/v2\/product_brand?post=62450"},{"taxonomy":"product_cat","embeddable":true,"href":"https:\/\/rms-enlinea.com.ar\/tienda\/wp-json\/wp\/v2\/product_cat?post=62450"},{"taxonomy":"product_tag","embeddable":true,"href":"https:\/\/rms-enlinea.com.ar\/tienda\/wp-json\/wp\/v2\/product_tag?post=62450"}],"curies":[{"name":"wp","href":"https:\/\/api.w.org\/{rel}","templated":true}]}}