{"id":62463,"date":"2026-03-26T14:12:26","date_gmt":"2026-03-26T17:12:26","guid":{"rendered":"https:\/\/rms-enlinea.com.ar\/tienda\/producto\/procesador-digital-dbx-pa2-driverack-usb-crossover-eq-dsp\/"},"modified":"2026-04-04T16:10:57","modified_gmt":"2026-04-04T19:10:57","slug":"procesador-digital-dbx-pa2-driverack-usb-crossover-eq-dsp","status":"publish","type":"product","link":"https:\/\/rms-enlinea.com.ar\/tienda\/producto\/procesador-digital-dbx-pa2-driverack-usb-crossover-eq-dsp\/","title":{"rendered":"Procesador Digital Dbx Pa2 Driverack Usb Crossover Eq Dsp"},"content":{"rendered":"<p>DBX DriveRack PA2<br \/>\nSISTEMA INTEGRAL PARA CONTROL DE ALTAVOCES<br \/>\nCROSSOVER, USB, ECUALIZADOR, COMPRESOR, LIMITADOR, DELAY, CONTROL REMOTO M\u00d3VIL<br \/>\nCALIDAD \u00daNICA Y LEGENDARIA DBX<\/p>\n<p>El nuevo sistema de gesti\u00f3n de altavoces Driverack PA2, de dbx, permite optimizar un sistema de altavoces con rapidez y precisi\u00f3n de cara a obtener la mejor calidad de sonido posible. El PA2 es un sistema ideal para bandas, m\u00fasicos y artistas que llevan su propio equipo y tambi\u00e9n para una gran variedad de instalaciones de sonido, puesto que facilita m\u00e1s que nunca la configuraci\u00f3n de un sistema de altavoces y su control en tiempo real desde un port\u00e1til o dispositivo m\u00f3vil Android\u00ae, iOS\u00ae, Mac\u00ae, o Windows\u00ae.<\/p>\n<p>&#8211; TODO LO QUE NECESITAS PARA OBTENER EL M\u00c1XIMO PROVECHO DE SU PA. AHORA, CON UN CONTROL COMPLETO DE SU DISPOSITIVO M\u00d3VIL.<br \/>\nEl DriveRack PA2 proporciona todo el procesamiento que necesita entre el mezclador y los amplificadores para optimizar y proteger sus altavoces. Con los \u00faltimos avances en algoritmos propietarios AutoEQ y AFS de dbx, un nuevo m\u00f3dulo de retardo de entrada para retrasar el sistema FOH a la l\u00ednea de fondo, el control de Ethernet a trav\u00e9s de un dispositivo Android\u00ae, iOS\u00ae, Mac\u00ae o Windows\u00ae y actualiza Wizards, PA2 DriveRack contin\u00faa el legado de los procesadores DriveRack con un gran sonido, potentes y asequibles de control de altavoces, para toda una nueva generaci\u00f3n.<\/p>\n<p>&#8211; AUTOEQ<br \/>\nNuevo, mejorado algoritmo AutoEQ asegura una experiencia extremadamente preciso, r\u00e1pido y no invasivo EQ autom\u00e1tico.<br \/>\nCon la RTA Mic &#8220;escuchar&#8221; a su habitaci\u00f3n, la nueva, actualizada DriveRack algoritmo AutoEQ PA2 establece niveles de los altavoces y la sala de ecualizaci\u00f3n autom\u00e1tica en cuesti\u00f3n de segundos. Esto significa ajustes habitaciones ahora se pueden hacer muy r\u00e1pidamente, sin someter a la audiencia a los molestos largas emisiones de ruido rosa.<\/p>\n<p>&#8211; AFS ENHANCED ELIMINACI\u00d3N COMENTARIOS<br \/>\nEnhanced AFS algoritmo para la eliminaci\u00f3n de realimentaci\u00f3n m\u00e1s r\u00e1pido, m\u00e1s preciso, sin afectar negativamente el tono de su sistema.<br \/>\nNada resulta audiencias lejos como retroalimentaci\u00f3n de audio molesto y potencialmente dolorosa. Afortunadamente, los ingenieros dbx han revisado su ya estelar algoritmo de supresi\u00f3n avanzada de realimentaci\u00f3n y el hecho que funcione a\u00fan mejor. El PA2 DriveRack escucha y se anticipa a la retroalimentaci\u00f3n y ajusta la salida del altavoz autom\u00e1ticamente antes de que incluso tiene una oportunidad, mientras que nunca alterar su sonido.<\/p>\n<p>&#8211; ACTUALIZACI\u00d3N DE FUNCIONES PARA LA CONFIGURACI\u00d3N DEL ASISTENTE<br \/>\nWizards Actualizado hace que la configuraci\u00f3n inicial sea f\u00e1cil, mientras que asegura que las afinaciones de los altavoces y otros ajustes est\u00e9n al d\u00eda.<br \/>\nFunciones del asistente en el DriveRack PA2 te gu\u00edan facilmente,los procesos paso a paso para ayudarle a obtener el m\u00e1ximo rendimiento de su sistema de altavoces. Le ayuda a configurar f\u00e1cilmente el equilibrio de nivel, AutoEQ, supresi\u00f3n avanzada de realimentaci\u00f3n, y proporciona acceso a las afinaciones de los altavoces incorporados y la actualizaci\u00f3n constante de la mayor\u00eda de los principales fabricantes de altavoces.<\/p>\n<p>Caracter\u00edsticas:<br \/>\n&#8211; Nuevo Asistente de configuraci\u00f3n (Setup Wizard)<br \/>\n&#8211; Simplificaci\u00f3n AutoEQ<br \/>\n&#8211; Control remoto con Android\u00ae, iOS\u00ae, Mac\u00ae, Windows\u00ae<br \/>\n&#8211; Procesamiento de Entrada disponibles:<br \/>\n* dbx Compresi\u00f3n<br \/>\n* AFS (supresi\u00f3n avanzada de realimentaci\u00f3n)<br \/>\n* Ecualizador Gr\u00e1fico de 31 bandas<br \/>\n* Ecualizador de 8 bandas param\u00e9trico con funci\u00f3n thomann de autoecualizaci\u00f3n<br \/>\n* Sintetizador subarm\u00f3nico<br \/>\n&#8211; Procesamiento de Salida disponibles:<br \/>\n* Crossover (soporta rango completo de 2 v\u00edas y sistemas de 3 v\u00edas)<br \/>\n* Ecualizador de 8 bandas param\u00e9trico tambi\u00e9n para ajustes de altavoz<br \/>\n* dbx Limitaci\u00f3n con retenci\u00f3n de picos<br \/>\n* Los retrasos de alineaci\u00f3n Conductor<br \/>\n&#8211; Delay de salida de hasta 3,4 m\/10 ms<br \/>\n&#8211; Delay de entrada de hasta 34 m\/100 ms<br \/>\n&#8211; Destructor de realimentaciones con 12 filtros &#8216;Notch&#8217; de 1\/80 octava<br \/>\n&#8211; Analizador de 1\/3 de octava en tiempo real<br \/>\n&#8211; Generador de ruido rosa<\/p>\n<p>Especificaciones:<br \/>\n&#8211; Entradas: (2) Entradas de l\u00ednea y (1) Entrada de micr\u00f3fono RTA<br \/>\n&#8211; Conectores de entrada: (2) Entradas de l\u00ednea XLR hembra. (1) Entrada XLR hembra RTA Mic<br \/>\n&#8211; Conector Ethernet<br \/>\n&#8211; Conector USB<br \/>\n&#8211; Tipo de entrada: balanceada electr\u00f3nicamente, RF filtrada<br \/>\n&#8211; Impedancia de entrada: &gt; 50 kohm<br \/>\n&#8211; A \/ D Converter: dbx Type IV Sistema de Conversi\u00f3n<br \/>\n&#8211; CMRR: &gt; 45 dB<br \/>\n&#8211; Preamplificador de micr\u00f3fono Phantom Power: + 15 VCC (RTA)<br \/>\n&#8211; Preamplificador de micr\u00f3fono de Ruido de entrada equivalente (EIN): &lt;-117dB, 22Hz-22kHz, 150 ohm (RTA)<br \/>\n&#8211; Salidas: (6) Salidas de l\u00ednea<br \/>\n&#8211; Conectores de salida: XLR macho<br \/>\n&#8211; Tipo de salida: balanceada electr\u00f3nicamente, RF filtrada<br \/>\n&#8211; Impedancia de salida: 120 O<br \/>\n&#8211; N\u00famero m\u00e1ximo de salida: +20 dBu<br \/>\n&#8211; Rango din\u00e1mico A\/D: 112 dB ponderado, 110 dB no ponderado<br \/>\n&#8211; Tipo IV Rango Din\u00e1mico: 123 dB con material transitorio, ponderado A, 22 kHz BW; 121 dB con material transitorio, no ponderado, 22 kHz BW; 115 dB t\u00edpico con material de programa, ponderado A, 22 kHz BW<br \/>\n&#8211; Longitud de retardo de entrada: 100ms<br \/>\n&#8211; Retardo por canal de alineaci\u00f3n 10 ms: (60ms total)<br \/>\n&#8211; Frecuencia de muestreo: 48 kHz<br \/>\n&#8211; Rango din\u00e1mico: &gt; 110 dB ponderado A,&gt; 107dB no ponderado<br \/>\n&#8211; THD + Ruido: 0,003% t\u00edpico a +4 dBu, 1 kHz, 0 dB de ganancia de entrada<br \/>\n&#8211; Respuesta de frecuencia: 20Hz &#8211; 20kHz, +\/- 0.5dB<br \/>\n&#8211; Intercanal Crosstalk: &lt;-110 dB, -120dB t\u00edpica (de entrada a salida: &lt;-100 dB)<br \/>\n&#8211; Voltaje de trabajo: 50\/60 Hz 100-120 &#8211; UE: 220-240 VAC 50\/60 Hz<br \/>\n&#8211; Consumo de energ\u00eda 22 W<br \/>\n&#8211; Rango din\u00e1mico D\/A: 112 dB con ponderaci\u00f3n A, 110 dB no ponderado.<br \/>\n&#8211; Dimensiones: 4,4 cm (Alto) x 14,6 cm (Profundo) x 48,26 cm (Ancho)<br \/>\n&#8211; Peso: 2,4 Kg<\/p>\n","protected":false},"excerpt":{"rendered":"<p>DBX DriveRack PA2 SISTEMA INTEGRAL PARA CONTROL DE ALTAVOCES CROSSOVER, USB, ECUALIZADOR, COMPRESOR, LIMITADOR, DELAY, CONTROL REMOTO M\u00d3VIL CALIDAD \u00daNICA Y LEGENDARIA DBX El nuevo sistema de gesti\u00f3n de altavoces Driverack PA2, de dbx, permite optimizar un sistema de altavoces con rapidez y precisi\u00f3n de cara a obtener la mejor calidad de sonido posible. El [&hellip;]<\/p>\n","protected":false},"featured_media":62464,"comment_status":"open","ping_status":"closed","template":"","meta":{"_uag_custom_page_level_css":""},"product_brand":[486],"product_cat":[79,15],"product_tag":[],"class_list":{"0":"post-62463","1":"product","2":"type-product","3":"status-publish","4":"has-post-thumbnail","6":"product_brand-dbx","7":"product_cat-procesadores","8":"product_cat-sin-categorizar","10":"first","11":"instock","12":"sale","13":"taxable","14":"shipping-taxable","15":"purchasable","16":"product-type-simple"},"uagb_featured_image_src":{"full":["https:\/\/rms-enlinea.com.ar\/wp-content\/uploads\/2026\/03\/D_860335-MLA108735925648_032026-F.jpg",1200,223,false],"thumbnail":["https:\/\/rms-enlinea.com.ar\/wp-content\/uploads\/2026\/03\/D_860335-MLA108735925648_032026-F-150x150.jpg",150,150,true],"medium":["https:\/\/rms-enlinea.com.ar\/wp-content\/uploads\/2026\/03\/D_860335-MLA108735925648_032026-F-300x56.jpg",300,56,true],"medium_large":["https:\/\/rms-enlinea.com.ar\/wp-content\/uploads\/2026\/03\/D_860335-MLA108735925648_032026-F-768x143.jpg",768,143,true],"large":["https:\/\/rms-enlinea.com.ar\/wp-content\/uploads\/2026\/03\/D_860335-MLA108735925648_032026-F-1024x190.jpg",1024,190,true],"1536x1536":["https:\/\/rms-enlinea.com.ar\/wp-content\/uploads\/2026\/03\/D_860335-MLA108735925648_032026-F.jpg",1200,223,false],"2048x2048":["https:\/\/rms-enlinea.com.ar\/wp-content\/uploads\/2026\/03\/D_860335-MLA108735925648_032026-F.jpg",1200,223,false],"woocommerce_thumbnail":["https:\/\/rms-enlinea.com.ar\/wp-content\/uploads\/2026\/03\/D_860335-MLA108735925648_032026-F-450x223.jpg",450,223,true],"woocommerce_single":["https:\/\/rms-enlinea.com.ar\/wp-content\/uploads\/2026\/03\/D_860335-MLA108735925648_032026-F-600x112.jpg",600,112,true],"woocommerce_gallery_thumbnail":["https:\/\/rms-enlinea.com.ar\/wp-content\/uploads\/2026\/03\/D_860335-MLA108735925648_032026-F-100x100.jpg",100,100,true]},"uagb_author_info":{"display_name":"nelson","author_link":"https:\/\/rms-enlinea.com.ar\/tienda\/author\/"},"uagb_comment_info":0,"uagb_excerpt":"DBX DriveRack PA2 SISTEMA INTEGRAL PARA CONTROL DE ALTAVOCES CROSSOVER, USB, ECUALIZADOR, COMPRESOR, LIMITADOR, DELAY, CONTROL REMOTO M\u00d3VIL CALIDAD \u00daNICA Y LEGENDARIA DBX El nuevo sistema de gesti\u00f3n de altavoces Driverack PA2, de dbx, permite optimizar un sistema de altavoces con rapidez y precisi\u00f3n de cara a obtener la mejor calidad de sonido posible. El&hellip;","_links":{"self":[{"href":"https:\/\/rms-enlinea.com.ar\/tienda\/wp-json\/wp\/v2\/product\/62463","targetHints":{"allow":["GET"]}}],"collection":[{"href":"https:\/\/rms-enlinea.com.ar\/tienda\/wp-json\/wp\/v2\/product"}],"about":[{"href":"https:\/\/rms-enlinea.com.ar\/tienda\/wp-json\/wp\/v2\/types\/product"}],"replies":[{"embeddable":true,"href":"https:\/\/rms-enlinea.com.ar\/tienda\/wp-json\/wp\/v2\/comments?post=62463"}],"wp:featuredmedia":[{"embeddable":true,"href":"https:\/\/rms-enlinea.com.ar\/tienda\/wp-json\/wp\/v2\/media\/62464"}],"wp:attachment":[{"href":"https:\/\/rms-enlinea.com.ar\/tienda\/wp-json\/wp\/v2\/media?parent=62463"}],"wp:term":[{"taxonomy":"product_brand","embeddable":true,"href":"https:\/\/rms-enlinea.com.ar\/tienda\/wp-json\/wp\/v2\/product_brand?post=62463"},{"taxonomy":"product_cat","embeddable":true,"href":"https:\/\/rms-enlinea.com.ar\/tienda\/wp-json\/wp\/v2\/product_cat?post=62463"},{"taxonomy":"product_tag","embeddable":true,"href":"https:\/\/rms-enlinea.com.ar\/tienda\/wp-json\/wp\/v2\/product_tag?post=62463"}],"curies":[{"name":"wp","href":"https:\/\/api.w.org\/{rel}","templated":true}]}}