{"id":62541,"date":"2026-04-02T18:50:25","date_gmt":"2026-04-02T21:50:25","guid":{"rendered":"https:\/\/rms-enlinea.com.ar\/tienda\/producto\/mouse-trust-fyda-inalambrico-multidispositivo-con-bateria-de-negro\/"},"modified":"2026-04-14T21:41:43","modified_gmt":"2026-04-15T00:41:43","slug":"mouse-trust-fyda-inalambrico-multidispositivo-con-bateria-de-negro","status":"publish","type":"product","link":"https:\/\/rms-enlinea.com.ar\/tienda\/producto\/mouse-trust-fyda-inalambrico-multidispositivo-con-bateria-de-negro\/","title":{"rendered":"Mouse Trust Fyda Inal\u00e1mbrico Multidispositivo Con Bater\u00eda De Negro"},"content":{"rendered":"<p>C\u00f3digo \/ Descripci\u00f3n del Producto: MOUSE TRUST FYDA MULTIDISPOSITIVO WIRELESS Conexi\u00f3n inal\u00e1mbrica para m\u00faltiples dispositivos. Dise\u00f1o ergon\u00f3mico y c\u00f3modo para un uso prolongado, ideal para largas jornadas de trabajo o estudio. Tecnolog\u00eda \u00f3ptica para un seguimiento preciso, asegurando una experiencia fluida y eficiente. Botones programables para personalizar funciones, permitiendo un acceso r\u00e1pido a las herramientas m\u00e1s utilizadas. Compatible con sistemas operativos Windows, macOS y Linux, lo que lo convierte en una opci\u00f3n vers\u00e1til para diferentes usuarios. Alimentaci\u00f3n mediante bater\u00eda, con duraci\u00f3n prolongada, lo que minimiza la necesidad de cambios frecuentes. Dimensiones del paquete: 20 cm de altura, 16 cm de ancho y 5 cm de largo, con un peso total de 190 g, facilitando su transporte y almacenamiento. Marca: Trust, reconocida por su calidad y durabilidad en productos tecnol\u00f3gicos.<\/p>\n","protected":false},"excerpt":{"rendered":"<p>C\u00f3digo \/ Descripci\u00f3n del Producto: MOUSE TRUST FYDA MULTIDISPOSITIVO WIRELESS Conexi\u00f3n inal\u00e1mbrica para m\u00faltiples dispositivos. Dise\u00f1o ergon\u00f3mico y c\u00f3modo para un uso prolongado, ideal para largas jornadas de trabajo o estudio. Tecnolog\u00eda \u00f3ptica para un seguimiento preciso, asegurando una experiencia fluida y eficiente. Botones programables para personalizar funciones, permitiendo un acceso r\u00e1pido a las herramientas [&hellip;]<\/p>\n","protected":false},"featured_media":62542,"comment_status":"open","ping_status":"closed","template":"","meta":{"_uag_custom_page_level_css":""},"product_brand":[542],"product_cat":[15,125],"product_tag":[],"class_list":{"0":"post-62541","1":"product","2":"type-product","3":"status-publish","4":"has-post-thumbnail","6":"product_brand-trustgaming","7":"product_cat-sin-categorizar","8":"product_cat-teclados-y-mouses","10":"first","11":"instock","12":"sale","13":"taxable","14":"shipping-taxable","15":"purchasable","16":"product-type-simple"},"uagb_featured_image_src":{"full":["https:\/\/rms-enlinea.com.ar\/wp-content\/uploads\/2026\/04\/D_648139-MLA104617766764_012026-F.jpg",543,799,false],"thumbnail":["https:\/\/rms-enlinea.com.ar\/wp-content\/uploads\/2026\/04\/D_648139-MLA104617766764_012026-F-150x150.jpg",150,150,true],"medium":["https:\/\/rms-enlinea.com.ar\/wp-content\/uploads\/2026\/04\/D_648139-MLA104617766764_012026-F-204x300.jpg",204,300,true],"medium_large":["https:\/\/rms-enlinea.com.ar\/wp-content\/uploads\/2026\/04\/D_648139-MLA104617766764_012026-F.jpg",543,799,false],"large":["https:\/\/rms-enlinea.com.ar\/wp-content\/uploads\/2026\/04\/D_648139-MLA104617766764_012026-F.jpg",543,799,false],"1536x1536":["https:\/\/rms-enlinea.com.ar\/wp-content\/uploads\/2026\/04\/D_648139-MLA104617766764_012026-F.jpg",543,799,false],"2048x2048":["https:\/\/rms-enlinea.com.ar\/wp-content\/uploads\/2026\/04\/D_648139-MLA104617766764_012026-F.jpg",543,799,false],"woocommerce_thumbnail":["https:\/\/rms-enlinea.com.ar\/wp-content\/uploads\/2026\/04\/D_648139-MLA104617766764_012026-F-450x450.jpg",450,450,true],"woocommerce_single":["https:\/\/rms-enlinea.com.ar\/wp-content\/uploads\/2026\/04\/D_648139-MLA104617766764_012026-F.jpg",543,799,false],"woocommerce_gallery_thumbnail":["https:\/\/rms-enlinea.com.ar\/wp-content\/uploads\/2026\/04\/D_648139-MLA104617766764_012026-F-100x100.jpg",100,100,true]},"uagb_author_info":{"display_name":"nelson","author_link":"https:\/\/rms-enlinea.com.ar\/tienda\/author\/"},"uagb_comment_info":0,"uagb_excerpt":"C\u00f3digo \/ Descripci\u00f3n del Producto: MOUSE TRUST FYDA MULTIDISPOSITIVO WIRELESS Conexi\u00f3n inal\u00e1mbrica para m\u00faltiples dispositivos. Dise\u00f1o ergon\u00f3mico y c\u00f3modo para un uso prolongado, ideal para largas jornadas de trabajo o estudio. Tecnolog\u00eda \u00f3ptica para un seguimiento preciso, asegurando una experiencia fluida y eficiente. Botones programables para personalizar funciones, permitiendo un acceso r\u00e1pido a las herramientas&hellip;","_links":{"self":[{"href":"https:\/\/rms-enlinea.com.ar\/tienda\/wp-json\/wp\/v2\/product\/62541","targetHints":{"allow":["GET"]}}],"collection":[{"href":"https:\/\/rms-enlinea.com.ar\/tienda\/wp-json\/wp\/v2\/product"}],"about":[{"href":"https:\/\/rms-enlinea.com.ar\/tienda\/wp-json\/wp\/v2\/types\/product"}],"replies":[{"embeddable":true,"href":"https:\/\/rms-enlinea.com.ar\/tienda\/wp-json\/wp\/v2\/comments?post=62541"}],"wp:featuredmedia":[{"embeddable":true,"href":"https:\/\/rms-enlinea.com.ar\/tienda\/wp-json\/wp\/v2\/media\/62542"}],"wp:attachment":[{"href":"https:\/\/rms-enlinea.com.ar\/tienda\/wp-json\/wp\/v2\/media?parent=62541"}],"wp:term":[{"taxonomy":"product_brand","embeddable":true,"href":"https:\/\/rms-enlinea.com.ar\/tienda\/wp-json\/wp\/v2\/product_brand?post=62541"},{"taxonomy":"product_cat","embeddable":true,"href":"https:\/\/rms-enlinea.com.ar\/tienda\/wp-json\/wp\/v2\/product_cat?post=62541"},{"taxonomy":"product_tag","embeddable":true,"href":"https:\/\/rms-enlinea.com.ar\/tienda\/wp-json\/wp\/v2\/product_tag?post=62541"}],"curies":[{"name":"wp","href":"https:\/\/api.w.org\/{rel}","templated":true}]}}