{"id":62554,"date":"2026-04-03T13:50:18","date_gmt":"2026-04-03T16:50:18","guid":{"rendered":"https:\/\/rms-enlinea.com.ar\/tienda\/producto\/disco-ssd-hiksemi-128gb-wave-sata-6-0gbps\/"},"modified":"2026-04-21T05:20:59","modified_gmt":"2026-04-21T08:20:59","slug":"disco-ssd-hiksemi-128gb-wave-sata-6-0gbps","status":"publish","type":"product","link":"https:\/\/rms-enlinea.com.ar\/tienda\/producto\/disco-ssd-hiksemi-128gb-wave-sata-6-0gbps\/","title":{"rendered":"Disco Ssd Hiksemi 128gb Wave Sata 6.0gbps"},"content":{"rendered":"<p>Tama\u00f1o del producto 2,5 pulgadas<br \/>\nCapacidad 128 GB<br \/>\nM\u00e1x. Sec. Lectura (MB\/S) 460 MB\/S<br \/>\nM\u00e1x. Sec. Escritura (MB\/S) 370 MB\/S<br \/>\nMax. Ran. 4K IOPS de lectura 28K<br \/>\nM\u00e1x. Ran. 4K escritura IOPS 51K<br \/>\nM\u00e1x. Consumo de energ\u00eda 1,3 W<br \/>\nTBW 40 TB<br \/>\nMedio de almacenamiento NAND 3D<br \/>\nInterfaz SATAIII<br \/>\nMTBF 1.500.000 horas<br \/>\nPeso 34,4 gramos<\/p>\n","protected":false},"excerpt":{"rendered":"<p>Tama\u00f1o del producto 2,5 pulgadas Capacidad 128 GB M\u00e1x. Sec. Lectura (MB\/S) 460 MB\/S M\u00e1x. Sec. Escritura (MB\/S) 370 MB\/S Max. Ran. 4K IOPS de lectura 28K M\u00e1x. Ran. 4K escritura IOPS 51K M\u00e1x. Consumo de energ\u00eda 1,3 W TBW 40 TB Medio de almacenamiento NAND 3D Interfaz SATAIII MTBF 1.500.000 horas Peso 34,4 gramos<\/p>\n","protected":false},"featured_media":62555,"comment_status":"open","ping_status":"closed","template":"","meta":{"_uag_custom_page_level_css":""},"product_brand":[560],"product_cat":[106,15],"product_tag":[],"class_list":{"0":"post-62554","1":"product","2":"type-product","3":"status-publish","4":"has-post-thumbnail","6":"product_brand-hiksemi","7":"product_cat-discos-rigidos-ssd","8":"product_cat-sin-categorizar","10":"first","11":"outofstock","12":"sale","13":"taxable","14":"shipping-taxable","15":"purchasable","16":"product-type-simple"},"uagb_featured_image_src":{"full":["https:\/\/rms-enlinea.com.ar\/wp-content\/uploads\/2026\/04\/D_686345-MLA83261351796_042025-F.jpg",663,798,false],"thumbnail":["https:\/\/rms-enlinea.com.ar\/wp-content\/uploads\/2026\/04\/D_686345-MLA83261351796_042025-F-150x150.jpg",150,150,true],"medium":["https:\/\/rms-enlinea.com.ar\/wp-content\/uploads\/2026\/04\/D_686345-MLA83261351796_042025-F-249x300.jpg",249,300,true],"medium_large":["https:\/\/rms-enlinea.com.ar\/wp-content\/uploads\/2026\/04\/D_686345-MLA83261351796_042025-F.jpg",663,798,false],"large":["https:\/\/rms-enlinea.com.ar\/wp-content\/uploads\/2026\/04\/D_686345-MLA83261351796_042025-F.jpg",663,798,false],"1536x1536":["https:\/\/rms-enlinea.com.ar\/wp-content\/uploads\/2026\/04\/D_686345-MLA83261351796_042025-F.jpg",663,798,false],"2048x2048":["https:\/\/rms-enlinea.com.ar\/wp-content\/uploads\/2026\/04\/D_686345-MLA83261351796_042025-F.jpg",663,798,false],"woocommerce_thumbnail":["https:\/\/rms-enlinea.com.ar\/wp-content\/uploads\/2026\/04\/D_686345-MLA83261351796_042025-F-450x450.jpg",450,450,true],"woocommerce_single":["https:\/\/rms-enlinea.com.ar\/wp-content\/uploads\/2026\/04\/D_686345-MLA83261351796_042025-F-600x722.jpg",600,722,true],"woocommerce_gallery_thumbnail":["https:\/\/rms-enlinea.com.ar\/wp-content\/uploads\/2026\/04\/D_686345-MLA83261351796_042025-F-100x100.jpg",100,100,true]},"uagb_author_info":{"display_name":"nelson","author_link":"https:\/\/rms-enlinea.com.ar\/tienda\/author\/"},"uagb_comment_info":0,"uagb_excerpt":"Tama\u00f1o del producto 2,5 pulgadas Capacidad 128 GB M\u00e1x. Sec. Lectura (MB\/S) 460 MB\/S M\u00e1x. Sec. Escritura (MB\/S) 370 MB\/S Max. Ran. 4K IOPS de lectura 28K M\u00e1x. Ran. 4K escritura IOPS 51K M\u00e1x. Consumo de energ\u00eda 1,3 W TBW 40 TB Medio de almacenamiento NAND 3D Interfaz SATAIII MTBF 1.500.000 horas Peso 34,4 gramos","_links":{"self":[{"href":"https:\/\/rms-enlinea.com.ar\/tienda\/wp-json\/wp\/v2\/product\/62554","targetHints":{"allow":["GET"]}}],"collection":[{"href":"https:\/\/rms-enlinea.com.ar\/tienda\/wp-json\/wp\/v2\/product"}],"about":[{"href":"https:\/\/rms-enlinea.com.ar\/tienda\/wp-json\/wp\/v2\/types\/product"}],"replies":[{"embeddable":true,"href":"https:\/\/rms-enlinea.com.ar\/tienda\/wp-json\/wp\/v2\/comments?post=62554"}],"wp:featuredmedia":[{"embeddable":true,"href":"https:\/\/rms-enlinea.com.ar\/tienda\/wp-json\/wp\/v2\/media\/62555"}],"wp:attachment":[{"href":"https:\/\/rms-enlinea.com.ar\/tienda\/wp-json\/wp\/v2\/media?parent=62554"}],"wp:term":[{"taxonomy":"product_brand","embeddable":true,"href":"https:\/\/rms-enlinea.com.ar\/tienda\/wp-json\/wp\/v2\/product_brand?post=62554"},{"taxonomy":"product_cat","embeddable":true,"href":"https:\/\/rms-enlinea.com.ar\/tienda\/wp-json\/wp\/v2\/product_cat?post=62554"},{"taxonomy":"product_tag","embeddable":true,"href":"https:\/\/rms-enlinea.com.ar\/tienda\/wp-json\/wp\/v2\/product_tag?post=62554"}],"curies":[{"name":"wp","href":"https:\/\/api.w.org\/{rel}","templated":true}]}}