{"id":62557,"date":"2026-04-03T14:20:24","date_gmt":"2026-04-03T17:20:24","guid":{"rendered":"https:\/\/rms-enlinea.com.ar\/tienda\/producto\/disco-ssd-hiksemi-240gb-wave-sata-formato-bulk\/"},"modified":"2026-04-24T17:40:44","modified_gmt":"2026-04-24T20:40:44","slug":"disco-ssd-hiksemi-240gb-wave-sata-formato-bulk","status":"publish","type":"product","link":"https:\/\/rms-enlinea.com.ar\/tienda\/producto\/disco-ssd-hiksemi-240gb-wave-sata-formato-bulk\/","title":{"rendered":"Disco Ssd Hiksemi 240gb Wave Sata Formato Bulk"},"content":{"rendered":"<p>Capacidad 240 GB<br \/>\nFormato 2.5 pulgadas<br \/>\nVelocidad de lectura secuencial m\u00e1x. 530 MB\/s<br \/>\nVelocidad de escritura secuencial m\u00e1x. 400 MB\/s<br \/>\nLectura aleatoria 4K m\u00e1x. (IOPS) 30K<br \/>\nEscritura aleatoria 4K m\u00e1x. (IOPS) 50K<br \/>\nConsumo m\u00e1ximo de energ\u00eda 1.3 W<br \/>\nTBW (Total de bytes escritos) 80 TB<br \/>\nMTBF (Tiempo medio entre fallos) 1,500,000 horas<br \/>\nTipo de almacenamiento 3D NAND<br \/>\nInterfaz SATA III<br \/>\nCompatibilidad con TRIM S\u00ed<\/p>\n","protected":false},"excerpt":{"rendered":"<p>Capacidad 240 GB Formato 2.5 pulgadas Velocidad de lectura secuencial m\u00e1x. 530 MB\/s Velocidad de escritura secuencial m\u00e1x. 400 MB\/s Lectura aleatoria 4K m\u00e1x. (IOPS) 30K Escritura aleatoria 4K m\u00e1x. (IOPS) 50K Consumo m\u00e1ximo de energ\u00eda 1.3 W TBW (Total de bytes escritos) 80 TB MTBF (Tiempo medio entre fallos) 1,500,000 horas Tipo de almacenamiento [&hellip;]<\/p>\n","protected":false},"featured_media":62558,"comment_status":"open","ping_status":"closed","template":"","meta":{"_uag_custom_page_level_css":""},"product_brand":[560],"product_cat":[106,15],"product_tag":[],"class_list":{"0":"post-62557","1":"product","2":"type-product","3":"status-publish","4":"has-post-thumbnail","6":"product_brand-hiksemi","7":"product_cat-discos-rigidos-ssd","8":"product_cat-sin-categorizar","10":"first","11":"outofstock","12":"sale","13":"taxable","14":"shipping-taxable","15":"purchasable","16":"product-type-simple"},"uagb_featured_image_src":{"full":["https:\/\/rms-enlinea.com.ar\/wp-content\/uploads\/2026\/04\/D_601225-MLA109166379956_042026-F.jpg",885,620,false],"thumbnail":["https:\/\/rms-enlinea.com.ar\/wp-content\/uploads\/2026\/04\/D_601225-MLA109166379956_042026-F-150x150.jpg",150,150,true],"medium":["https:\/\/rms-enlinea.com.ar\/wp-content\/uploads\/2026\/04\/D_601225-MLA109166379956_042026-F-300x210.jpg",300,210,true],"medium_large":["https:\/\/rms-enlinea.com.ar\/wp-content\/uploads\/2026\/04\/D_601225-MLA109166379956_042026-F-768x538.jpg",768,538,true],"large":["https:\/\/rms-enlinea.com.ar\/wp-content\/uploads\/2026\/04\/D_601225-MLA109166379956_042026-F.jpg",885,620,false],"1536x1536":["https:\/\/rms-enlinea.com.ar\/wp-content\/uploads\/2026\/04\/D_601225-MLA109166379956_042026-F.jpg",885,620,false],"2048x2048":["https:\/\/rms-enlinea.com.ar\/wp-content\/uploads\/2026\/04\/D_601225-MLA109166379956_042026-F.jpg",885,620,false],"woocommerce_thumbnail":["https:\/\/rms-enlinea.com.ar\/wp-content\/uploads\/2026\/04\/D_601225-MLA109166379956_042026-F-450x450.jpg",450,450,true],"woocommerce_single":["https:\/\/rms-enlinea.com.ar\/wp-content\/uploads\/2026\/04\/D_601225-MLA109166379956_042026-F-600x420.jpg",600,420,true],"woocommerce_gallery_thumbnail":["https:\/\/rms-enlinea.com.ar\/wp-content\/uploads\/2026\/04\/D_601225-MLA109166379956_042026-F-100x100.jpg",100,100,true]},"uagb_author_info":{"display_name":"nelson","author_link":"https:\/\/rms-enlinea.com.ar\/tienda\/author\/"},"uagb_comment_info":0,"uagb_excerpt":"Capacidad 240 GB Formato 2.5 pulgadas Velocidad de lectura secuencial m\u00e1x. 530 MB\/s Velocidad de escritura secuencial m\u00e1x. 400 MB\/s Lectura aleatoria 4K m\u00e1x. (IOPS) 30K Escritura aleatoria 4K m\u00e1x. (IOPS) 50K Consumo m\u00e1ximo de energ\u00eda 1.3 W TBW (Total de bytes escritos) 80 TB MTBF (Tiempo medio entre fallos) 1,500,000 horas Tipo de almacenamiento&hellip;","_links":{"self":[{"href":"https:\/\/rms-enlinea.com.ar\/tienda\/wp-json\/wp\/v2\/product\/62557","targetHints":{"allow":["GET"]}}],"collection":[{"href":"https:\/\/rms-enlinea.com.ar\/tienda\/wp-json\/wp\/v2\/product"}],"about":[{"href":"https:\/\/rms-enlinea.com.ar\/tienda\/wp-json\/wp\/v2\/types\/product"}],"replies":[{"embeddable":true,"href":"https:\/\/rms-enlinea.com.ar\/tienda\/wp-json\/wp\/v2\/comments?post=62557"}],"wp:featuredmedia":[{"embeddable":true,"href":"https:\/\/rms-enlinea.com.ar\/tienda\/wp-json\/wp\/v2\/media\/62558"}],"wp:attachment":[{"href":"https:\/\/rms-enlinea.com.ar\/tienda\/wp-json\/wp\/v2\/media?parent=62557"}],"wp:term":[{"taxonomy":"product_brand","embeddable":true,"href":"https:\/\/rms-enlinea.com.ar\/tienda\/wp-json\/wp\/v2\/product_brand?post=62557"},{"taxonomy":"product_cat","embeddable":true,"href":"https:\/\/rms-enlinea.com.ar\/tienda\/wp-json\/wp\/v2\/product_cat?post=62557"},{"taxonomy":"product_tag","embeddable":true,"href":"https:\/\/rms-enlinea.com.ar\/tienda\/wp-json\/wp\/v2\/product_tag?post=62557"}],"curies":[{"name":"wp","href":"https:\/\/api.w.org\/{rel}","templated":true}]}}