{"id":62560,"date":"2026-04-03T19:10:31","date_gmt":"2026-04-03T22:10:31","guid":{"rendered":"https:\/\/rms-enlinea.com.ar\/tienda\/producto\/memoria-ddr4-hiksemi-8gb-rgb-3200mhz-future-rgb\/"},"modified":"2026-04-17T20:30:45","modified_gmt":"2026-04-17T23:30:45","slug":"memoria-ddr4-hiksemi-8gb-rgb-3200mhz-future-rgb","status":"publish","type":"product","link":"https:\/\/rms-enlinea.com.ar\/tienda\/producto\/memoria-ddr4-hiksemi-8gb-rgb-3200mhz-future-rgb\/","title":{"rendered":"Memoria Ddr4 Hiksemi 8gb Rgb 3200mhz Future Rgb"},"content":{"rendered":"<p>Descripci\u00f3n<br \/>\nM\u00c1S SERVICIOS<br \/>\nModel<br \/>\nHS-Udimm-FUTURE(RGB)<br \/>\nCapacity<br \/>\n8GB<br \/>\nInterface<br \/>\nDDR4<br \/>\nFrequency<br \/>\n3200<br \/>\nPin<br \/>\n288pin<br \/>\nSize(L\u00d7W\u00d7H mm)<br \/>\n133.25*31.25*1.4 \/ 133.25*31.25*3.77<br \/>\nOperation temperature<br \/>\n0 \u00b0C to 85 \u00b0C (32 \u00b0Fto185 \u00b0F)<br \/>\nLimited warranty period<br \/>\nLifetime warranty<br \/>\nWeight<br \/>\n70g<\/p>\n","protected":false},"excerpt":{"rendered":"<p>Descripci\u00f3n M\u00c1S SERVICIOS Model HS-Udimm-FUTURE(RGB) Capacity 8GB Interface DDR4 Frequency 3200 Pin 288pin Size(L\u00d7W\u00d7H mm) 133.25*31.25*1.4 \/ 133.25*31.25*3.77 Operation temperature 0 \u00b0C to 85 \u00b0C (32 \u00b0Fto185 \u00b0F) Limited warranty period Lifetime warranty Weight 70g<\/p>\n","protected":false},"featured_media":4631,"comment_status":"open","ping_status":"closed","template":"","meta":{"_uag_custom_page_level_css":""},"product_brand":[560],"product_cat":[112,15],"product_tag":[],"class_list":{"0":"post-62560","1":"product","2":"type-product","3":"status-publish","4":"has-post-thumbnail","6":"product_brand-hiksemi","7":"product_cat-mamorias","8":"product_cat-sin-categorizar","10":"first","11":"instock","12":"sale","13":"taxable","14":"shipping-taxable","15":"purchasable","16":"product-type-simple"},"uagb_featured_image_src":{"full":["https:\/\/rms-enlinea.com.ar\/wp-content\/uploads\/2025\/06\/D_813960-MLU77609920736_072024-F.jpg",969,318,false],"thumbnail":["https:\/\/rms-enlinea.com.ar\/wp-content\/uploads\/2025\/06\/D_813960-MLU77609920736_072024-F-150x150.jpg",150,150,true],"medium":["https:\/\/rms-enlinea.com.ar\/wp-content\/uploads\/2025\/06\/D_813960-MLU77609920736_072024-F-300x98.jpg",300,98,true],"medium_large":["https:\/\/rms-enlinea.com.ar\/wp-content\/uploads\/2025\/06\/D_813960-MLU77609920736_072024-F-768x252.jpg",768,252,true],"large":["https:\/\/rms-enlinea.com.ar\/wp-content\/uploads\/2025\/06\/D_813960-MLU77609920736_072024-F.jpg",969,318,false],"1536x1536":["https:\/\/rms-enlinea.com.ar\/wp-content\/uploads\/2025\/06\/D_813960-MLU77609920736_072024-F.jpg",969,318,false],"2048x2048":["https:\/\/rms-enlinea.com.ar\/wp-content\/uploads\/2025\/06\/D_813960-MLU77609920736_072024-F.jpg",969,318,false],"woocommerce_thumbnail":["https:\/\/rms-enlinea.com.ar\/wp-content\/uploads\/2025\/06\/D_813960-MLU77609920736_072024-F-450x318.jpg",450,318,true],"woocommerce_single":["https:\/\/rms-enlinea.com.ar\/wp-content\/uploads\/2025\/06\/D_813960-MLU77609920736_072024-F-600x197.jpg",600,197,true],"woocommerce_gallery_thumbnail":["https:\/\/rms-enlinea.com.ar\/wp-content\/uploads\/2025\/06\/D_813960-MLU77609920736_072024-F-100x100.jpg",100,100,true]},"uagb_author_info":{"display_name":"nelson","author_link":"https:\/\/rms-enlinea.com.ar\/tienda\/author\/"},"uagb_comment_info":0,"uagb_excerpt":"Descripci\u00f3n M\u00c1S SERVICIOS Model HS-Udimm-FUTURE(RGB) Capacity 8GB Interface DDR4 Frequency 3200 Pin 288pin Size(L\u00d7W\u00d7H mm) 133.25*31.25*1.4 \/ 133.25*31.25*3.77 Operation temperature 0 \u00b0C to 85 \u00b0C (32 \u00b0Fto185 \u00b0F) Limited warranty period Lifetime warranty Weight 70g","_links":{"self":[{"href":"https:\/\/rms-enlinea.com.ar\/tienda\/wp-json\/wp\/v2\/product\/62560","targetHints":{"allow":["GET"]}}],"collection":[{"href":"https:\/\/rms-enlinea.com.ar\/tienda\/wp-json\/wp\/v2\/product"}],"about":[{"href":"https:\/\/rms-enlinea.com.ar\/tienda\/wp-json\/wp\/v2\/types\/product"}],"replies":[{"embeddable":true,"href":"https:\/\/rms-enlinea.com.ar\/tienda\/wp-json\/wp\/v2\/comments?post=62560"}],"wp:featuredmedia":[{"embeddable":true,"href":"https:\/\/rms-enlinea.com.ar\/tienda\/wp-json\/wp\/v2\/media\/4631"}],"wp:attachment":[{"href":"https:\/\/rms-enlinea.com.ar\/tienda\/wp-json\/wp\/v2\/media?parent=62560"}],"wp:term":[{"taxonomy":"product_brand","embeddable":true,"href":"https:\/\/rms-enlinea.com.ar\/tienda\/wp-json\/wp\/v2\/product_brand?post=62560"},{"taxonomy":"product_cat","embeddable":true,"href":"https:\/\/rms-enlinea.com.ar\/tienda\/wp-json\/wp\/v2\/product_cat?post=62560"},{"taxonomy":"product_tag","embeddable":true,"href":"https:\/\/rms-enlinea.com.ar\/tienda\/wp-json\/wp\/v2\/product_tag?post=62560"}],"curies":[{"name":"wp","href":"https:\/\/api.w.org\/{rel}","templated":true}]}}