{"id":62561,"date":"2026-04-03T19:30:22","date_gmt":"2026-04-03T22:30:22","guid":{"rendered":"https:\/\/rms-enlinea.com.ar\/tienda\/producto\/fuente-de-alimentacion-para-pc-msi-mag-a550bn-550w-negra-negro\/"},"modified":"2026-04-21T05:43:56","modified_gmt":"2026-04-21T08:43:56","slug":"fuente-de-alimentacion-para-pc-msi-mag-a550bn-550w-negra-negro","status":"publish","type":"product","link":"https:\/\/rms-enlinea.com.ar\/tienda\/producto\/fuente-de-alimentacion-para-pc-msi-mag-a550bn-550w-negra-negro\/","title":{"rendered":"Fuente Msi Mag A550bn 550w 80 Plus Bronce"},"content":{"rendered":"<p>Con la fuente de alimentaci\u00f3n MSI MAG A550BN podr\u00e1s asegurar la corriente continua y estable de tu computadora de escritorio y optimizar el funcionamiento de sus componentes.<\/p>\n<p>Control de temperatura<br \/>\nA trav\u00e9s de su sistema de refrigeraci\u00f3n, podr\u00e1s mantener la temperatura ideal de sus componentes y evitar su sobrecalentamiento.<\/p>\n<p>Sin ruido ni distracciones<br \/>\nDebido a su funcionamiento silencioso, tu equipo operar\u00e1 minimizando el nivel de ruido, para que tu jornada sea m\u00e1s agradable.<\/p>\n<p>Protecci\u00f3n asegurada<br \/>\nEl sistema de protecci\u00f3n OPP realiza un monitoreo constante de la corriente y, en caso de detectar una sobrecarga de energ\u00eda, apaga el dispositivo para evitar da\u00f1os.<\/p>\n","protected":false},"excerpt":{"rendered":"<p>Con la fuente de alimentaci\u00f3n MSI MAG A550BN podr\u00e1s asegurar la corriente continua y estable de tu computadora de escritorio y optimizar el funcionamiento de sus componentes. Control de temperatura A trav\u00e9s de su sistema de refrigeraci\u00f3n, podr\u00e1s mantener la temperatura ideal de sus componentes y evitar su sobrecalentamiento. Sin ruido ni distracciones Debido a [&hellip;]<\/p>\n","protected":false},"featured_media":29490,"comment_status":"open","ping_status":"closed","template":"","meta":{"_uag_custom_page_level_css":""},"product_brand":[557],"product_cat":[108,15],"product_tag":[],"class_list":{"0":"post-62561","1":"product","2":"type-product","3":"status-publish","4":"has-post-thumbnail","6":"product_brand-msi","7":"product_cat-fuentes-y-cargadores","8":"product_cat-sin-categorizar","10":"first","11":"outofstock","12":"sale","13":"taxable","14":"shipping-taxable","15":"purchasable","16":"product-type-simple"},"uagb_featured_image_src":{"full":["https:\/\/rms-enlinea.com.ar\/wp-content\/uploads\/2025\/06\/D_816067-MLU69146133737_042023-F.jpg",459,500,false],"thumbnail":["https:\/\/rms-enlinea.com.ar\/wp-content\/uploads\/2025\/06\/D_816067-MLU69146133737_042023-F-150x150.jpg",150,150,true],"medium":["https:\/\/rms-enlinea.com.ar\/wp-content\/uploads\/2025\/06\/D_816067-MLU69146133737_042023-F-275x300.jpg",275,300,true],"medium_large":["https:\/\/rms-enlinea.com.ar\/wp-content\/uploads\/2025\/06\/D_816067-MLU69146133737_042023-F.jpg",459,500,false],"large":["https:\/\/rms-enlinea.com.ar\/wp-content\/uploads\/2025\/06\/D_816067-MLU69146133737_042023-F.jpg",459,500,false],"1536x1536":["https:\/\/rms-enlinea.com.ar\/wp-content\/uploads\/2025\/06\/D_816067-MLU69146133737_042023-F.jpg",459,500,false],"2048x2048":["https:\/\/rms-enlinea.com.ar\/wp-content\/uploads\/2025\/06\/D_816067-MLU69146133737_042023-F.jpg",459,500,false],"woocommerce_thumbnail":["https:\/\/rms-enlinea.com.ar\/wp-content\/uploads\/2025\/06\/D_816067-MLU69146133737_042023-F-450x450.jpg",450,450,true],"woocommerce_single":["https:\/\/rms-enlinea.com.ar\/wp-content\/uploads\/2025\/06\/D_816067-MLU69146133737_042023-F.jpg",459,500,false],"woocommerce_gallery_thumbnail":["https:\/\/rms-enlinea.com.ar\/wp-content\/uploads\/2025\/06\/D_816067-MLU69146133737_042023-F-100x100.jpg",100,100,true]},"uagb_author_info":{"display_name":"nelson","author_link":"https:\/\/rms-enlinea.com.ar\/tienda\/author\/"},"uagb_comment_info":0,"uagb_excerpt":"Con la fuente de alimentaci\u00f3n MSI MAG A550BN podr\u00e1s asegurar la corriente continua y estable de tu computadora de escritorio y optimizar el funcionamiento de sus componentes. Control de temperatura A trav\u00e9s de su sistema de refrigeraci\u00f3n, podr\u00e1s mantener la temperatura ideal de sus componentes y evitar su sobrecalentamiento. Sin ruido ni distracciones Debido a&hellip;","_links":{"self":[{"href":"https:\/\/rms-enlinea.com.ar\/tienda\/wp-json\/wp\/v2\/product\/62561","targetHints":{"allow":["GET"]}}],"collection":[{"href":"https:\/\/rms-enlinea.com.ar\/tienda\/wp-json\/wp\/v2\/product"}],"about":[{"href":"https:\/\/rms-enlinea.com.ar\/tienda\/wp-json\/wp\/v2\/types\/product"}],"replies":[{"embeddable":true,"href":"https:\/\/rms-enlinea.com.ar\/tienda\/wp-json\/wp\/v2\/comments?post=62561"}],"wp:featuredmedia":[{"embeddable":true,"href":"https:\/\/rms-enlinea.com.ar\/tienda\/wp-json\/wp\/v2\/media\/29490"}],"wp:attachment":[{"href":"https:\/\/rms-enlinea.com.ar\/tienda\/wp-json\/wp\/v2\/media?parent=62561"}],"wp:term":[{"taxonomy":"product_brand","embeddable":true,"href":"https:\/\/rms-enlinea.com.ar\/tienda\/wp-json\/wp\/v2\/product_brand?post=62561"},{"taxonomy":"product_cat","embeddable":true,"href":"https:\/\/rms-enlinea.com.ar\/tienda\/wp-json\/wp\/v2\/product_cat?post=62561"},{"taxonomy":"product_tag","embeddable":true,"href":"https:\/\/rms-enlinea.com.ar\/tienda\/wp-json\/wp\/v2\/product_tag?post=62561"}],"curies":[{"name":"wp","href":"https:\/\/api.w.org\/{rel}","templated":true}]}}