{"id":62608,"date":"2026-04-06T14:41:18","date_gmt":"2026-04-06T17:41:18","guid":{"rendered":"https:\/\/rms-enlinea.com.ar\/tienda\/producto\/adaptador-speakon-speakon-hembra-a-hembra-amphenol-sp4f4fdw\/"},"modified":"2026-04-21T06:39:27","modified_gmt":"2026-04-21T09:39:27","slug":"adaptador-speakon-speakon-hembra-a-hembra-amphenol-sp4f4fdw","status":"publish","type":"product","link":"https:\/\/rms-enlinea.com.ar\/tienda\/producto\/adaptador-speakon-speakon-hembra-a-hembra-amphenol-sp4f4fdw\/","title":{"rendered":"Adaptador Speakon Speakon Hembra A Hembra Amphenol Sp4f4fdw"},"content":{"rendered":"<p>El adaptador Speakon Speakon Hembra a Hembra Amphenol Sp4f4fdw es la soluci\u00f3n ideal para quienes buscan una conexi\u00f3n segura y eficiente en sus sistemas de audio profesional. Dise\u00f1ado espec\u00edficamente para equipos de audio, parlantes y amplificadores que utilizan entradas Speakon, este conector garantiza una transmisi\u00f3n de se\u00f1al \u00f3ptima y sin interferencias.<\/p>\n<p>Fabricado con materiales de alta calidad, su revestimiento de pl\u00e1stico proporciona durabilidad y resistencia, asegurando un rendimiento confiable en diversas condiciones. La configuraci\u00f3n hembra a hembra permite una f\u00e1cil integraci\u00f3n en sistemas existentes, facilitando la expansi\u00f3n o modificaci\u00f3n de tu instalaci\u00f3n de audio.<\/p>\n<p>Con el respaldo de la reconocida marca Amphenol, este adaptador es una elecci\u00f3n confiable para t\u00e9cnicos de sonido, m\u00fasicos y entusiastas del audio. Aumenta la calidad de tu experiencia auditiva con un conector que combina funcionalidad y robustez, asegurando que tu equipo est\u00e9 siempre listo para ofrecer el mejor rendimiento.<\/p>\n","protected":false},"excerpt":{"rendered":"<p>El adaptador Speakon Speakon Hembra a Hembra Amphenol Sp4f4fdw es la soluci\u00f3n ideal para quienes buscan una conexi\u00f3n segura y eficiente en sus sistemas de audio profesional. Dise\u00f1ado espec\u00edficamente para equipos de audio, parlantes y amplificadores que utilizan entradas Speakon, este conector garantiza una transmisi\u00f3n de se\u00f1al \u00f3ptima y sin interferencias. Fabricado con materiales de [&hellip;]<\/p>\n","protected":false},"featured_media":62609,"comment_status":"open","ping_status":"closed","template":"","meta":{"_uag_custom_page_level_css":""},"product_brand":[],"product_cat":[15],"product_tag":[],"class_list":{"0":"post-62608","1":"product","2":"type-product","3":"status-publish","4":"has-post-thumbnail","6":"product_cat-sin-categorizar","8":"first","9":"outofstock","10":"sale","11":"taxable","12":"shipping-taxable","13":"purchasable","14":"product-type-simple"},"uagb_featured_image_src":{"full":["https:\/\/rms-enlinea.com.ar\/wp-content\/uploads\/2026\/04\/D_742391-MLA109232567560_042026-F.jpg",641,444,false],"thumbnail":["https:\/\/rms-enlinea.com.ar\/wp-content\/uploads\/2026\/04\/D_742391-MLA109232567560_042026-F-150x150.jpg",150,150,true],"medium":["https:\/\/rms-enlinea.com.ar\/wp-content\/uploads\/2026\/04\/D_742391-MLA109232567560_042026-F-300x208.jpg",300,208,true],"medium_large":["https:\/\/rms-enlinea.com.ar\/wp-content\/uploads\/2026\/04\/D_742391-MLA109232567560_042026-F.jpg",641,444,false],"large":["https:\/\/rms-enlinea.com.ar\/wp-content\/uploads\/2026\/04\/D_742391-MLA109232567560_042026-F.jpg",641,444,false],"1536x1536":["https:\/\/rms-enlinea.com.ar\/wp-content\/uploads\/2026\/04\/D_742391-MLA109232567560_042026-F.jpg",641,444,false],"2048x2048":["https:\/\/rms-enlinea.com.ar\/wp-content\/uploads\/2026\/04\/D_742391-MLA109232567560_042026-F.jpg",641,444,false],"woocommerce_thumbnail":["https:\/\/rms-enlinea.com.ar\/wp-content\/uploads\/2026\/04\/D_742391-MLA109232567560_042026-F-450x444.jpg",450,444,true],"woocommerce_single":["https:\/\/rms-enlinea.com.ar\/wp-content\/uploads\/2026\/04\/D_742391-MLA109232567560_042026-F-600x416.jpg",600,416,true],"woocommerce_gallery_thumbnail":["https:\/\/rms-enlinea.com.ar\/wp-content\/uploads\/2026\/04\/D_742391-MLA109232567560_042026-F-100x100.jpg",100,100,true]},"uagb_author_info":{"display_name":"","author_link":"https:\/\/rms-enlinea.com.ar\/tienda\/author\/"},"uagb_comment_info":0,"uagb_excerpt":"El adaptador Speakon Speakon Hembra a Hembra Amphenol Sp4f4fdw es la soluci\u00f3n ideal para quienes buscan una conexi\u00f3n segura y eficiente en sus sistemas de audio profesional. Dise\u00f1ado espec\u00edficamente para equipos de audio, parlantes y amplificadores que utilizan entradas Speakon, este conector garantiza una transmisi\u00f3n de se\u00f1al \u00f3ptima y sin interferencias. Fabricado con materiales de&hellip;","_links":{"self":[{"href":"https:\/\/rms-enlinea.com.ar\/tienda\/wp-json\/wp\/v2\/product\/62608","targetHints":{"allow":["GET"]}}],"collection":[{"href":"https:\/\/rms-enlinea.com.ar\/tienda\/wp-json\/wp\/v2\/product"}],"about":[{"href":"https:\/\/rms-enlinea.com.ar\/tienda\/wp-json\/wp\/v2\/types\/product"}],"replies":[{"embeddable":true,"href":"https:\/\/rms-enlinea.com.ar\/tienda\/wp-json\/wp\/v2\/comments?post=62608"}],"wp:featuredmedia":[{"embeddable":true,"href":"https:\/\/rms-enlinea.com.ar\/tienda\/wp-json\/wp\/v2\/media\/62609"}],"wp:attachment":[{"href":"https:\/\/rms-enlinea.com.ar\/tienda\/wp-json\/wp\/v2\/media?parent=62608"}],"wp:term":[{"taxonomy":"product_brand","embeddable":true,"href":"https:\/\/rms-enlinea.com.ar\/tienda\/wp-json\/wp\/v2\/product_brand?post=62608"},{"taxonomy":"product_cat","embeddable":true,"href":"https:\/\/rms-enlinea.com.ar\/tienda\/wp-json\/wp\/v2\/product_cat?post=62608"},{"taxonomy":"product_tag","embeddable":true,"href":"https:\/\/rms-enlinea.com.ar\/tienda\/wp-json\/wp\/v2\/product_tag?post=62608"}],"curies":[{"name":"wp","href":"https:\/\/api.w.org\/{rel}","templated":true}]}}