{"id":6261,"date":"2025-06-12T03:56:33","date_gmt":"2025-06-12T06:56:33","guid":{"rendered":"https:\/\/rms-enlinea.com.ar\/tienda\/producto\/soporte-p-cable-mouse-base-antideslizante-wht-vsg-hyperion\/"},"modified":"2026-04-06T14:18:05","modified_gmt":"2026-04-06T17:18:05","slug":"soporte-p-cable-mouse-base-antideslizante-wht-vsg-hyperion","status":"publish","type":"product","link":"https:\/\/rms-enlinea.com.ar\/tienda\/producto\/soporte-p-cable-mouse-base-antideslizante-wht-vsg-hyperion\/","title":{"rendered":"Soporte P\/ Cable Mouse Base Antideslizante Wht Vsg Hyperion"},"content":{"rendered":"<p>ESPECIFICACIONES T\u00c9CNICAS<br \/>BASE: ANTIDESLIZANTE<br \/>DIMENSION: 96 X 63 X 81 MM<br \/>WEIGHT: 397 G \u00b1 3 G<br \/>GENERALES<br \/>PESO: 397 G \u00b1 3 G<br \/>V\u00c1STAGO: RESORTE FLEXIBLE<br \/>DI\u00c1METRO M\u00c1XIMO DE CABLE:5 MM<\/p>\n","protected":false},"excerpt":{"rendered":"<p>ESPECIFICACIONES T\u00c9CNICASBASE: ANTIDESLIZANTEDIMENSION: 96 X 63 X 81 MMWEIGHT: 397 G \u00b1 3 GGENERALESPESO: 397 G \u00b1 3 GV\u00c1STAGO: RESORTE FLEXIBLEDI\u00c1METRO M\u00c1XIMO DE CABLE:5 MM<\/p>\n","protected":false},"featured_media":6262,"comment_status":"open","ping_status":"closed","template":"","meta":{"_uag_custom_page_level_css":""},"product_brand":[544],"product_cat":[125],"product_tag":[],"class_list":{"0":"post-6261","1":"product","2":"type-product","3":"status-publish","4":"has-post-thumbnail","6":"product_brand-vsg","7":"product_cat-teclados-y-mouses","9":"first","10":"outofstock","11":"sale","12":"taxable","13":"shipping-taxable","14":"purchasable","15":"product-type-simple"},"uagb_featured_image_src":{"full":["https:\/\/rms-enlinea.com.ar\/wp-content\/uploads\/2025\/06\/D_952036-MLA48561864794_122021-F.jpg",546,644,false],"thumbnail":["https:\/\/rms-enlinea.com.ar\/wp-content\/uploads\/2025\/06\/D_952036-MLA48561864794_122021-F-150x150.jpg",150,150,true],"medium":["https:\/\/rms-enlinea.com.ar\/wp-content\/uploads\/2025\/06\/D_952036-MLA48561864794_122021-F-254x300.jpg",254,300,true],"medium_large":["https:\/\/rms-enlinea.com.ar\/wp-content\/uploads\/2025\/06\/D_952036-MLA48561864794_122021-F.jpg",546,644,false],"large":["https:\/\/rms-enlinea.com.ar\/wp-content\/uploads\/2025\/06\/D_952036-MLA48561864794_122021-F.jpg",546,644,false],"1536x1536":["https:\/\/rms-enlinea.com.ar\/wp-content\/uploads\/2025\/06\/D_952036-MLA48561864794_122021-F.jpg",546,644,false],"2048x2048":["https:\/\/rms-enlinea.com.ar\/wp-content\/uploads\/2025\/06\/D_952036-MLA48561864794_122021-F.jpg",546,644,false],"woocommerce_thumbnail":["https:\/\/rms-enlinea.com.ar\/wp-content\/uploads\/2025\/06\/D_952036-MLA48561864794_122021-F-450x450.jpg",450,450,true],"woocommerce_single":["https:\/\/rms-enlinea.com.ar\/wp-content\/uploads\/2025\/06\/D_952036-MLA48561864794_122021-F.jpg",546,644,false],"woocommerce_gallery_thumbnail":["https:\/\/rms-enlinea.com.ar\/wp-content\/uploads\/2025\/06\/D_952036-MLA48561864794_122021-F-100x100.jpg",100,100,true]},"uagb_author_info":{"display_name":"l0071054","author_link":"https:\/\/rms-enlinea.com.ar\/tienda\/author\/"},"uagb_comment_info":0,"uagb_excerpt":"ESPECIFICACIONES T\u00c9CNICASBASE: ANTIDESLIZANTEDIMENSION: 96 X 63 X 81 MMWEIGHT: 397 G \u00b1 3 GGENERALESPESO: 397 G \u00b1 3 GV\u00c1STAGO: RESORTE FLEXIBLEDI\u00c1METRO M\u00c1XIMO DE CABLE:5 MM","_links":{"self":[{"href":"https:\/\/rms-enlinea.com.ar\/tienda\/wp-json\/wp\/v2\/product\/6261","targetHints":{"allow":["GET"]}}],"collection":[{"href":"https:\/\/rms-enlinea.com.ar\/tienda\/wp-json\/wp\/v2\/product"}],"about":[{"href":"https:\/\/rms-enlinea.com.ar\/tienda\/wp-json\/wp\/v2\/types\/product"}],"replies":[{"embeddable":true,"href":"https:\/\/rms-enlinea.com.ar\/tienda\/wp-json\/wp\/v2\/comments?post=6261"}],"wp:featuredmedia":[{"embeddable":true,"href":"https:\/\/rms-enlinea.com.ar\/tienda\/wp-json\/wp\/v2\/media\/6262"}],"wp:attachment":[{"href":"https:\/\/rms-enlinea.com.ar\/tienda\/wp-json\/wp\/v2\/media?parent=6261"}],"wp:term":[{"taxonomy":"product_brand","embeddable":true,"href":"https:\/\/rms-enlinea.com.ar\/tienda\/wp-json\/wp\/v2\/product_brand?post=6261"},{"taxonomy":"product_cat","embeddable":true,"href":"https:\/\/rms-enlinea.com.ar\/tienda\/wp-json\/wp\/v2\/product_cat?post=6261"},{"taxonomy":"product_tag","embeddable":true,"href":"https:\/\/rms-enlinea.com.ar\/tienda\/wp-json\/wp\/v2\/product_tag?post=6261"}],"curies":[{"name":"wp","href":"https:\/\/api.w.org\/{rel}","templated":true}]}}