{"id":6355,"date":"2025-06-12T03:57:54","date_gmt":"2025-06-12T06:57:54","guid":{"rendered":"https:\/\/rms-enlinea.com.ar\/tienda\/producto\/mouse-gamer-vsg-aquila-negro-rgb-usb-80g-pmw3360-2\/"},"modified":"2026-02-20T21:32:04","modified_gmt":"2026-02-21T00:32:04","slug":"mouse-gamer-vsg-aquila-negro-rgb-usb-80g-pmw3360-2","status":"publish","type":"product","link":"https:\/\/rms-enlinea.com.ar\/tienda\/producto\/mouse-gamer-vsg-aquila-negro-rgb-usb-80g-pmw3360-2\/","title":{"rendered":"Mouse Gamer Vsg Aquila Negro Rgb Usb 80g Pmw3360"},"content":{"rendered":"<p>Para trabajar desde casa con la computadora o aprovechar los momentos de ocio, necesit\u00e1s comodidad y facilidad de movimiento. Con tu VSG Aquila encontr\u00e1 eso que busc\u00e1s en un solo aparato con la mejor tecnolog\u00eda.<\/p>\n<p>La funcionalidad al alcance de tu mano<br \/>El sistema de detecci\u00f3n de movimiento \u00f3ptico te permitir\u00e1 mover el cursor de una manera m\u00e1s precisa y sensible que en los sistemas tradicionales.<\/p>\n<p>Plug And Play<br \/>Solo deb\u00e9s colocar el receptor en un puerto USB de la computadora y ya pod\u00e9s empezar a usarlo. No hace falta emparejar el mouse ni descargar software para utilizarlo.<\/p>\n<p>Apto para f\u00e1cil traslado<br \/>Naveg\u00e1 r\u00e1pidamente por documentos y p\u00e1ginas web gracias su dise\u00f1o ultra delgado, ergon\u00f3mico, liviano y conveniente para llevar a donde quieras o viajar.<\/p>\n<p>MODELO AQUILA<br \/>C\u00d3DIGO SKU: VG-M717<br \/>EMPAQUE(MM)LARGOXANCHOXPROF: 190X140X50<br \/>TIPO DE MOUSE: AL\u00c1MBRICO<br \/>SENSOR MARCA: PIXART<br \/>SENSOR REF: PMW3360<br \/>SENSOR TIPO: \u00d3PTICO<br \/>VELOCIDAD (IPS): 250<br \/>ACELERACI\u00d3N: 50<br \/>TASA DE SONDEO POR DEFECTO: 500<br \/>TASAS DE SONDEO: 125\/250\/500\/1000<br \/>CPI PREDETERMINADOS: 400\/800\/1200\/2400\/3200\/6400\/12000<br \/>PESO: 80<br \/>DIMENSIONES: 66X120X42<br \/>INTERRUPTORES PRINCIPALES: OMRON<br \/>DURABILIDAD: 20<br \/>CABLE: PARACORD<br \/>LONGITUD: 1.8M<br \/>ILUMINACI\u00d3N: RGB<br \/>EFECTOS: 5 <br \/>BOTONES: 6<\/p>\n","protected":false},"excerpt":{"rendered":"<p>Para trabajar desde casa con la computadora o aprovechar los momentos de ocio, necesit\u00e1s comodidad y facilidad de movimiento. Con tu VSG Aquila encontr\u00e1 eso que busc\u00e1s en un solo aparato con la mejor tecnolog\u00eda. La funcionalidad al alcance de tu manoEl sistema de detecci\u00f3n de movimiento \u00f3ptico te permitir\u00e1 mover el cursor de una [&hellip;]<\/p>\n","protected":false},"featured_media":6356,"comment_status":"open","ping_status":"closed","template":"","meta":{"_uag_custom_page_level_css":""},"product_brand":[544],"product_cat":[125],"product_tag":[],"class_list":{"0":"post-6355","1":"product","2":"type-product","3":"status-publish","4":"has-post-thumbnail","6":"product_brand-vsg","7":"product_cat-teclados-y-mouses","9":"first","10":"outofstock","11":"sale","12":"taxable","13":"shipping-taxable","14":"purchasable","15":"product-type-simple"},"uagb_featured_image_src":{"full":["https:\/\/rms-enlinea.com.ar\/wp-content\/uploads\/2025\/06\/D_935550-MLA52993945593_122022-F.jpg",278,500,false],"thumbnail":["https:\/\/rms-enlinea.com.ar\/wp-content\/uploads\/2025\/06\/D_935550-MLA52993945593_122022-F-150x150.jpg",150,150,true],"medium":["https:\/\/rms-enlinea.com.ar\/wp-content\/uploads\/2025\/06\/D_935550-MLA52993945593_122022-F-167x300.jpg",167,300,true],"medium_large":["https:\/\/rms-enlinea.com.ar\/wp-content\/uploads\/2025\/06\/D_935550-MLA52993945593_122022-F.jpg",278,500,false],"large":["https:\/\/rms-enlinea.com.ar\/wp-content\/uploads\/2025\/06\/D_935550-MLA52993945593_122022-F.jpg",278,500,false],"1536x1536":["https:\/\/rms-enlinea.com.ar\/wp-content\/uploads\/2025\/06\/D_935550-MLA52993945593_122022-F.jpg",278,500,false],"2048x2048":["https:\/\/rms-enlinea.com.ar\/wp-content\/uploads\/2025\/06\/D_935550-MLA52993945593_122022-F.jpg",278,500,false],"woocommerce_thumbnail":["https:\/\/rms-enlinea.com.ar\/wp-content\/uploads\/2025\/06\/D_935550-MLA52993945593_122022-F-278x450.jpg",278,450,true],"woocommerce_single":["https:\/\/rms-enlinea.com.ar\/wp-content\/uploads\/2025\/06\/D_935550-MLA52993945593_122022-F.jpg",278,500,false],"woocommerce_gallery_thumbnail":["https:\/\/rms-enlinea.com.ar\/wp-content\/uploads\/2025\/06\/D_935550-MLA52993945593_122022-F-100x100.jpg",100,100,true]},"uagb_author_info":{"display_name":"l0071054","author_link":"https:\/\/rms-enlinea.com.ar\/tienda\/author\/"},"uagb_comment_info":0,"uagb_excerpt":"Para trabajar desde casa con la computadora o aprovechar los momentos de ocio, necesit\u00e1s comodidad y facilidad de movimiento. Con tu VSG Aquila encontr\u00e1 eso que busc\u00e1s en un solo aparato con la mejor tecnolog\u00eda. La funcionalidad al alcance de tu manoEl sistema de detecci\u00f3n de movimiento \u00f3ptico te permitir\u00e1 mover el cursor de una&hellip;","_links":{"self":[{"href":"https:\/\/rms-enlinea.com.ar\/tienda\/wp-json\/wp\/v2\/product\/6355","targetHints":{"allow":["GET"]}}],"collection":[{"href":"https:\/\/rms-enlinea.com.ar\/tienda\/wp-json\/wp\/v2\/product"}],"about":[{"href":"https:\/\/rms-enlinea.com.ar\/tienda\/wp-json\/wp\/v2\/types\/product"}],"replies":[{"embeddable":true,"href":"https:\/\/rms-enlinea.com.ar\/tienda\/wp-json\/wp\/v2\/comments?post=6355"}],"wp:featuredmedia":[{"embeddable":true,"href":"https:\/\/rms-enlinea.com.ar\/tienda\/wp-json\/wp\/v2\/media\/6356"}],"wp:attachment":[{"href":"https:\/\/rms-enlinea.com.ar\/tienda\/wp-json\/wp\/v2\/media?parent=6355"}],"wp:term":[{"taxonomy":"product_brand","embeddable":true,"href":"https:\/\/rms-enlinea.com.ar\/tienda\/wp-json\/wp\/v2\/product_brand?post=6355"},{"taxonomy":"product_cat","embeddable":true,"href":"https:\/\/rms-enlinea.com.ar\/tienda\/wp-json\/wp\/v2\/product_cat?post=6355"},{"taxonomy":"product_tag","embeddable":true,"href":"https:\/\/rms-enlinea.com.ar\/tienda\/wp-json\/wp\/v2\/product_tag?post=6355"}],"curies":[{"name":"wp","href":"https:\/\/api.w.org\/{rel}","templated":true}]}}