{"id":6577,"date":"2025-06-12T04:02:42","date_gmt":"2025-06-12T07:02:42","guid":{"rendered":"https:\/\/rms-enlinea.com.ar\/tienda\/producto\/procesador-amd-ryzen-5-4500-am4-s-video-c-cooler-6-nucleos\/"},"modified":"2026-05-04T10:32:03","modified_gmt":"2026-05-04T13:32:03","slug":"procesador-amd-ryzen-5-4500-am4-s-video-c-cooler-6-nucleos","status":"publish","type":"product","link":"https:\/\/rms-enlinea.com.ar\/tienda\/producto\/procesador-amd-ryzen-5-4500-am4-s-video-c-cooler-6-nucleos\/","title":{"rendered":"Procesador Amd Ryzen 5 4500 Am4 S\/video C\/cooler 6 Nucleos"},"content":{"rendered":"<p>Plataforma: Computadora de escritorio<\/p>\n<p>Familia de productos: AMD Ryzen\u2122 Processors<\/p>\n<p>L\u00ednea de productos: AMD Ryzen\u2122 5 Desktop Processors<\/p>\n<p># de n\u00facleos de CPU: 6<\/p>\n<p># de hilos: 12<\/p>\n<p>Reloj de aumento m\u00e1ximo: Hasta 4.1GHz<\/p>\n<p>Reloj base: 3.6GHz<\/p>\n<p>Cach\u00e9 L1 total: 384KB<\/p>\n<p>Cach\u00e9 L2 total: 3MB<\/p>\n<p>Cach\u00e9 L3 total: 8MB<\/p>\n<p>TDP\/TDP predeterminado: 65W<\/p>\n<p>Processor Technology for CPU Cores: TSMC 7nm FinFET<\/p>\n<p>Desbloqueados: S\u00ed<\/p>\n<p>CPU Socket: AM4<\/p>\n<p>N\u00famero de sockets: 1P<\/p>\n<p>Soluci\u00f3n t\u00e9rmica (PIB): AMD Wraith Stealth<\/p>\n<p>Temp. m\u00e1xima: 95\u00b0C<\/p>\n<p>Launch Date: 4\/4\/2022<\/p>\n<p>*Compatible con SO:<\/p>\n<p>Windows 11 &#8211; Edici\u00f3n de 64-bits<\/p>\n<p>Windows 10 edici\u00f3n de 64\u00b7bits<\/p>\n<p>RHEL x86 edici\u00f3n de 64\u00b7bits<\/p>\n<p>Ubuntu x86 edici\u00f3n de 64\u00b7bits<\/p>\n<p>*El soporte del sistema operativo (SO) variar\u00e1 seg\u00fan el fabricante.<\/p>\n","protected":false},"excerpt":{"rendered":"<p>Plataforma: Computadora de escritorio Familia de productos: AMD Ryzen\u2122 Processors L\u00ednea de productos: AMD Ryzen\u2122 5 Desktop Processors # de n\u00facleos de CPU: 6 # de hilos: 12 Reloj de aumento m\u00e1ximo: Hasta 4.1GHz Reloj base: 3.6GHz Cach\u00e9 L1 total: 384KB Cach\u00e9 L2 total: 3MB Cach\u00e9 L3 total: 8MB TDP\/TDP predeterminado: 65W Processor Technology for [&hellip;]<\/p>\n","protected":false},"featured_media":6578,"comment_status":"open","ping_status":"closed","template":"","meta":{"_uag_custom_page_level_css":""},"product_brand":[531],"product_cat":[121],"product_tag":[],"class_list":{"0":"post-6577","1":"product","2":"type-product","3":"status-publish","4":"has-post-thumbnail","6":"product_brand-amd","7":"product_cat-procesadores-computacion","9":"first","10":"outofstock","11":"sale","12":"taxable","13":"shipping-taxable","14":"purchasable","15":"product-type-simple"},"uagb_featured_image_src":{"full":["https:\/\/rms-enlinea.com.ar\/wp-content\/uploads\/2025\/06\/D_674919-MLA79596481239_092024-F.jpg",1109,1200,false],"thumbnail":["https:\/\/rms-enlinea.com.ar\/wp-content\/uploads\/2025\/06\/D_674919-MLA79596481239_092024-F-150x150.jpg",150,150,true],"medium":["https:\/\/rms-enlinea.com.ar\/wp-content\/uploads\/2025\/06\/D_674919-MLA79596481239_092024-F-277x300.jpg",277,300,true],"medium_large":["https:\/\/rms-enlinea.com.ar\/wp-content\/uploads\/2025\/06\/D_674919-MLA79596481239_092024-F-768x831.jpg",768,831,true],"large":["https:\/\/rms-enlinea.com.ar\/wp-content\/uploads\/2025\/06\/D_674919-MLA79596481239_092024-F-946x1024.jpg",946,1024,true],"1536x1536":["https:\/\/rms-enlinea.com.ar\/wp-content\/uploads\/2025\/06\/D_674919-MLA79596481239_092024-F.jpg",1109,1200,false],"2048x2048":["https:\/\/rms-enlinea.com.ar\/wp-content\/uploads\/2025\/06\/D_674919-MLA79596481239_092024-F.jpg",1109,1200,false],"woocommerce_thumbnail":["https:\/\/rms-enlinea.com.ar\/wp-content\/uploads\/2025\/06\/D_674919-MLA79596481239_092024-F-450x450.jpg",450,450,true],"woocommerce_single":["https:\/\/rms-enlinea.com.ar\/wp-content\/uploads\/2025\/06\/D_674919-MLA79596481239_092024-F-600x649.jpg",600,649,true],"woocommerce_gallery_thumbnail":["https:\/\/rms-enlinea.com.ar\/wp-content\/uploads\/2025\/06\/D_674919-MLA79596481239_092024-F-100x100.jpg",100,100,true]},"uagb_author_info":{"display_name":"l0071054","author_link":"https:\/\/rms-enlinea.com.ar\/tienda\/author\/"},"uagb_comment_info":0,"uagb_excerpt":"Plataforma: Computadora de escritorio Familia de productos: AMD Ryzen\u2122 Processors L\u00ednea de productos: AMD Ryzen\u2122 5 Desktop Processors # de n\u00facleos de CPU: 6 # de hilos: 12 Reloj de aumento m\u00e1ximo: Hasta 4.1GHz Reloj base: 3.6GHz Cach\u00e9 L1 total: 384KB Cach\u00e9 L2 total: 3MB Cach\u00e9 L3 total: 8MB TDP\/TDP predeterminado: 65W Processor Technology for&hellip;","_links":{"self":[{"href":"https:\/\/rms-enlinea.com.ar\/tienda\/wp-json\/wp\/v2\/product\/6577","targetHints":{"allow":["GET"]}}],"collection":[{"href":"https:\/\/rms-enlinea.com.ar\/tienda\/wp-json\/wp\/v2\/product"}],"about":[{"href":"https:\/\/rms-enlinea.com.ar\/tienda\/wp-json\/wp\/v2\/types\/product"}],"replies":[{"embeddable":true,"href":"https:\/\/rms-enlinea.com.ar\/tienda\/wp-json\/wp\/v2\/comments?post=6577"}],"wp:featuredmedia":[{"embeddable":true,"href":"https:\/\/rms-enlinea.com.ar\/tienda\/wp-json\/wp\/v2\/media\/6578"}],"wp:attachment":[{"href":"https:\/\/rms-enlinea.com.ar\/tienda\/wp-json\/wp\/v2\/media?parent=6577"}],"wp:term":[{"taxonomy":"product_brand","embeddable":true,"href":"https:\/\/rms-enlinea.com.ar\/tienda\/wp-json\/wp\/v2\/product_brand?post=6577"},{"taxonomy":"product_cat","embeddable":true,"href":"https:\/\/rms-enlinea.com.ar\/tienda\/wp-json\/wp\/v2\/product_cat?post=6577"},{"taxonomy":"product_tag","embeddable":true,"href":"https:\/\/rms-enlinea.com.ar\/tienda\/wp-json\/wp\/v2\/product_tag?post=6577"}],"curies":[{"name":"wp","href":"https:\/\/api.w.org\/{rel}","templated":true}]}}