{"id":6653,"date":"2025-06-12T04:04:36","date_gmt":"2025-06-12T07:04:36","guid":{"rendered":"https:\/\/rms-enlinea.com.ar\/tienda\/producto\/procesador-intel-pentium-gold-g6405-socket-1200-intel\/"},"modified":"2026-04-06T11:54:34","modified_gmt":"2026-04-06T14:54:34","slug":"procesador-intel-pentium-gold-g6405-socket-1200-intel","status":"publish","type":"product","link":"https:\/\/rms-enlinea.com.ar\/tienda\/producto\/procesador-intel-pentium-gold-g6405-socket-1200-intel\/","title":{"rendered":"Procesador Intel Pentium Gold G6405 Socket 1200 Intel"},"content":{"rendered":"<p>Conjunto de productos\tSerie de procesadores Intel\u00ae Pentium\u00ae Gold<br \/>Nombre de c\u00f3digo\tProductos anteriormente Comet Lake<br \/>Segmento vertical\tDesktop<br \/>N\u00famero de procesador\tG6405<br \/>Estado\tLaunched<br \/>Fecha de lanzamiento\tQ1&#8217;21<br \/>Litograf\u00eda\t14 nm<br \/>Condiciones de uso\tPC\/Client\/Tablet<br \/>Cantidad de n\u00facleos\t2<br \/>Cantidad de subprocesos\t4<br \/>Frecuencia b\u00e1sica del procesador\t4,10 GHz<br \/>Cach\u00e9\t4 MB Intel\u00ae Smart Cache<br \/>Velocidad del bus\t8 GT\/s<br \/>TDP\t58 W<\/p>\n","protected":false},"excerpt":{"rendered":"<p>Conjunto de productos Serie de procesadores Intel\u00ae Pentium\u00ae GoldNombre de c\u00f3digo Productos anteriormente Comet LakeSegmento vertical DesktopN\u00famero de procesador G6405Estado LaunchedFecha de lanzamiento Q1&#8217;21Litograf\u00eda 14 nmCondiciones de uso PC\/Client\/TabletCantidad de n\u00facleos 2Cantidad de subprocesos 4Frecuencia b\u00e1sica del procesador 4,10 GHzCach\u00e9 4 MB Intel\u00ae Smart CacheVelocidad del bus 8 GT\/sTDP 58 W<\/p>\n","protected":false},"featured_media":6654,"comment_status":"open","ping_status":"closed","template":"","meta":{"_uag_custom_page_level_css":""},"product_brand":[530],"product_cat":[15],"product_tag":[],"class_list":{"0":"post-6653","1":"product","2":"type-product","3":"status-publish","4":"has-post-thumbnail","6":"product_brand-intel","7":"product_cat-sin-categorizar","9":"first","10":"outofstock","11":"sale","12":"taxable","13":"shipping-taxable","14":"purchasable","15":"product-type-simple"},"uagb_featured_image_src":{"full":["https:\/\/rms-enlinea.com.ar\/wp-content\/uploads\/2025\/06\/D_818854-MLU70028245955_062023-F.jpg",640,679,false],"thumbnail":["https:\/\/rms-enlinea.com.ar\/wp-content\/uploads\/2025\/06\/D_818854-MLU70028245955_062023-F-150x150.jpg",150,150,true],"medium":["https:\/\/rms-enlinea.com.ar\/wp-content\/uploads\/2025\/06\/D_818854-MLU70028245955_062023-F-283x300.jpg",283,300,true],"medium_large":["https:\/\/rms-enlinea.com.ar\/wp-content\/uploads\/2025\/06\/D_818854-MLU70028245955_062023-F.jpg",640,679,false],"large":["https:\/\/rms-enlinea.com.ar\/wp-content\/uploads\/2025\/06\/D_818854-MLU70028245955_062023-F.jpg",640,679,false],"1536x1536":["https:\/\/rms-enlinea.com.ar\/wp-content\/uploads\/2025\/06\/D_818854-MLU70028245955_062023-F.jpg",640,679,false],"2048x2048":["https:\/\/rms-enlinea.com.ar\/wp-content\/uploads\/2025\/06\/D_818854-MLU70028245955_062023-F.jpg",640,679,false],"woocommerce_thumbnail":["https:\/\/rms-enlinea.com.ar\/wp-content\/uploads\/2025\/06\/D_818854-MLU70028245955_062023-F-450x450.jpg",450,450,true],"woocommerce_single":["https:\/\/rms-enlinea.com.ar\/wp-content\/uploads\/2025\/06\/D_818854-MLU70028245955_062023-F-600x637.jpg",600,637,true],"woocommerce_gallery_thumbnail":["https:\/\/rms-enlinea.com.ar\/wp-content\/uploads\/2025\/06\/D_818854-MLU70028245955_062023-F-100x100.jpg",100,100,true]},"uagb_author_info":{"display_name":"l0071054","author_link":"https:\/\/rms-enlinea.com.ar\/tienda\/author\/"},"uagb_comment_info":0,"uagb_excerpt":"Conjunto de productos Serie de procesadores Intel\u00ae Pentium\u00ae GoldNombre de c\u00f3digo Productos anteriormente Comet LakeSegmento vertical DesktopN\u00famero de procesador G6405Estado LaunchedFecha de lanzamiento Q1&#8217;21Litograf\u00eda 14 nmCondiciones de uso PC\/Client\/TabletCantidad de n\u00facleos 2Cantidad de subprocesos 4Frecuencia b\u00e1sica del procesador 4,10 GHzCach\u00e9 4 MB Intel\u00ae Smart CacheVelocidad del bus 8 GT\/sTDP 58 W","_links":{"self":[{"href":"https:\/\/rms-enlinea.com.ar\/tienda\/wp-json\/wp\/v2\/product\/6653","targetHints":{"allow":["GET"]}}],"collection":[{"href":"https:\/\/rms-enlinea.com.ar\/tienda\/wp-json\/wp\/v2\/product"}],"about":[{"href":"https:\/\/rms-enlinea.com.ar\/tienda\/wp-json\/wp\/v2\/types\/product"}],"replies":[{"embeddable":true,"href":"https:\/\/rms-enlinea.com.ar\/tienda\/wp-json\/wp\/v2\/comments?post=6653"}],"wp:featuredmedia":[{"embeddable":true,"href":"https:\/\/rms-enlinea.com.ar\/tienda\/wp-json\/wp\/v2\/media\/6654"}],"wp:attachment":[{"href":"https:\/\/rms-enlinea.com.ar\/tienda\/wp-json\/wp\/v2\/media?parent=6653"}],"wp:term":[{"taxonomy":"product_brand","embeddable":true,"href":"https:\/\/rms-enlinea.com.ar\/tienda\/wp-json\/wp\/v2\/product_brand?post=6653"},{"taxonomy":"product_cat","embeddable":true,"href":"https:\/\/rms-enlinea.com.ar\/tienda\/wp-json\/wp\/v2\/product_cat?post=6653"},{"taxonomy":"product_tag","embeddable":true,"href":"https:\/\/rms-enlinea.com.ar\/tienda\/wp-json\/wp\/v2\/product_tag?post=6653"}],"curies":[{"name":"wp","href":"https:\/\/api.w.org\/{rel}","templated":true}]}}