{"id":6669,"date":"2025-06-12T04:04:53","date_gmt":"2025-06-12T07:04:53","guid":{"rendered":"https:\/\/rms-enlinea.com.ar\/tienda\/producto\/procesador-intel-core-i5-10400-s1200-6-nucleos-4-30ghz\/"},"modified":"2026-03-31T19:46:57","modified_gmt":"2026-03-31T22:46:57","slug":"procesador-intel-core-i5-10400-s1200-6-nucleos-4-30ghz","status":"publish","type":"product","link":"https:\/\/rms-enlinea.com.ar\/tienda\/producto\/procesador-intel-core-i5-10400-s1200-6-nucleos-4-30ghz\/","title":{"rendered":"Procesador Intel Core I5 10400 S1200 6 Nucleos 4.30ghz"},"content":{"rendered":"<p>Conjunto de productos: Procesadores Intel\u00ae Core\u2122 i5 de 10ma Generaci\u00f3n<\/p>\n<p>Nombre de c\u00f3digo: Productos anteriormente Comet Lake<\/p>\n<p>Segmento vertical: Desktop<\/p>\n<p>N\u00famero de procesador: i5-10400<\/p>\n<p>Fecha de lanzamiento: Q2&#8217;20<\/p>\n<p>Litograf\u00eda: 14 nm<\/p>\n<p>Condiciones de uso: PC\/Client\/Tablet<\/p>\n<p>Cantidad de n\u00facleos: 6<\/p>\n<p>Cantidad de subprocesos: 12<\/p>\n<p>Frecuencia b\u00e1sica del procesador: 2,90 GHz<\/p>\n<p>Frecuencia turbo m\u00e1xima: 4,30 GHz<\/p>\n<p>Cach\u00e9: 12 MB Intel Smart Cache<\/p>\n<p>Velocidad del bus: 8 GT\/s<\/p>\n<p>Frecuencia de la Tecnolog\u00eda Intel Turbo Boost 2.0: 4.30 GHz<\/p>\n<p>TDP: 65 W<\/p>\n","protected":false},"excerpt":{"rendered":"<p>Conjunto de productos: Procesadores Intel\u00ae Core\u2122 i5 de 10ma Generaci\u00f3n Nombre de c\u00f3digo: Productos anteriormente Comet Lake Segmento vertical: Desktop N\u00famero de procesador: i5-10400 Fecha de lanzamiento: Q2&#8217;20 Litograf\u00eda: 14 nm Condiciones de uso: PC\/Client\/Tablet Cantidad de n\u00facleos: 6 Cantidad de subprocesos: 12 Frecuencia b\u00e1sica del procesador: 2,90 GHz Frecuencia turbo m\u00e1xima: 4,30 GHz Cach\u00e9: [&hellip;]<\/p>\n","protected":false},"featured_media":6670,"comment_status":"open","ping_status":"closed","template":"","meta":{"_uag_custom_page_level_css":""},"product_brand":[530],"product_cat":[15],"product_tag":[],"class_list":{"0":"post-6669","1":"product","2":"type-product","3":"status-publish","4":"has-post-thumbnail","6":"product_brand-intel","7":"product_cat-sin-categorizar","9":"first","10":"outofstock","11":"sale","12":"taxable","13":"shipping-taxable","14":"purchasable","15":"product-type-simple"},"uagb_featured_image_src":{"full":["https:\/\/rms-enlinea.com.ar\/wp-content\/uploads\/2025\/06\/D_612966-MLA42885628349_072020-F.jpg",1125,1200,false],"thumbnail":["https:\/\/rms-enlinea.com.ar\/wp-content\/uploads\/2025\/06\/D_612966-MLA42885628349_072020-F-150x150.jpg",150,150,true],"medium":["https:\/\/rms-enlinea.com.ar\/wp-content\/uploads\/2025\/06\/D_612966-MLA42885628349_072020-F-281x300.jpg",281,300,true],"medium_large":["https:\/\/rms-enlinea.com.ar\/wp-content\/uploads\/2025\/06\/D_612966-MLA42885628349_072020-F-768x819.jpg",768,819,true],"large":["https:\/\/rms-enlinea.com.ar\/wp-content\/uploads\/2025\/06\/D_612966-MLA42885628349_072020-F-960x1024.jpg",960,1024,true],"1536x1536":["https:\/\/rms-enlinea.com.ar\/wp-content\/uploads\/2025\/06\/D_612966-MLA42885628349_072020-F.jpg",1125,1200,false],"2048x2048":["https:\/\/rms-enlinea.com.ar\/wp-content\/uploads\/2025\/06\/D_612966-MLA42885628349_072020-F.jpg",1125,1200,false],"woocommerce_thumbnail":["https:\/\/rms-enlinea.com.ar\/wp-content\/uploads\/2025\/06\/D_612966-MLA42885628349_072020-F-450x450.jpg",450,450,true],"woocommerce_single":["https:\/\/rms-enlinea.com.ar\/wp-content\/uploads\/2025\/06\/D_612966-MLA42885628349_072020-F-600x640.jpg",600,640,true],"woocommerce_gallery_thumbnail":["https:\/\/rms-enlinea.com.ar\/wp-content\/uploads\/2025\/06\/D_612966-MLA42885628349_072020-F-100x100.jpg",100,100,true]},"uagb_author_info":{"display_name":"l0071054","author_link":"https:\/\/rms-enlinea.com.ar\/tienda\/author\/"},"uagb_comment_info":0,"uagb_excerpt":"Conjunto de productos: Procesadores Intel\u00ae Core\u2122 i5 de 10ma Generaci\u00f3n Nombre de c\u00f3digo: Productos anteriormente Comet Lake Segmento vertical: Desktop N\u00famero de procesador: i5-10400 Fecha de lanzamiento: Q2&#8217;20 Litograf\u00eda: 14 nm Condiciones de uso: PC\/Client\/Tablet Cantidad de n\u00facleos: 6 Cantidad de subprocesos: 12 Frecuencia b\u00e1sica del procesador: 2,90 GHz Frecuencia turbo m\u00e1xima: 4,30 GHz Cach\u00e9:&hellip;","_links":{"self":[{"href":"https:\/\/rms-enlinea.com.ar\/tienda\/wp-json\/wp\/v2\/product\/6669","targetHints":{"allow":["GET"]}}],"collection":[{"href":"https:\/\/rms-enlinea.com.ar\/tienda\/wp-json\/wp\/v2\/product"}],"about":[{"href":"https:\/\/rms-enlinea.com.ar\/tienda\/wp-json\/wp\/v2\/types\/product"}],"replies":[{"embeddable":true,"href":"https:\/\/rms-enlinea.com.ar\/tienda\/wp-json\/wp\/v2\/comments?post=6669"}],"wp:featuredmedia":[{"embeddable":true,"href":"https:\/\/rms-enlinea.com.ar\/tienda\/wp-json\/wp\/v2\/media\/6670"}],"wp:attachment":[{"href":"https:\/\/rms-enlinea.com.ar\/tienda\/wp-json\/wp\/v2\/media?parent=6669"}],"wp:term":[{"taxonomy":"product_brand","embeddable":true,"href":"https:\/\/rms-enlinea.com.ar\/tienda\/wp-json\/wp\/v2\/product_brand?post=6669"},{"taxonomy":"product_cat","embeddable":true,"href":"https:\/\/rms-enlinea.com.ar\/tienda\/wp-json\/wp\/v2\/product_cat?post=6669"},{"taxonomy":"product_tag","embeddable":true,"href":"https:\/\/rms-enlinea.com.ar\/tienda\/wp-json\/wp\/v2\/product_tag?post=6669"}],"curies":[{"name":"wp","href":"https:\/\/api.w.org\/{rel}","templated":true}]}}